{"id":10261,"date":"2026-02-27T00:06:44","date_gmt":"2026-02-27T00:06:44","guid":{"rendered":"https:\/\/nordicmart.andreevmaster.com\/product\/little-tikes-stort-picknickbord-for-barn\/"},"modified":"2026-02-27T08:02:30","modified_gmt":"2026-02-27T08:02:30","slug":"little-tikes-stort-picknickbord-for-barn","status":"publish","type":"product","link":"https:\/\/nordicmart.andreevmaster.com\/sv\/produkt\/little-tikes-stort-picknickbord-for-barn\/","title":{"rendered":"Little Tikes stort picknickbord f\u00f6r barn"},"content":{"rendered":"<p>Stort gr\u00f6nt picknickbord designat av den v\u00e4lk\u00e4nda leksakstillverkaren Little Tikes. Det helgjutna picknickbordet \u00e4r avsett f\u00f6r anv\u00e4ndning b\u00e5de inomhus och i tr\u00e4dg\u00e5rden. Det \u00e4r perfekt f\u00f6r alla typer av sysslor och lekar. Det \u00e4r en perfekt plats att koppla av eller njuta av en m\u00e5ltid utomhus. <\/p>\n<p>Egenskaper: <\/p>\n<p>* Rundade kanter garanterar ditt barns s\u00e4kerhet under lek,<br \/>\n* Produkten \u00e4r tillverkad av h\u00f6gkvalitativ, v\u00e4derbest\u00e4ndig plast,<br \/>\n* L\u00e4tt att reng\u00f6ra.* Bordet \u00e4r utformat f\u00f6r 6 barn. * Maximal vikt f\u00f6r ett barn: 36 kg. Little Tikes produkter \u00e4r k\u00e4nda och \u00e4lskade p\u00e5 alla kontinenter, i m\u00e5nga hem bland otaliga leende barn och n\u00f6jda f\u00f6r\u00e4ldrar. Little Tikes tillverkar produkter som garanterar alla n\u00f6dv\u00e4ndiga s\u00e4kerhetsstandarder. Med produktens h\u00e5llbarhet i \u00e5tanke \u00e4r leksakerna designade och tillverkade med den mest l\u00e4mpliga tekniken, n\u00e4mligen rotationsgjutning, vilket garanterar m\u00e5nga \u00e5rs lekgl\u00e4dje.<\/p>\n","protected":false},"excerpt":{"rendered":"<p>Stort gr\u00f6nt picknickbord designat av den v\u00e4lk\u00e4nda leksakstillverkaren Little Tikes. Det helgjutna picknickbordet \u00e4r avsett f\u00f6r anv\u00e4ndning b\u00e5de inomhus och i tr\u00e4dg\u00e5rden. Det \u00e4r perfekt f\u00f6r alla typer av sysslor och lekar. Det \u00e4r en perfekt plats att koppla av eller njuta av en m\u00e5ltid utomhus. Egenskaper: * Rundade kanter garanterar ditt barns s\u00e4kerhet under [&hellip;]<\/p>\n","protected":false},"featured_media":0,"comment_status":"open","ping_status":"closed","template":"","meta":[],"product_brand":[],"product_cat":[33],"product_tag":[],"class_list":{"0":"post-10261","1":"product","2":"type-product","3":"status-publish","5":"product_cat-okategoriserad","7":"first","8":"instock","9":"shipping-taxable","10":"purchasable","11":"product-type-simple"},"_links":{"self":[{"href":"https:\/\/nordicmart.andreevmaster.com\/sv\/wp-json\/wp\/v2\/product\/10261","targetHints":{"allow":["GET"]}}],"collection":[{"href":"https:\/\/nordicmart.andreevmaster.com\/sv\/wp-json\/wp\/v2\/product"}],"about":[{"href":"https:\/\/nordicmart.andreevmaster.com\/sv\/wp-json\/wp\/v2\/types\/product"}],"replies":[{"embeddable":true,"href":"https:\/\/nordicmart.andreevmaster.com\/sv\/wp-json\/wp\/v2\/comments?post=10261"}],"wp:attachment":[{"href":"https:\/\/nordicmart.andreevmaster.com\/sv\/wp-json\/wp\/v2\/media?parent=10261"}],"wp:term":[{"taxonomy":"product_brand","embeddable":true,"href":"https:\/\/nordicmart.andreevmaster.com\/sv\/wp-json\/wp\/v2\/product_brand?post=10261"},{"taxonomy":"product_cat","embeddable":true,"href":"https:\/\/nordicmart.andreevmaster.com\/sv\/wp-json\/wp\/v2\/product_cat?post=10261"},{"taxonomy":"product_tag","embeddable":true,"href":"https:\/\/nordicmart.andreevmaster.com\/sv\/wp-json\/wp\/v2\/product_tag?post=10261"}],"curies":[{"name":"wp","href":"https:\/\/api.w.org\/{rel}","templated":true}]}}