{"id":10260,"date":"2026-02-27T00:06:44","date_gmt":"2026-02-27T00:06:44","guid":{"rendered":"https:\/\/nordicmart.andreevmaster.com\/product\/falk-balanscykel-quiet-wheels-motor-prem1er-retro-svart-12m\/"},"modified":"2026-02-27T08:02:30","modified_gmt":"2026-02-27T08:02:30","slug":"falk-balanscykel-quiet-wheels-motor-prem1er-retro-svart-12m","status":"publish","type":"product","link":"https:\/\/nordicmart.andreevmaster.com\/sv\/produkt\/falk-balanscykel-quiet-wheels-motor-prem1er-retro-svart-12m\/","title":{"rendered":"FALK Balanscykel Quiet Wheels Motor Prem1er Retro Svart 12m+"},"content":{"rendered":"<p>En ny version av den bed\u00e5rande Falk-motorcykeln. Utrustad med stora hjul som ger ditt barn n\u00f6dv\u00e4ndig stabilitet och en elastomerbel\u00e4ggning som g\u00f6r den mer motst\u00e5ndskraftig mot repor och andra skador. Perfekt f\u00f6r anv\u00e4ndning b\u00e5de inomhus och utomhus.<\/p>\n<p>Egenskaper:<\/p>\n<p>* &#8211; F\u00f6r barn fr\u00e5n 1 \u00e5r<br \/>\n* &#8211; Maximal belastning upp till 25 kg<br \/>\n* &#8211; Tysta och halkfria hjul<br \/>\n* &#8211; Hjulen l\u00e4mnar inga m\u00e4rken p\u00e5 golvet<br \/>\n* &#8211; Vridbart ratt<br \/>\n* &#8211; Tut i ratten<br \/>\n* &#8211; \u00c5kbar leksak i retrostil<br \/>\n* &#8211; Belagd med elastomerbel\u00e4ggning<br \/>\n* &#8211; Breda hjul f\u00f6r en k\u00e4nsla av trygghet<br \/>\n* &#8211; Ditt barn tr\u00e4nar balans och motorik<\/p>\n<p>Leksaken utvecklar:<\/p>\n<p>* &#8211; Balans<br \/>\n* &#8211; Motorik<br \/>\n* &#8211; Motorisk koordination<br \/>\n* &#8211; Barnets sj\u00e4lvst\u00e4ndighet<br \/>\n* &#8211; Fysisk aktivitet<br \/>\n* &#8211; Fantasi och kreativitet<br \/>\n* &#8211; Koncentrationsf\u00f6rm\u00e5ga<br \/>\n* &#8211; Rumslig orientering<\/p>\n","protected":false},"excerpt":{"rendered":"<p>En ny version av den bed\u00e5rande Falk-motorcykeln. Utrustad med stora hjul som ger ditt barn n\u00f6dv\u00e4ndig stabilitet och en elastomerbel\u00e4ggning som g\u00f6r den mer motst\u00e5ndskraftig mot repor och andra skador. Perfekt f\u00f6r anv\u00e4ndning b\u00e5de inomhus och utomhus. Egenskaper: * &#8211; F\u00f6r barn fr\u00e5n 1 \u00e5r * &#8211; Maximal belastning upp till 25 kg * &#8211; [&hellip;]<\/p>\n","protected":false},"featured_media":0,"comment_status":"open","ping_status":"closed","template":"","meta":[],"product_brand":[],"product_cat":[33],"product_tag":[],"class_list":{"0":"post-10260","1":"product","2":"type-product","3":"status-publish","5":"product_cat-okategoriserad","7":"first","8":"instock","9":"shipping-taxable","10":"purchasable","11":"product-type-simple"},"_links":{"self":[{"href":"https:\/\/nordicmart.andreevmaster.com\/sv\/wp-json\/wp\/v2\/product\/10260","targetHints":{"allow":["GET"]}}],"collection":[{"href":"https:\/\/nordicmart.andreevmaster.com\/sv\/wp-json\/wp\/v2\/product"}],"about":[{"href":"https:\/\/nordicmart.andreevmaster.com\/sv\/wp-json\/wp\/v2\/types\/product"}],"replies":[{"embeddable":true,"href":"https:\/\/nordicmart.andreevmaster.com\/sv\/wp-json\/wp\/v2\/comments?post=10260"}],"wp:attachment":[{"href":"https:\/\/nordicmart.andreevmaster.com\/sv\/wp-json\/wp\/v2\/media?parent=10260"}],"wp:term":[{"taxonomy":"product_brand","embeddable":true,"href":"https:\/\/nordicmart.andreevmaster.com\/sv\/wp-json\/wp\/v2\/product_brand?post=10260"},{"taxonomy":"product_cat","embeddable":true,"href":"https:\/\/nordicmart.andreevmaster.com\/sv\/wp-json\/wp\/v2\/product_cat?post=10260"},{"taxonomy":"product_tag","embeddable":true,"href":"https:\/\/nordicmart.andreevmaster.com\/sv\/wp-json\/wp\/v2\/product_tag?post=10260"}],"curies":[{"name":"wp","href":"https:\/\/api.w.org\/{rel}","templated":true}]}}