{"id":10259,"date":"2026-02-27T00:06:44","date_gmt":"2026-02-27T00:06:44","guid":{"rendered":"https:\/\/nordicmart.andreevmaster.com\/product\/falk-balance-bike-quiet-wheels-motor-prem1er-retro-blue-1-2\/"},"modified":"2026-02-27T08:02:30","modified_gmt":"2026-02-27T08:02:30","slug":"falk-balance-bike-quiet-wheels-motor-prem1er-retro-blue-1-2","status":"publish","type":"product","link":"https:\/\/nordicmart.andreevmaster.com\/sv\/produkt\/falk-balance-bike-quiet-wheels-motor-prem1er-retro-blue-1-2\/","title":{"rendered":"FALK Balance Bike Quiet Wheels Motor Prem1er Retro Blue 1+"},"content":{"rendered":"<p>En ny version av den bed\u00e5rande Falk-motorcykeln. Utrustad med stora hjul som ger ditt barn n\u00f6dv\u00e4ndig stabilitet och en elastomerbel\u00e4ggning som g\u00f6r den mer motst\u00e5ndskraftig mot repor och andra skador. Perfekt f\u00f6r anv\u00e4ndning b\u00e5de inomhus och utomhus.<br \/>\nEgenskaper:<br \/>\n* &#8211; F\u00f6r barn fr\u00e5n 1 \u00e5r<br \/>\n* &#8211; Maximal belastning upp till 25 kg<br \/>\n* &#8211; Tysta och halkfria hjul<br \/>\n* &#8211; Hjul l\u00e4mnar inga m\u00e4rken p\u00e5 golvet<br \/>\n* &#8211; Vridbart ratt<br \/>\n* &#8211; Signalhorn i ratten<br \/>\n* &#8211; T\u00e4ckt med en elastomerbel\u00e4ggning<br \/>\n* &#8211; Breda hjul f\u00f6r en k\u00e4nsla av s\u00e4kerhet<br \/>\n* &#8211; Perfekt f\u00f6r inomhus- och utomhusbruk<\/p>\n<p>Satsen inneh\u00e5ller:<\/p>\n<p>* &#8211; Retrobl\u00e5 balanscykel<\/p>\n<p>Leksaken utvecklar:<\/p>\n<p>* &#8211; Motorik<br \/>\n* &#8211; Balans<br \/>\n* &#8211; Motorisk koordination<br \/>\n* &#8211; Sj\u00e4lvst\u00e4ndighet<\/p>\n","protected":false},"excerpt":{"rendered":"<p>En ny version av den bed\u00e5rande Falk-motorcykeln. Utrustad med stora hjul som ger ditt barn n\u00f6dv\u00e4ndig stabilitet och en elastomerbel\u00e4ggning som g\u00f6r den mer motst\u00e5ndskraftig mot repor och andra skador. Perfekt f\u00f6r anv\u00e4ndning b\u00e5de inomhus och utomhus. Egenskaper: * &#8211; F\u00f6r barn fr\u00e5n 1 \u00e5r * &#8211; Maximal belastning upp till 25 kg * &#8211; [&hellip;]<\/p>\n","protected":false},"featured_media":0,"comment_status":"open","ping_status":"closed","template":"","meta":[],"product_brand":[],"product_cat":[33],"product_tag":[],"class_list":{"0":"post-10259","1":"product","2":"type-product","3":"status-publish","5":"product_cat-okategoriserad","7":"first","8":"instock","9":"shipping-taxable","10":"purchasable","11":"product-type-simple"},"_links":{"self":[{"href":"https:\/\/nordicmart.andreevmaster.com\/sv\/wp-json\/wp\/v2\/product\/10259","targetHints":{"allow":["GET"]}}],"collection":[{"href":"https:\/\/nordicmart.andreevmaster.com\/sv\/wp-json\/wp\/v2\/product"}],"about":[{"href":"https:\/\/nordicmart.andreevmaster.com\/sv\/wp-json\/wp\/v2\/types\/product"}],"replies":[{"embeddable":true,"href":"https:\/\/nordicmart.andreevmaster.com\/sv\/wp-json\/wp\/v2\/comments?post=10259"}],"wp:attachment":[{"href":"https:\/\/nordicmart.andreevmaster.com\/sv\/wp-json\/wp\/v2\/media?parent=10259"}],"wp:term":[{"taxonomy":"product_brand","embeddable":true,"href":"https:\/\/nordicmart.andreevmaster.com\/sv\/wp-json\/wp\/v2\/product_brand?post=10259"},{"taxonomy":"product_cat","embeddable":true,"href":"https:\/\/nordicmart.andreevmaster.com\/sv\/wp-json\/wp\/v2\/product_cat?post=10259"},{"taxonomy":"product_tag","embeddable":true,"href":"https:\/\/nordicmart.andreevmaster.com\/sv\/wp-json\/wp\/v2\/product_tag?post=10259"}],"curies":[{"name":"wp","href":"https:\/\/api.w.org\/{rel}","templated":true}]}}