{"id":10258,"date":"2026-02-27T00:06:43","date_gmt":"2026-02-27T00:06:43","guid":{"rendered":"https:\/\/nordicmart.andreevmaster.com\/product\/falk-leksak-att-aka-pa-tysta-hjul-motor-prem1er-retro-gron-12\/"},"modified":"2026-02-27T08:02:30","modified_gmt":"2026-02-27T08:02:30","slug":"falk-leksak-att-aka-pa-tysta-hjul-motor-prem1er-retro-gron-12","status":"publish","type":"product","link":"https:\/\/nordicmart.andreevmaster.com\/sv\/produkt\/falk-leksak-att-aka-pa-tysta-hjul-motor-prem1er-retro-gron-12\/","title":{"rendered":"FALK Leksak att \u00e5ka p\u00e5 Tysta hjul Motor Prem1er Retro Gr\u00f6n 12+"},"content":{"rendered":"<p>En ny version av den charmiga balanscykeln fr\u00e5n Falk. Utrustad med stora hjul som ger barnet n\u00f6dv\u00e4ndig stabilitet och en elastomerbel\u00e4ggning som g\u00f6r cykeln mer motst\u00e5ndskraftig mot repor och andra skador. Perfekt f\u00f6r anv\u00e4ndning b\u00e5de inomhus och utomhus.<\/p>\n<p>Specifikationer:<\/p>\n<p>* &#8211; Maximal belastning upp till 25 kg<br \/>\n* &#8211; Tysta och halkfria hjul<br \/>\n* &#8211; Sv\u00e4ngbart ratt<br \/>\n* &#8211; Tut i ratten<br \/>\n* &#8211; M\u00e5tt: 63 x 26 x 39 cm<\/p>\n<p>Egenskaper:<\/p>\n<p>* &#8211; F\u00f6r barn fr\u00e5n 1 \u00e5r<br \/>\n* &#8211; Hjulen l\u00e4mnar inga m\u00e4rken p\u00e5 golvet<br \/>\n* &#8211; Leksak i retrostil att \u00e5ka p\u00e5,<br \/>\n* &#8211; Belagd med elastomerbel\u00e4ggning,<br \/>\n* &#8211; Breda hjul f\u00f6r en k\u00e4nsla av trygghet,<br \/>\n* &#8211; Din lilla \u00f6var balans och motorik<\/p>\n","protected":false},"excerpt":{"rendered":"<p>En ny version av den charmiga balanscykeln fr\u00e5n Falk. Utrustad med stora hjul som ger barnet n\u00f6dv\u00e4ndig stabilitet och en elastomerbel\u00e4ggning som g\u00f6r cykeln mer motst\u00e5ndskraftig mot repor och andra skador. Perfekt f\u00f6r anv\u00e4ndning b\u00e5de inomhus och utomhus. Specifikationer: * &#8211; Maximal belastning upp till 25 kg * &#8211; Tysta och halkfria hjul * &#8211; [&hellip;]<\/p>\n","protected":false},"featured_media":0,"comment_status":"open","ping_status":"closed","template":"","meta":[],"product_brand":[],"product_cat":[33],"product_tag":[],"class_list":{"0":"post-10258","1":"product","2":"type-product","3":"status-publish","5":"product_cat-okategoriserad","7":"first","8":"instock","9":"shipping-taxable","10":"purchasable","11":"product-type-simple"},"_links":{"self":[{"href":"https:\/\/nordicmart.andreevmaster.com\/sv\/wp-json\/wp\/v2\/product\/10258","targetHints":{"allow":["GET"]}}],"collection":[{"href":"https:\/\/nordicmart.andreevmaster.com\/sv\/wp-json\/wp\/v2\/product"}],"about":[{"href":"https:\/\/nordicmart.andreevmaster.com\/sv\/wp-json\/wp\/v2\/types\/product"}],"replies":[{"embeddable":true,"href":"https:\/\/nordicmart.andreevmaster.com\/sv\/wp-json\/wp\/v2\/comments?post=10258"}],"wp:attachment":[{"href":"https:\/\/nordicmart.andreevmaster.com\/sv\/wp-json\/wp\/v2\/media?parent=10258"}],"wp:term":[{"taxonomy":"product_brand","embeddable":true,"href":"https:\/\/nordicmart.andreevmaster.com\/sv\/wp-json\/wp\/v2\/product_brand?post=10258"},{"taxonomy":"product_cat","embeddable":true,"href":"https:\/\/nordicmart.andreevmaster.com\/sv\/wp-json\/wp\/v2\/product_cat?post=10258"},{"taxonomy":"product_tag","embeddable":true,"href":"https:\/\/nordicmart.andreevmaster.com\/sv\/wp-json\/wp\/v2\/product_tag?post=10258"}],"curies":[{"name":"wp","href":"https:\/\/api.w.org\/{rel}","templated":true}]}}