{"id":10256,"date":"2026-02-27T00:06:43","date_gmt":"2026-02-27T00:06:43","guid":{"rendered":"https:\/\/nordicmart.andreevmaster.com\/product\/little-tikes-monkey-grove-for-smabarn-lekplatsrutschkana\/"},"modified":"2026-02-27T08:02:29","modified_gmt":"2026-02-27T08:02:29","slug":"little-tikes-monkey-grove-for-smabarn-lekplatsrutschkana","status":"publish","type":"product","link":"https:\/\/nordicmart.andreevmaster.com\/sv\/produkt\/little-tikes-monkey-grove-for-smabarn-lekplatsrutschkana\/","title":{"rendered":"LITTLE TIKES Monkey Grove f\u00f6r sm\u00e5barn Lekplatsrutschkana"},"content":{"rendered":"<p>MONKEY GROVE stimulerar barns fantasi och uppmuntrar till aktiv lek i tr\u00e4dg\u00e5rden!<br \/>\nFunktioner och utrustning:<br \/>\n* H\u00e5l i v\u00e4ggarna hj\u00e4lper till att utveckla kl\u00e4ttringsf\u00f6rm\u00e5gan<br \/>\n* H\u00e5l p\u00e5 den l\u00e4gsta niv\u00e5n f\u00f6rbinder lekplatser, skapar hemliga g\u00e5ngar och erbjuder m\u00e5nga m\u00f6jligheter till lek, och sm\u00e5 uppt\u00e4cktsresande har ingen brist p\u00e5 id\u00e9er<br \/>\n* Kan monteras utan verktyg<br \/>\nLittle Tikes-produkter \u00e4r k\u00e4nda och \u00e4lskade p\u00e5 alla kontinenter, i m\u00e5nga hem, av otaliga leende barn och n\u00f6jda f\u00f6r\u00e4ldrar. Little Tikes tillverkar produkter som uppfyller alla n\u00f6dv\u00e4ndiga s\u00e4kerhetsstandarder. Med produktens h\u00e5llbarhet i \u00e5tanke \u00e4r leksakerna designade och tillverkade med den mest l\u00e4mpliga tekniken, rotationsgjutning, vilket garanterar m\u00e5nga \u00e5rs lekgl\u00e4dje.<\/p>\n","protected":false},"excerpt":{"rendered":"<p>MONKEY GROVE stimulerar barns fantasi och uppmuntrar till aktiv lek i tr\u00e4dg\u00e5rden! Funktioner och utrustning: * H\u00e5l i v\u00e4ggarna hj\u00e4lper till att utveckla kl\u00e4ttringsf\u00f6rm\u00e5gan * H\u00e5l p\u00e5 den l\u00e4gsta niv\u00e5n f\u00f6rbinder lekplatser, skapar hemliga g\u00e5ngar och erbjuder m\u00e5nga m\u00f6jligheter till lek, och sm\u00e5 uppt\u00e4cktsresande har ingen brist p\u00e5 id\u00e9er * Kan monteras utan verktyg Little [&hellip;]<\/p>\n","protected":false},"featured_media":0,"comment_status":"open","ping_status":"closed","template":"","meta":[],"product_brand":[],"product_cat":[33],"product_tag":[],"class_list":{"0":"post-10256","1":"product","2":"type-product","3":"status-publish","5":"product_cat-okategoriserad","7":"first","8":"instock","9":"shipping-taxable","10":"purchasable","11":"product-type-simple"},"_links":{"self":[{"href":"https:\/\/nordicmart.andreevmaster.com\/sv\/wp-json\/wp\/v2\/product\/10256","targetHints":{"allow":["GET"]}}],"collection":[{"href":"https:\/\/nordicmart.andreevmaster.com\/sv\/wp-json\/wp\/v2\/product"}],"about":[{"href":"https:\/\/nordicmart.andreevmaster.com\/sv\/wp-json\/wp\/v2\/types\/product"}],"replies":[{"embeddable":true,"href":"https:\/\/nordicmart.andreevmaster.com\/sv\/wp-json\/wp\/v2\/comments?post=10256"}],"wp:attachment":[{"href":"https:\/\/nordicmart.andreevmaster.com\/sv\/wp-json\/wp\/v2\/media?parent=10256"}],"wp:term":[{"taxonomy":"product_brand","embeddable":true,"href":"https:\/\/nordicmart.andreevmaster.com\/sv\/wp-json\/wp\/v2\/product_brand?post=10256"},{"taxonomy":"product_cat","embeddable":true,"href":"https:\/\/nordicmart.andreevmaster.com\/sv\/wp-json\/wp\/v2\/product_cat?post=10256"},{"taxonomy":"product_tag","embeddable":true,"href":"https:\/\/nordicmart.andreevmaster.com\/sv\/wp-json\/wp\/v2\/product_tag?post=10256"}],"curies":[{"name":"wp","href":"https:\/\/api.w.org\/{rel}","templated":true}]}}