{"id":10255,"date":"2026-02-27T00:06:43","date_gmt":"2026-02-27T00:06:43","guid":{"rendered":"https:\/\/nordicmart.andreevmaster.com\/product\/viga-traklattervagg-med-rak-rutschkana\/"},"modified":"2026-02-27T08:02:29","modified_gmt":"2026-02-27T08:02:29","slug":"viga-traklattervagg-med-rak-rutschkana","status":"publish","type":"product","link":"https:\/\/nordicmart.andreevmaster.com\/sv\/produkt\/viga-traklattervagg-med-rak-rutschkana\/","title":{"rendered":"VIGA Tr\u00e4kl\u00e4tterv\u00e4gg med rak rutschkana"},"content":{"rendered":"<p>Denna tr\u00e4kl\u00e4tterv\u00e4gg fr\u00e5n VIGA \u00e4r ett multifunktionellt element i en lekplats f\u00f6r hemmet som kan kopplas ihop med en gungbr\u00e4da (44710) och en kl\u00e4ttertriangel (44708). P\u00e5 ena sidan finns en plan yta som kan anv\u00e4ndas som rutschkana eller g\u00e5ngbro. P\u00e5 den andra sidan finns en kl\u00e4tterv\u00e4gg.<\/p>\n<p>Egenskaper:<\/p>\n<p>&#8211; leksak f\u00f6r barn fr\u00e5n 18 m\u00e5nader &#8211; passar gungbr\u00e4dan (44710) och kl\u00e4ttertriangeln (44708) &#8211; kan anv\u00e4ndas f\u00f6r att skapa en liten lekplats hemma &#8211; kan anv\u00e4ndas som rutschkana, kl\u00e4tterv\u00e4gg eller g\u00e5ngbro &#8211; tillverkad av h\u00f6gkvalitativt boktr\u00e4 och plywood<\/p>\n<p>Leksaken utvecklar:<\/p>\n<p>&#8211; grovmotorik &#8211; motorisk koordination &#8211; balanssinne<\/p>\n<p>[img-128121-left-thickbox_default]<\/p>\n<p>[img-128119-left-thickbox_default]<\/p>\n","protected":false},"excerpt":{"rendered":"<p>Denna tr\u00e4kl\u00e4tterv\u00e4gg fr\u00e5n VIGA \u00e4r ett multifunktionellt element i en lekplats f\u00f6r hemmet som kan kopplas ihop med en gungbr\u00e4da (44710) och en kl\u00e4ttertriangel (44708). P\u00e5 ena sidan finns en plan yta som kan anv\u00e4ndas som rutschkana eller g\u00e5ngbro. P\u00e5 den andra sidan finns en kl\u00e4tterv\u00e4gg. Egenskaper: &#8211; leksak f\u00f6r barn fr\u00e5n 18 m\u00e5nader &#8211; [&hellip;]<\/p>\n","protected":false},"featured_media":0,"comment_status":"open","ping_status":"closed","template":"","meta":[],"product_brand":[],"product_cat":[33],"product_tag":[],"class_list":{"0":"post-10255","1":"product","2":"type-product","3":"status-publish","5":"product_cat-okategoriserad","7":"first","8":"instock","9":"shipping-taxable","10":"purchasable","11":"product-type-simple"},"_links":{"self":[{"href":"https:\/\/nordicmart.andreevmaster.com\/sv\/wp-json\/wp\/v2\/product\/10255","targetHints":{"allow":["GET"]}}],"collection":[{"href":"https:\/\/nordicmart.andreevmaster.com\/sv\/wp-json\/wp\/v2\/product"}],"about":[{"href":"https:\/\/nordicmart.andreevmaster.com\/sv\/wp-json\/wp\/v2\/types\/product"}],"replies":[{"embeddable":true,"href":"https:\/\/nordicmart.andreevmaster.com\/sv\/wp-json\/wp\/v2\/comments?post=10255"}],"wp:attachment":[{"href":"https:\/\/nordicmart.andreevmaster.com\/sv\/wp-json\/wp\/v2\/media?parent=10255"}],"wp:term":[{"taxonomy":"product_brand","embeddable":true,"href":"https:\/\/nordicmart.andreevmaster.com\/sv\/wp-json\/wp\/v2\/product_brand?post=10255"},{"taxonomy":"product_cat","embeddable":true,"href":"https:\/\/nordicmart.andreevmaster.com\/sv\/wp-json\/wp\/v2\/product_cat?post=10255"},{"taxonomy":"product_tag","embeddable":true,"href":"https:\/\/nordicmart.andreevmaster.com\/sv\/wp-json\/wp\/v2\/product_tag?post=10255"}],"curies":[{"name":"wp","href":"https:\/\/api.w.org\/{rel}","templated":true}]}}