{"id":10254,"date":"2026-02-27T00:06:43","date_gmt":"2026-02-27T00:06:43","guid":{"rendered":"https:\/\/nordicmart.andreevmaster.com\/product\/little-tikes-super-monkey-grove-farg-2-1-lekplatsrutschkana\/"},"modified":"2026-02-27T08:02:29","modified_gmt":"2026-02-27T08:02:29","slug":"little-tikes-super-monkey-grove-farg-2-1-lekplatsrutschkana","status":"publish","type":"product","link":"https:\/\/nordicmart.andreevmaster.com\/sv\/produkt\/little-tikes-super-monkey-grove-farg-2-1-lekplatsrutschkana\/","title":{"rendered":"Little Tikes Super Monkey Grove f\u00e4rg 2\/1 Lekplatsrutschkana"},"content":{"rendered":"<p>Super Monkey Grove fr\u00e5n det amerikanska f\u00f6retaget Little Tikes erbjuder o\u00e4ndlig kl\u00e4ttring, rutschkanor och kurrag\u00f6mma. Perfekt f\u00f6r hemmet och tr\u00e4dg\u00e5rden. L\u00e4mplig f\u00f6r gruppspel, utvecklar barns fysiska f\u00f6rm\u00e5gor. Den perfekta leksaken f\u00f6r dina barn! Perfekt inte bara p\u00e5 varma dagar! Super Monkey Grove \u00e4r den perfekta tr\u00e4dg\u00e5rdsutrustningen f\u00f6r de sm\u00e5! Energiska barn kommer att ha massor av kul med att kl\u00e4ttra och \u00e5ka nerf\u00f6r denna stora rutschkana. Barnen kan kl\u00e4ttra p\u00e5 kl\u00e4tterv\u00e4ggen och titta ut fr\u00e5n den stora plattformen. De tv\u00e5 rutschkanorna \u00e4r l\u00e4mpliga f\u00f6r barn i olika \u00e5ldrar. Den underbara kryptunneln fungerar som en &#8221;flyktlucka&#8221; under hemliga uppdrag, och det stora fortet under fl\u00e4tverket fungerar som g\u00f6mst\u00e4lle.<\/p>\n<p>Egenskaper:<\/p>\n<p>* &#8211; har tv\u00e5 rutschkanor i olika storlekar,<br \/>\n* &#8211; passar barn i olika \u00e5ldrar,<br \/>\n* &#8211; sm\u00e5barn kan kl\u00e4ttra p\u00e5 kl\u00e4tterv\u00e4ggen och sitta p\u00e5 en gigantisk plattform,<br \/>\n* &#8211; rutschkanans l\u00e4ngd: 173 cm (stor rutschkana), 100 cm (liten rutschkana),<br \/>\n* &#8211; har en kryptunnel.<\/p>\n<p>Leksaken utvecklar:<\/p>\n<p>* &#8211; barnets fysiska kondition,<br \/>\n* &#8211; koordination och balans,<br \/>\n* &#8211; motorik,<br \/>\n* &#8211; fantasi,<br \/>\n* &#8211; kreativitet.<\/p>\n<p>Little Tikes erbjuder kreativa l\u00f6sningar och h\u00e5llbarhet som g\u00f6r att barn kan leka i m\u00e5nga \u00e5r. D\u00e4rf\u00f6r \u00e4r en av f\u00f6retagets flaggskeppsprodukter Cozy Coupe\u00ae-leksaksbilen, som har glatt barn i \u00f6ver trettio \u00e5r. Sortimentet omfattar \u00e4ven leksaker fr\u00e5n f\u00f6ljande kategorier: lekstugor, hush\u00e5llsartiklar, gungor och lekplatser, gungh\u00e4star och g\u00e5stolar, m\u00f6bler, tr\u00e4dg\u00e5rdsleksaker, barnfordon, rutschkanor och kl\u00e4tterst\u00e4llningar.<\/p>\n","protected":false},"excerpt":{"rendered":"<p>Super Monkey Grove fr\u00e5n det amerikanska f\u00f6retaget Little Tikes erbjuder o\u00e4ndlig kl\u00e4ttring, rutschkanor och kurrag\u00f6mma. Perfekt f\u00f6r hemmet och tr\u00e4dg\u00e5rden. L\u00e4mplig f\u00f6r gruppspel, utvecklar barns fysiska f\u00f6rm\u00e5gor. Den perfekta leksaken f\u00f6r dina barn! Perfekt inte bara p\u00e5 varma dagar! Super Monkey Grove \u00e4r den perfekta tr\u00e4dg\u00e5rdsutrustningen f\u00f6r de sm\u00e5! Energiska barn kommer att ha massor [&hellip;]<\/p>\n","protected":false},"featured_media":0,"comment_status":"open","ping_status":"closed","template":"","meta":[],"product_brand":[],"product_cat":[33],"product_tag":[],"class_list":{"0":"post-10254","1":"product","2":"type-product","3":"status-publish","5":"product_cat-okategoriserad","7":"first","8":"instock","9":"shipping-taxable","10":"purchasable","11":"product-type-simple"},"_links":{"self":[{"href":"https:\/\/nordicmart.andreevmaster.com\/sv\/wp-json\/wp\/v2\/product\/10254","targetHints":{"allow":["GET"]}}],"collection":[{"href":"https:\/\/nordicmart.andreevmaster.com\/sv\/wp-json\/wp\/v2\/product"}],"about":[{"href":"https:\/\/nordicmart.andreevmaster.com\/sv\/wp-json\/wp\/v2\/types\/product"}],"replies":[{"embeddable":true,"href":"https:\/\/nordicmart.andreevmaster.com\/sv\/wp-json\/wp\/v2\/comments?post=10254"}],"wp:attachment":[{"href":"https:\/\/nordicmart.andreevmaster.com\/sv\/wp-json\/wp\/v2\/media?parent=10254"}],"wp:term":[{"taxonomy":"product_brand","embeddable":true,"href":"https:\/\/nordicmart.andreevmaster.com\/sv\/wp-json\/wp\/v2\/product_brand?post=10254"},{"taxonomy":"product_cat","embeddable":true,"href":"https:\/\/nordicmart.andreevmaster.com\/sv\/wp-json\/wp\/v2\/product_cat?post=10254"},{"taxonomy":"product_tag","embeddable":true,"href":"https:\/\/nordicmart.andreevmaster.com\/sv\/wp-json\/wp\/v2\/product_tag?post=10254"}],"curies":[{"name":"wp","href":"https:\/\/api.w.org\/{rel}","templated":true}]}}