{"id":10253,"date":"2026-02-27T00:06:42","date_gmt":"2026-02-27T00:06:42","guid":{"rendered":"https:\/\/nordicmart.andreevmaster.com\/product\/little-tikes-country-garden-playhouse-2\/"},"modified":"2026-02-27T08:02:29","modified_gmt":"2026-02-27T08:02:29","slug":"little-tikes-country-garden-playhouse-2","status":"publish","type":"product","link":"https:\/\/nordicmart.andreevmaster.com\/sv\/produkt\/little-tikes-country-garden-playhouse-2\/","title":{"rendered":"Little Tikes COUNTRY GARDEN PLAYHOUSE"},"content":{"rendered":"<p>Little Tikes Lantlig lekstuga, gr\u00f6n. <\/p>\n<p>* Inuti finns ett handfat med vridkran,<br \/>\n* en spis med tryckknappar och en telefon.<br \/>\n* Huset har en d\u00f6rr, fyra f\u00f6nster och f\u00f6nsterluckor som \u00e4r l\u00e4tta att \u00f6ppna och st\u00e4nga.<\/p>\n<p>Den intrikat designade lantstugan kommer att f\u00f6lja barnen under lektiden och uppmuntra dem att g\u00e5 ut i tr\u00e4dg\u00e5rden f\u00f6r att f\u00e5 lite frisk luft. Det plastiga lantliga tr\u00e4dg\u00e5rdshuset inspirerar till kreativ lek, fr\u00e4mjar aktivitet och ger timmar av kul med andra barn.<\/p>\n<p>Little Tikes grundades 1970. Idag \u00e4r det ett av MGA Entertainments viktigaste varum\u00e4rken och finns i m\u00e5nga l\u00e4nder och kulturer runt om i v\u00e4rlden. Little Tikes produkter \u00e4r extremt popul\u00e4ra och k\u00e4nnetecknas av h\u00f6g kvalitet, s\u00e4kerhet och h\u00e5llbarhet. Rotationsgjutningsteknik anv\u00e4nds vid design och tillverkning av tr\u00e4dg\u00e5rdsleksaker \u2013 leksakerna har dubbla v\u00e4ggar som skyddar dem fr\u00e5n sol och v\u00e4der och g\u00f6r dem mer motst\u00e5ndskraftiga mot pl\u00f6tsliga st\u00f6tar. F\u00f6retaget ser till att dess produkter inspirerar till kreativt lekande, uppmuntrar till aktivitet och uppt\u00e4ckter och ger barn gl\u00e4dje, vilket \u00e4r anledningen till att det i \u00e5ratal har \u00e5tnjutit f\u00f6rtroende fr\u00e5n f\u00f6r\u00e4ldrar och g\u00e4ster i tusentals barnrum och f\u00f6rskolor. Vem k\u00e4nner inte till den numera ikoniska hammaren med ljud- och ljuseffekter?<\/p>\n","protected":false},"excerpt":{"rendered":"<p>Little Tikes Lantlig lekstuga, gr\u00f6n. * Inuti finns ett handfat med vridkran, * en spis med tryckknappar och en telefon. * Huset har en d\u00f6rr, fyra f\u00f6nster och f\u00f6nsterluckor som \u00e4r l\u00e4tta att \u00f6ppna och st\u00e4nga. Den intrikat designade lantstugan kommer att f\u00f6lja barnen under lektiden och uppmuntra dem att g\u00e5 ut i tr\u00e4dg\u00e5rden f\u00f6r [&hellip;]<\/p>\n","protected":false},"featured_media":0,"comment_status":"open","ping_status":"closed","template":"","meta":[],"product_brand":[],"product_cat":[33],"product_tag":[],"class_list":{"0":"post-10253","1":"product","2":"type-product","3":"status-publish","5":"product_cat-okategoriserad","7":"first","8":"instock","9":"shipping-taxable","10":"purchasable","11":"product-type-simple"},"_links":{"self":[{"href":"https:\/\/nordicmart.andreevmaster.com\/sv\/wp-json\/wp\/v2\/product\/10253","targetHints":{"allow":["GET"]}}],"collection":[{"href":"https:\/\/nordicmart.andreevmaster.com\/sv\/wp-json\/wp\/v2\/product"}],"about":[{"href":"https:\/\/nordicmart.andreevmaster.com\/sv\/wp-json\/wp\/v2\/types\/product"}],"replies":[{"embeddable":true,"href":"https:\/\/nordicmart.andreevmaster.com\/sv\/wp-json\/wp\/v2\/comments?post=10253"}],"wp:attachment":[{"href":"https:\/\/nordicmart.andreevmaster.com\/sv\/wp-json\/wp\/v2\/media?parent=10253"}],"wp:term":[{"taxonomy":"product_brand","embeddable":true,"href":"https:\/\/nordicmart.andreevmaster.com\/sv\/wp-json\/wp\/v2\/product_brand?post=10253"},{"taxonomy":"product_cat","embeddable":true,"href":"https:\/\/nordicmart.andreevmaster.com\/sv\/wp-json\/wp\/v2\/product_cat?post=10253"},{"taxonomy":"product_tag","embeddable":true,"href":"https:\/\/nordicmart.andreevmaster.com\/sv\/wp-json\/wp\/v2\/product_tag?post=10253"}],"curies":[{"name":"wp","href":"https:\/\/api.w.org\/{rel}","templated":true}]}}