{"id":10252,"date":"2026-02-27T00:05:52","date_gmt":"2026-02-27T00:05:52","guid":{"rendered":"https:\/\/nordicmart.andreevmaster.com\/product\/viga-polarb-traverkstad-for-diy\/"},"modified":"2026-02-27T08:02:29","modified_gmt":"2026-02-27T08:02:29","slug":"viga-polarb-traverkstad-for-diy","status":"publish","type":"product","link":"https:\/\/nordicmart.andreevmaster.com\/sv\/produkt\/viga-polarb-traverkstad-for-diy\/","title":{"rendered":"VIGA PolarB Tr\u00e4verkstad f\u00f6r DIY"},"content":{"rendered":"<p>DIY-verkstaden fr\u00e5n Viga Toys, som ing\u00e5r i den exklusiva PolarB-serien, f\u00e5r ditt barn att k\u00e4nna sig som en riktig mekaniker. Ditt barn kan sl\u00e5 i spikar, dra \u00e5t skruvar med en skiftnyckel och skruva fast tr\u00e4plankor och kugghjul p\u00e5 arbetsb\u00e4nken. Leksaken har en klocka med visare, tr\u00e4bilar och olika verktyg.<\/p>\n<p>Egenskaper:<\/p>\n<p>* &#8211; setet best\u00e5r av en verkstad, verktyg, skruvar, platta ritningar av djur,<br \/>\n* &#8211; barn kan dra \u00e5t olika skruvar, byta hjul p\u00e5 leksaksbilar och &#8221;sk\u00e4ra&#8221; element,<br \/>\n* &#8211; verktyg och olika element kan f\u00f6rvaras p\u00e5 en hylla under bordet.<\/p>\n<p>Leksaken utvecklar:<\/p>\n<p>* &#8211; fantasi,<br \/>\n* &#8211; fingerf\u00e4rdighet,<br \/>\n* &#8211; kreativitet,<br \/>\n* &#8211; motorik,<br \/>\n* &#8211; hand-\u00f6ga-koordination.<\/p>\n","protected":false},"excerpt":{"rendered":"<p>DIY-verkstaden fr\u00e5n Viga Toys, som ing\u00e5r i den exklusiva PolarB-serien, f\u00e5r ditt barn att k\u00e4nna sig som en riktig mekaniker. Ditt barn kan sl\u00e5 i spikar, dra \u00e5t skruvar med en skiftnyckel och skruva fast tr\u00e4plankor och kugghjul p\u00e5 arbetsb\u00e4nken. Leksaken har en klocka med visare, tr\u00e4bilar och olika verktyg. Egenskaper: * &#8211; setet best\u00e5r [&hellip;]<\/p>\n","protected":false},"featured_media":0,"comment_status":"open","ping_status":"closed","template":"","meta":[],"product_brand":[],"product_cat":[33],"product_tag":[],"class_list":{"0":"post-10252","1":"product","2":"type-product","3":"status-publish","5":"product_cat-okategoriserad","7":"first","8":"instock","9":"shipping-taxable","10":"purchasable","11":"product-type-simple"},"_links":{"self":[{"href":"https:\/\/nordicmart.andreevmaster.com\/sv\/wp-json\/wp\/v2\/product\/10252","targetHints":{"allow":["GET"]}}],"collection":[{"href":"https:\/\/nordicmart.andreevmaster.com\/sv\/wp-json\/wp\/v2\/product"}],"about":[{"href":"https:\/\/nordicmart.andreevmaster.com\/sv\/wp-json\/wp\/v2\/types\/product"}],"replies":[{"embeddable":true,"href":"https:\/\/nordicmart.andreevmaster.com\/sv\/wp-json\/wp\/v2\/comments?post=10252"}],"wp:attachment":[{"href":"https:\/\/nordicmart.andreevmaster.com\/sv\/wp-json\/wp\/v2\/media?parent=10252"}],"wp:term":[{"taxonomy":"product_brand","embeddable":true,"href":"https:\/\/nordicmart.andreevmaster.com\/sv\/wp-json\/wp\/v2\/product_brand?post=10252"},{"taxonomy":"product_cat","embeddable":true,"href":"https:\/\/nordicmart.andreevmaster.com\/sv\/wp-json\/wp\/v2\/product_cat?post=10252"},{"taxonomy":"product_tag","embeddable":true,"href":"https:\/\/nordicmart.andreevmaster.com\/sv\/wp-json\/wp\/v2\/product_tag?post=10252"}],"curies":[{"name":"wp","href":"https:\/\/api.w.org\/{rel}","templated":true}]}}