{"id":10251,"date":"2026-02-27T00:05:52","date_gmt":"2026-02-27T00:05:52","guid":{"rendered":"https:\/\/nordicmart.andreevmaster.com\/product\/step2-safari-truck-playground-slide-2\/"},"modified":"2026-02-27T08:02:29","modified_gmt":"2026-02-27T08:02:29","slug":"step2-safari-truck-playground-slide-2","status":"publish","type":"product","link":"https:\/\/nordicmart.andreevmaster.com\/sv\/produkt\/step2-safari-truck-playground-slide-2\/","title":{"rendered":"STEP2 Safari Truck Playground Slide"},"content":{"rendered":"<p>Safari Truck fr\u00e5n Step2 \u00e4r en robust kl\u00e4tterplattform med en rutschkana i form av en terr\u00e4ngbil. Bilens realistiska utseende, stora hjul och \u00f6ppna tak uppmuntrar barn att leka i tr\u00e4dg\u00e5rden. Sm\u00e5 \u00e4ventyrare kan kl\u00e4ttra uppf\u00f6r de stora hjulen som trappor till den h\u00f6gsta plattformen, d\u00e4r det finns kikare som de kan anv\u00e4nda f\u00f6r att observera djurlivet. Lekplatsen \u00e4r tillverkad av h\u00f6gkvalitativ, s\u00e4ker plast som \u00e4r slitstark och h\u00e5llbar.<br \/>\nEgenskaper:<br \/>\n* &#8211; utformad f\u00f6r barn i \u00e5ldern 2-4 \u00e5r<br \/>\n* &#8211; inneh\u00e5ller: kl\u00e4tterst\u00e4llning med rutschkana, ratt och kikare<br \/>\n* &#8211; realistisk design av en terr\u00e4ngg\u00e5ende safaribil med stora hjul<br \/>\n* &#8211; neutrala f\u00e4rger inspirerade av safarier<br \/>\n* &#8211; slitstarkt kylarh\u00f6lje med str\u00e5lkastarstickers<br \/>\n* &#8211; \u00f6ppet tak<br \/>\n* &#8211; maximal belastning 37,5 kg<br \/>\n* &#8211; tillverkad av h\u00f6gkvalitativ plast<br \/>\n* &#8211; produkt f\u00f6r hemmabruk<\/p>\n","protected":false},"excerpt":{"rendered":"<p>Safari Truck fr\u00e5n Step2 \u00e4r en robust kl\u00e4tterplattform med en rutschkana i form av en terr\u00e4ngbil. Bilens realistiska utseende, stora hjul och \u00f6ppna tak uppmuntrar barn att leka i tr\u00e4dg\u00e5rden. Sm\u00e5 \u00e4ventyrare kan kl\u00e4ttra uppf\u00f6r de stora hjulen som trappor till den h\u00f6gsta plattformen, d\u00e4r det finns kikare som de kan anv\u00e4nda f\u00f6r att observera [&hellip;]<\/p>\n","protected":false},"featured_media":0,"comment_status":"open","ping_status":"closed","template":"","meta":[],"product_brand":[],"product_cat":[33],"product_tag":[],"class_list":{"0":"post-10251","1":"product","2":"type-product","3":"status-publish","5":"product_cat-okategoriserad","7":"first","8":"instock","9":"shipping-taxable","10":"purchasable","11":"product-type-simple"},"_links":{"self":[{"href":"https:\/\/nordicmart.andreevmaster.com\/sv\/wp-json\/wp\/v2\/product\/10251","targetHints":{"allow":["GET"]}}],"collection":[{"href":"https:\/\/nordicmart.andreevmaster.com\/sv\/wp-json\/wp\/v2\/product"}],"about":[{"href":"https:\/\/nordicmart.andreevmaster.com\/sv\/wp-json\/wp\/v2\/types\/product"}],"replies":[{"embeddable":true,"href":"https:\/\/nordicmart.andreevmaster.com\/sv\/wp-json\/wp\/v2\/comments?post=10251"}],"wp:attachment":[{"href":"https:\/\/nordicmart.andreevmaster.com\/sv\/wp-json\/wp\/v2\/media?parent=10251"}],"wp:term":[{"taxonomy":"product_brand","embeddable":true,"href":"https:\/\/nordicmart.andreevmaster.com\/sv\/wp-json\/wp\/v2\/product_brand?post=10251"},{"taxonomy":"product_cat","embeddable":true,"href":"https:\/\/nordicmart.andreevmaster.com\/sv\/wp-json\/wp\/v2\/product_cat?post=10251"},{"taxonomy":"product_tag","embeddable":true,"href":"https:\/\/nordicmart.andreevmaster.com\/sv\/wp-json\/wp\/v2\/product_tag?post=10251"}],"curies":[{"name":"wp","href":"https:\/\/api.w.org\/{rel}","templated":true}]}}