{"id":10250,"date":"2026-02-27T00:05:52","date_gmt":"2026-02-27T00:05:52","guid":{"rendered":"https:\/\/nordicmart.andreevmaster.com\/product\/steg-2-lekhus-slott-lekplatsrutschkana-for-barn-2in1\/"},"modified":"2026-02-27T08:02:28","modified_gmt":"2026-02-27T08:02:28","slug":"steg-2-lekhus-slott-lekplatsrutschkana-for-barn-2in1","status":"publish","type":"product","link":"https:\/\/nordicmart.andreevmaster.com\/sv\/produkt\/steg-2-lekhus-slott-lekplatsrutschkana-for-barn-2in1\/","title":{"rendered":"STEG 2 Lekhus Slott Lekplatsrutschkana f\u00f6r barn 2in1"},"content":{"rendered":"<p>Denna charmiga lekstuga med rutschkana erbjuder o\u00e4ndliga m\u00f6jligheter! Den kan vara ett slott eller vad som helst som barnen kan t\u00e4nka sig! Denna stilfulla lekplats f\u00f6r tr\u00e4dg\u00e5rden \u00e4r tillverkad av olika material f\u00f6r ett unikt utseende. Hela konstruktionen har ett diskret, klassiskt utseende. De f\u00e4rgglada plastkomponenterna \u00e4r barnv\u00e4nliga och t\u00e5l m\u00e5nga timmars lek! Denna lekplats kommer att underh\u00e5lla dina sm\u00e5 hela dagen l\u00e5ng!<\/p>\n<p>Egenskaper:<\/p>\n<p>* &#8211; f\u00f6r barn fr\u00e5n 4 \u00e5r,<br \/>\n* &#8211; Produkten kan anv\u00e4ndas som lekstuga eller slott,<br \/>\n* &#8211; Den har en h\u00f6g rutschkana som kommer att underh\u00e5lla ditt barn,<br \/>\n* &#8211; Tillverkad helt i h\u00e5llbart, h\u00f6gkvalitativt material,<\/p>\n<p>Step2 \u2013 kvalitet f\u00f6rst, fantastiska leksaker sedan!<\/p>\n<p>Om du prioriterar kvalitet och s\u00e4kerhet n\u00e4r du v\u00e4ljer leksaker till ditt barn kommer hela sortimentet av f\u00e4rgglada Step2-leksaker garanterat att uppfylla b\u00e5de barnens och f\u00f6r\u00e4ldrarnas f\u00f6rv\u00e4ntningar. Utbudet omfattar bland annat: sandl\u00e5dor, tr\u00e4dg\u00e5rdshus, lekplatser, verkst\u00e4der, \u00e5kleksaker, k\u00f6k och barnm\u00f6bler.<\/p>\n","protected":false},"excerpt":{"rendered":"<p>Denna charmiga lekstuga med rutschkana erbjuder o\u00e4ndliga m\u00f6jligheter! Den kan vara ett slott eller vad som helst som barnen kan t\u00e4nka sig! Denna stilfulla lekplats f\u00f6r tr\u00e4dg\u00e5rden \u00e4r tillverkad av olika material f\u00f6r ett unikt utseende. Hela konstruktionen har ett diskret, klassiskt utseende. De f\u00e4rgglada plastkomponenterna \u00e4r barnv\u00e4nliga och t\u00e5l m\u00e5nga timmars lek! Denna lekplats [&hellip;]<\/p>\n","protected":false},"featured_media":0,"comment_status":"open","ping_status":"closed","template":"","meta":[],"product_brand":[],"product_cat":[33],"product_tag":[],"class_list":{"0":"post-10250","1":"product","2":"type-product","3":"status-publish","5":"product_cat-okategoriserad","7":"first","8":"instock","9":"shipping-taxable","10":"purchasable","11":"product-type-simple"},"_links":{"self":[{"href":"https:\/\/nordicmart.andreevmaster.com\/sv\/wp-json\/wp\/v2\/product\/10250","targetHints":{"allow":["GET"]}}],"collection":[{"href":"https:\/\/nordicmart.andreevmaster.com\/sv\/wp-json\/wp\/v2\/product"}],"about":[{"href":"https:\/\/nordicmart.andreevmaster.com\/sv\/wp-json\/wp\/v2\/types\/product"}],"replies":[{"embeddable":true,"href":"https:\/\/nordicmart.andreevmaster.com\/sv\/wp-json\/wp\/v2\/comments?post=10250"}],"wp:attachment":[{"href":"https:\/\/nordicmart.andreevmaster.com\/sv\/wp-json\/wp\/v2\/media?parent=10250"}],"wp:term":[{"taxonomy":"product_brand","embeddable":true,"href":"https:\/\/nordicmart.andreevmaster.com\/sv\/wp-json\/wp\/v2\/product_brand?post=10250"},{"taxonomy":"product_cat","embeddable":true,"href":"https:\/\/nordicmart.andreevmaster.com\/sv\/wp-json\/wp\/v2\/product_cat?post=10250"},{"taxonomy":"product_tag","embeddable":true,"href":"https:\/\/nordicmart.andreevmaster.com\/sv\/wp-json\/wp\/v2\/product_tag?post=10250"}],"curies":[{"name":"wp","href":"https:\/\/api.w.org\/{rel}","templated":true}]}}