{"id":10248,"date":"2026-02-27T00:05:51","date_gmt":"2026-02-27T00:05:51","guid":{"rendered":"https:\/\/nordicmart.andreevmaster.com\/product\/woopie-magnetiska-byggklossar-pussel-110-st-_8pcs\/"},"modified":"2026-02-27T08:02:28","modified_gmt":"2026-02-27T08:02:28","slug":"woopie-magnetiska-byggklossar-pussel-110-st-_8pcs","status":"publish","type":"product","link":"https:\/\/nordicmart.andreevmaster.com\/sv\/produkt\/woopie-magnetiska-byggklossar-pussel-110-st-_8pcs\/","title":{"rendered":"WOOPIE Magnetiska byggklossar Pussel 110 st._8PCS"},"content":{"rendered":"<p>WOOPIE magnetiska byggklossar kombinerar lek och l\u00e4rande! Allt din lilla byggm\u00e4stare beh\u00f6ver g\u00f6ra \u00e4r att koppla ihop delarna och b\u00f6rja skapa fantasifulla konstruktioner och m\u00e5nga andra m\u00f6nster, s\u00e5som geometriska former, bokst\u00e4ver, siffror och till och med matematiska operationer! Den enda begr\u00e4nsningen \u00e4r deras fantasi. Setet inneh\u00e5ller 110 bitar och f\u00e4rgglada inspirationer tillsammans med monteringsanvisningar f\u00f6r att hj\u00e4lpa din lilla. Att bygga strukturer av block utvecklar barns kreativitet, manuella f\u00e4rdigheter (&#8221;finmotorik&#8221;), rumslig fantasi och koncentration.<br \/>\nEgenskaper:<br \/>\n* &#8211; leksak f\u00f6r barn fr\u00e5n 3 \u00e5r<br \/>\n* &#8211; set med 110 magnetiska block + inspiration med monteringsanvisningar<br \/>\n* &#8211; obegr\u00e4nsade m\u00f6jligheter att bygga olika strukturer<br \/>\n* &#8211; utvecklar kreativitet, fantasi, manuell skicklighet (&#8221;finmotorik&#8221;), rumslig fantasi och koncentration<br \/>\n* &#8211; f\u00e4rgglad f\u00f6rpackning, perfekt som present<\/p>\n<p>Satsen inneh\u00e5ller:<\/p>\n<p>* &#8211; 33 x metallkulor med en diameter p\u00e5 1,2 cm<br \/>\n* &#8211; 56 x pinnar, 6 cm l\u00e5nga<br \/>\n* &#8211; 21 x kopplingar<\/p>\n<p>PRISET G\u00c4LLER EN SATS MED 8 PRODUKTER<\/p>\n","protected":false},"excerpt":{"rendered":"<p>WOOPIE magnetiska byggklossar kombinerar lek och l\u00e4rande! Allt din lilla byggm\u00e4stare beh\u00f6ver g\u00f6ra \u00e4r att koppla ihop delarna och b\u00f6rja skapa fantasifulla konstruktioner och m\u00e5nga andra m\u00f6nster, s\u00e5som geometriska former, bokst\u00e4ver, siffror och till och med matematiska operationer! Den enda begr\u00e4nsningen \u00e4r deras fantasi. Setet inneh\u00e5ller 110 bitar och f\u00e4rgglada inspirationer tillsammans med monteringsanvisningar f\u00f6r [&hellip;]<\/p>\n","protected":false},"featured_media":0,"comment_status":"open","ping_status":"closed","template":"","meta":[],"product_brand":[],"product_cat":[33],"product_tag":[],"class_list":{"0":"post-10248","1":"product","2":"type-product","3":"status-publish","5":"product_cat-okategoriserad","7":"first","8":"instock","9":"shipping-taxable","10":"purchasable","11":"product-type-simple"},"_links":{"self":[{"href":"https:\/\/nordicmart.andreevmaster.com\/sv\/wp-json\/wp\/v2\/product\/10248","targetHints":{"allow":["GET"]}}],"collection":[{"href":"https:\/\/nordicmart.andreevmaster.com\/sv\/wp-json\/wp\/v2\/product"}],"about":[{"href":"https:\/\/nordicmart.andreevmaster.com\/sv\/wp-json\/wp\/v2\/types\/product"}],"replies":[{"embeddable":true,"href":"https:\/\/nordicmart.andreevmaster.com\/sv\/wp-json\/wp\/v2\/comments?post=10248"}],"wp:attachment":[{"href":"https:\/\/nordicmart.andreevmaster.com\/sv\/wp-json\/wp\/v2\/media?parent=10248"}],"wp:term":[{"taxonomy":"product_brand","embeddable":true,"href":"https:\/\/nordicmart.andreevmaster.com\/sv\/wp-json\/wp\/v2\/product_brand?post=10248"},{"taxonomy":"product_cat","embeddable":true,"href":"https:\/\/nordicmart.andreevmaster.com\/sv\/wp-json\/wp\/v2\/product_cat?post=10248"},{"taxonomy":"product_tag","embeddable":true,"href":"https:\/\/nordicmart.andreevmaster.com\/sv\/wp-json\/wp\/v2\/product_tag?post=10248"}],"curies":[{"name":"wp","href":"https:\/\/api.w.org\/{rel}","templated":true}]}}