{"id":10246,"date":"2026-02-27T00:05:51","date_gmt":"2026-02-27T00:05:51","guid":{"rendered":"https:\/\/nordicmart.andreevmaster.com\/product\/falk-valtra-burgundy-pedaltraktor-med-slap-och-spade-fran-3-ar\/"},"modified":"2026-02-27T08:02:28","modified_gmt":"2026-02-27T08:02:28","slug":"falk-valtra-burgundy-pedaltraktor-med-slap-och-spade-fran-3-ar","status":"publish","type":"product","link":"https:\/\/nordicmart.andreevmaster.com\/sv\/produkt\/falk-valtra-burgundy-pedaltraktor-med-slap-och-spade-fran-3-ar\/","title":{"rendered":"FALK Valtra Burgundy pedaltraktor med sl\u00e4p och spade, fr\u00e5n 3 \u00e5r"},"content":{"rendered":"<p>Valtra pedaltraktor med sl\u00e4p fr\u00e5n FALK \u00e4r en dr\u00f6m som g\u00e5r i uppfyllelse f\u00f6r m\u00e5nga sm\u00e5 traktorf\u00f6rare. Noggrant tillverkad med omsorg om minsta detalj! Ingen bonde skulle rynka p\u00e5 n\u00e4san \u00e5t den. Fordonet \u00e4r tillverkat av h\u00f6gkvalitativ plast och \u00e4r avsett f\u00f6r barn fr\u00e5n 3 \u00e5r. Den \u00e4r utrustad med en skopa fram, ett avtagbart sl\u00e4p med paneler och en ratt med tuta. Traktorns hjul \u00e4r tillverkade av h\u00f6gkvalitativ plast. <\/p>\n<p>Egenskaper: <\/p>\n<p>* &#8211; F\u00f6r barn fr\u00e5n 3 \u00e5r<br \/>\n* &#8211; Maximal belastning upp till 50 kg<br \/>\n* &#8211; Signalhorn i styret<br \/>\n* &#8211; Kedjedrivning p\u00e5 bakaxeln<br \/>\n* &#8211; Avtagbar sl\u00e4pvagn<br \/>\n* &#8211; Styrbar framaxel<br \/>\n* &#8211; Hjul av h\u00f6gkvalitativ plast<br \/>\n* &#8211; Stabil och s\u00e4ker<br \/>\n* &#8211; Produkten kr\u00e4ver delvis montering<\/p>\n<p>Satsen inneh\u00e5ller:<\/p>\n<p>* &#8211; Traktor<br \/>\n* &#8211; Lastskopa<br \/>\n* &#8211; Sl\u00e4pvagn<\/p>\n<p>Leksaken utvecklar:<\/p>\n<p>* &#8211; Grovmotorik<br \/>\n* &#8211; Motorisk koordination<br \/>\n* &#8211; Fantasi och kreativitet<br \/>\n* &#8211; Sj\u00e4lvf\u00f6rtroende<\/p>\n<p>Falk \u00e4r en ledande europeisk tillverkare av h\u00f6gkvalitativa pedaldrivna fordon. F\u00f6retagets produktsortiment omfattar traktorer med licens fr\u00e5n varum\u00e4rken som Claas, Renault, McCormick, Kubota, Case IH och andra. Alla fordon tillverkas i Frankrike av h\u00f6gkvalitativa material.<\/p>\n","protected":false},"excerpt":{"rendered":"<p>Valtra pedaltraktor med sl\u00e4p fr\u00e5n FALK \u00e4r en dr\u00f6m som g\u00e5r i uppfyllelse f\u00f6r m\u00e5nga sm\u00e5 traktorf\u00f6rare. Noggrant tillverkad med omsorg om minsta detalj! Ingen bonde skulle rynka p\u00e5 n\u00e4san \u00e5t den. Fordonet \u00e4r tillverkat av h\u00f6gkvalitativ plast och \u00e4r avsett f\u00f6r barn fr\u00e5n 3 \u00e5r. Den \u00e4r utrustad med en skopa fram, ett avtagbart [&hellip;]<\/p>\n","protected":false},"featured_media":0,"comment_status":"open","ping_status":"closed","template":"","meta":[],"product_brand":[],"product_cat":[33],"product_tag":[],"class_list":{"0":"post-10246","1":"product","2":"type-product","3":"status-publish","5":"product_cat-okategoriserad","7":"first","8":"instock","9":"shipping-taxable","10":"purchasable","11":"product-type-simple"},"_links":{"self":[{"href":"https:\/\/nordicmart.andreevmaster.com\/sv\/wp-json\/wp\/v2\/product\/10246","targetHints":{"allow":["GET"]}}],"collection":[{"href":"https:\/\/nordicmart.andreevmaster.com\/sv\/wp-json\/wp\/v2\/product"}],"about":[{"href":"https:\/\/nordicmart.andreevmaster.com\/sv\/wp-json\/wp\/v2\/types\/product"}],"replies":[{"embeddable":true,"href":"https:\/\/nordicmart.andreevmaster.com\/sv\/wp-json\/wp\/v2\/comments?post=10246"}],"wp:attachment":[{"href":"https:\/\/nordicmart.andreevmaster.com\/sv\/wp-json\/wp\/v2\/media?parent=10246"}],"wp:term":[{"taxonomy":"product_brand","embeddable":true,"href":"https:\/\/nordicmart.andreevmaster.com\/sv\/wp-json\/wp\/v2\/product_brand?post=10246"},{"taxonomy":"product_cat","embeddable":true,"href":"https:\/\/nordicmart.andreevmaster.com\/sv\/wp-json\/wp\/v2\/product_cat?post=10246"},{"taxonomy":"product_tag","embeddable":true,"href":"https:\/\/nordicmart.andreevmaster.com\/sv\/wp-json\/wp\/v2\/product_tag?post=10246"}],"curies":[{"name":"wp","href":"https:\/\/api.w.org\/{rel}","templated":true}]}}