{"id":10245,"date":"2026-02-27T00:05:51","date_gmt":"2026-02-27T00:05:51","guid":{"rendered":"https:\/\/nordicmart.andreevmaster.com\/product\/falk-ljuddampande-gummi-for-traktorer-fran-3-ar\/"},"modified":"2026-02-27T08:02:28","modified_gmt":"2026-02-27T08:02:28","slug":"falk-ljuddampande-gummi-for-traktorer-fran-3-ar","status":"publish","type":"product","link":"https:\/\/nordicmart.andreevmaster.com\/sv\/produkt\/falk-ljuddampande-gummi-for-traktorer-fran-3-ar\/","title":{"rendered":"FALK Ljudd\u00e4mpande gummi f\u00f6r traktorer fr\u00e5n 3 \u00e5r"},"content":{"rendered":"<p>Ljudd\u00e4mpande gummi f\u00f6r Falk leksakstraktorhjul fr\u00e5n 3 \u00e5r \u00e4r perfekt f\u00f6r barn, eftersom det g\u00f6r det l\u00e4ttare f\u00f6r dem att r\u00f6ra sig, men ocks\u00e5 f\u00f6r f\u00f6r\u00e4ldrar, eftersom det inte uppst\u00e5r n\u00e5got buller fr\u00e5n plasthjulen. Setet inneh\u00e5ller 4 band.<\/p>\n<p>Egenskaper:<\/p>\n<p>* &#8211; Passar alla traktorer f\u00f6r barn i \u00e5ldern 3-7 \u00e5r<br \/>\n* &#8211; Setet inneh\u00e5ller 4 ljudd\u00e4mpande gummiband<br \/>\n* &#8211; F\u00f6r traktorer fr\u00e5n 3 \u00e5r<br \/>\n* &#8211; \u00d6kad stabilitet och dragkraft f\u00f6r barnet<br \/>\n* &#8211; Bekv\u00e4mt f\u00f6r f\u00f6r\u00e4ldrarna eftersom det inte uppst\u00e5r n\u00e5got buller fr\u00e5n plasthjul<br \/>\n* &#8211; Ungef\u00e4rlig diameter p\u00e5 framhjul \u2013 ca 25 cm \/\/ bakhjul ca 32 cm<\/p>\n","protected":false},"excerpt":{"rendered":"<p>Ljudd\u00e4mpande gummi f\u00f6r Falk leksakstraktorhjul fr\u00e5n 3 \u00e5r \u00e4r perfekt f\u00f6r barn, eftersom det g\u00f6r det l\u00e4ttare f\u00f6r dem att r\u00f6ra sig, men ocks\u00e5 f\u00f6r f\u00f6r\u00e4ldrar, eftersom det inte uppst\u00e5r n\u00e5got buller fr\u00e5n plasthjulen. Setet inneh\u00e5ller 4 band. Egenskaper: * &#8211; Passar alla traktorer f\u00f6r barn i \u00e5ldern 3-7 \u00e5r * &#8211; Setet inneh\u00e5ller 4 [&hellip;]<\/p>\n","protected":false},"featured_media":0,"comment_status":"open","ping_status":"closed","template":"","meta":[],"product_brand":[],"product_cat":[33],"product_tag":[],"class_list":{"0":"post-10245","1":"product","2":"type-product","3":"status-publish","5":"product_cat-okategoriserad","7":"first","8":"instock","9":"shipping-taxable","10":"purchasable","11":"product-type-simple"},"_links":{"self":[{"href":"https:\/\/nordicmart.andreevmaster.com\/sv\/wp-json\/wp\/v2\/product\/10245","targetHints":{"allow":["GET"]}}],"collection":[{"href":"https:\/\/nordicmart.andreevmaster.com\/sv\/wp-json\/wp\/v2\/product"}],"about":[{"href":"https:\/\/nordicmart.andreevmaster.com\/sv\/wp-json\/wp\/v2\/types\/product"}],"replies":[{"embeddable":true,"href":"https:\/\/nordicmart.andreevmaster.com\/sv\/wp-json\/wp\/v2\/comments?post=10245"}],"wp:attachment":[{"href":"https:\/\/nordicmart.andreevmaster.com\/sv\/wp-json\/wp\/v2\/media?parent=10245"}],"wp:term":[{"taxonomy":"product_brand","embeddable":true,"href":"https:\/\/nordicmart.andreevmaster.com\/sv\/wp-json\/wp\/v2\/product_brand?post=10245"},{"taxonomy":"product_cat","embeddable":true,"href":"https:\/\/nordicmart.andreevmaster.com\/sv\/wp-json\/wp\/v2\/product_cat?post=10245"},{"taxonomy":"product_tag","embeddable":true,"href":"https:\/\/nordicmart.andreevmaster.com\/sv\/wp-json\/wp\/v2\/product_tag?post=10245"}],"curies":[{"name":"wp","href":"https:\/\/api.w.org\/{rel}","templated":true}]}}