{"id":10244,"date":"2026-02-27T00:05:50","date_gmt":"2026-02-27T00:05:50","guid":{"rendered":"https:\/\/nordicmart.andreevmaster.com\/product\/falk-claas-470-arion-green-ride-on-toy-med-slapvagn-sandset\/"},"modified":"2026-02-27T08:02:28","modified_gmt":"2026-02-27T08:02:28","slug":"falk-claas-470-arion-green-ride-on-toy-med-slapvagn-sandset","status":"publish","type":"product","link":"https:\/\/nordicmart.andreevmaster.com\/sv\/produkt\/falk-claas-470-arion-green-ride-on-toy-med-slapvagn-sandset\/","title":{"rendered":"FALK Claas 470 Arion Green Ride-On Toy med sl\u00e4pvagn + sandset"},"content":{"rendered":"<p>Denna sensationella Claas Arion-traktor fr\u00e5n Falk \u00e4r det perfekta fordonet f\u00f6r alla sm\u00e5 fans av jordbruksmaskiner. Tack vare den avtagbara sl\u00e4pvagnen och tutan som \u00e4r inbyggd i ratten f\u00e5r leken att vara bonde en helt ny dimension. Den stabila konstruktionen och den h\u00f6gkvalitativa plasten garanterar s\u00e4kerhet och h\u00e5llbarhet. Det \u00e4r en utm\u00e4rkt leksak som utvecklar fysisk kondition och fantasi. <\/p>\n<p>Egenskaper: <\/p>\n<p>* &#8211; Leksak f\u00f6r barn fr\u00e5n 1 \u00e5r.<br \/>\n* &#8211; Maximal belastning 25 kg.<br \/>\n* &#8211; Har en tuta i ratten.<br \/>\n* &#8211; Avtagbar sl\u00e4pvagn ing\u00e5r.* &#8211; Tillverkad av h\u00e5llbar och s\u00e4ker plast. * &#8211; Stabil och s\u00e4ker konstruktion. Satsen inneh\u00e5ller: * &#8211; Traktor att \u00e5ka p\u00e5 * &#8211; Avtagbar sl\u00e4pvagn * &#8211; Rake * &#8211; Spade Leksaken utvecklar: * &#8211; Grovmotorik och fysisk kondition<br \/>\n* &#8211; Motorisk koordination och balans<br \/>\n* &#8211; Fantasi och kreativitet<br \/>\n* &#8211; En k\u00e4nsla av sj\u00e4lvst\u00e4ndighet och sj\u00e4lvf\u00f6rtroende<\/p>\n<p>[img-126961-left-thickbox_default]<\/p>\n<p>[img-126960-left-thickbox_default]<\/p>\n<p>[img-126960-left-thickbox_default]<\/p>\n","protected":false},"excerpt":{"rendered":"<p>Denna sensationella Claas Arion-traktor fr\u00e5n Falk \u00e4r det perfekta fordonet f\u00f6r alla sm\u00e5 fans av jordbruksmaskiner. Tack vare den avtagbara sl\u00e4pvagnen och tutan som \u00e4r inbyggd i ratten f\u00e5r leken att vara bonde en helt ny dimension. Den stabila konstruktionen och den h\u00f6gkvalitativa plasten garanterar s\u00e4kerhet och h\u00e5llbarhet. Det \u00e4r en utm\u00e4rkt leksak som utvecklar [&hellip;]<\/p>\n","protected":false},"featured_media":0,"comment_status":"open","ping_status":"closed","template":"","meta":[],"product_brand":[],"product_cat":[33],"product_tag":[],"class_list":{"0":"post-10244","1":"product","2":"type-product","3":"status-publish","5":"product_cat-okategoriserad","7":"first","8":"instock","9":"shipping-taxable","10":"purchasable","11":"product-type-simple"},"_links":{"self":[{"href":"https:\/\/nordicmart.andreevmaster.com\/sv\/wp-json\/wp\/v2\/product\/10244","targetHints":{"allow":["GET"]}}],"collection":[{"href":"https:\/\/nordicmart.andreevmaster.com\/sv\/wp-json\/wp\/v2\/product"}],"about":[{"href":"https:\/\/nordicmart.andreevmaster.com\/sv\/wp-json\/wp\/v2\/types\/product"}],"replies":[{"embeddable":true,"href":"https:\/\/nordicmart.andreevmaster.com\/sv\/wp-json\/wp\/v2\/comments?post=10244"}],"wp:attachment":[{"href":"https:\/\/nordicmart.andreevmaster.com\/sv\/wp-json\/wp\/v2\/media?parent=10244"}],"wp:term":[{"taxonomy":"product_brand","embeddable":true,"href":"https:\/\/nordicmart.andreevmaster.com\/sv\/wp-json\/wp\/v2\/product_brand?post=10244"},{"taxonomy":"product_cat","embeddable":true,"href":"https:\/\/nordicmart.andreevmaster.com\/sv\/wp-json\/wp\/v2\/product_cat?post=10244"},{"taxonomy":"product_tag","embeddable":true,"href":"https:\/\/nordicmart.andreevmaster.com\/sv\/wp-json\/wp\/v2\/product_tag?post=10244"}],"curies":[{"name":"wp","href":"https:\/\/api.w.org\/{rel}","templated":true}]}}