{"id":10243,"date":"2026-02-27T00:05:50","date_gmt":"2026-02-27T00:05:50","guid":{"rendered":"https:\/\/nordicmart.andreevmaster.com\/product\/falk-new-holland-pedaltraktor-bla-med-slap-fran-3-ar\/"},"modified":"2026-02-27T08:02:28","modified_gmt":"2026-02-27T08:02:28","slug":"falk-new-holland-pedaltraktor-bla-med-slap-fran-3-ar","status":"publish","type":"product","link":"https:\/\/nordicmart.andreevmaster.com\/sv\/produkt\/falk-new-holland-pedaltraktor-bla-med-slap-fran-3-ar\/","title":{"rendered":"FALK New Holland pedaltraktor bl\u00e5 med sl\u00e4p fr\u00e5n 3 \u00e5r"},"content":{"rendered":"<p>New Holland-traktorn med sl\u00e4p fr\u00e5n FALK \u00e4r en dr\u00f6m som g\u00e5r i uppfyllelse f\u00f6r m\u00e5nga sm\u00e5 traktorf\u00f6rare. Noggrant tillverkad med uppm\u00e4rksamhet p\u00e5 minsta detalj! Ingen bonde skulle rynka p\u00e5 n\u00e4san \u00e5t den. En pedaldriven bil \u2013 den perfekta presenten f\u00f6r alla sm\u00e5barn. Den senaste New Holland-pedaltraktorn f\u00f6r barn med skopa, lastare och sl\u00e4pvagn \u00e4r tillverkad av h\u00f6gkvalitativ plast. Den har ocks\u00e5 ett sv\u00e4ngbart s\u00e4te. Fordonet \u00e4r avsett f\u00f6r barn fr\u00e5n 3 \u00e5r. Alla unga traktorf\u00f6rare kommer att \u00e4lska denna modell, som \u00e4r tillverkad i New Hollands originalf\u00e4rger.<br \/>\nEgenskaper:<br \/>\n* &#8211; f\u00f6r barn fr\u00e5n 3 \u00e5r,<br \/>\n* &#8211; maximal belastning upp till 50 kg,<br \/>\n* &#8211; tuta i styret,<br \/>\n* &#8211; kedjedrivning till bakaxeln,<br \/>\n* &#8211; avtagbar CLAAS-sl\u00e4pvagn,<br \/>\n* &#8211; styrbar framaxel,* &#8211; r\u00f6rlig frontskopa,<br \/>\n* &#8211; utrustad med en funktionell lastare,<br \/>\n* &#8211; hjul av h\u00f6gkvalitativ plast,<br \/>\n* &#8211; stabil och s\u00e4ker,<br \/>\n* &#8211; produkten kr\u00e4ver delvis montering. Falk \u00e4r en ledande europeisk tillverkare av h\u00f6gkvalitativa pedaldrivna fordon. F\u00f6retagets produktsortiment omfattar traktorer med licens fr\u00e5n varum\u00e4rken som Claas, Renault, McCormick, Kubota, Case IH och andra. Alla fordon tillverkas i Frankrike av h\u00f6gkvalitativa material.<\/p>\n","protected":false},"excerpt":{"rendered":"<p>New Holland-traktorn med sl\u00e4p fr\u00e5n FALK \u00e4r en dr\u00f6m som g\u00e5r i uppfyllelse f\u00f6r m\u00e5nga sm\u00e5 traktorf\u00f6rare. Noggrant tillverkad med uppm\u00e4rksamhet p\u00e5 minsta detalj! Ingen bonde skulle rynka p\u00e5 n\u00e4san \u00e5t den. En pedaldriven bil \u2013 den perfekta presenten f\u00f6r alla sm\u00e5barn. Den senaste New Holland-pedaltraktorn f\u00f6r barn med skopa, lastare och sl\u00e4pvagn \u00e4r tillverkad [&hellip;]<\/p>\n","protected":false},"featured_media":0,"comment_status":"open","ping_status":"closed","template":"","meta":[],"product_brand":[],"product_cat":[33],"product_tag":[],"class_list":{"0":"post-10243","1":"product","2":"type-product","3":"status-publish","5":"product_cat-okategoriserad","7":"first","8":"instock","9":"shipping-taxable","10":"purchasable","11":"product-type-simple"},"_links":{"self":[{"href":"https:\/\/nordicmart.andreevmaster.com\/sv\/wp-json\/wp\/v2\/product\/10243","targetHints":{"allow":["GET"]}}],"collection":[{"href":"https:\/\/nordicmart.andreevmaster.com\/sv\/wp-json\/wp\/v2\/product"}],"about":[{"href":"https:\/\/nordicmart.andreevmaster.com\/sv\/wp-json\/wp\/v2\/types\/product"}],"replies":[{"embeddable":true,"href":"https:\/\/nordicmart.andreevmaster.com\/sv\/wp-json\/wp\/v2\/comments?post=10243"}],"wp:attachment":[{"href":"https:\/\/nordicmart.andreevmaster.com\/sv\/wp-json\/wp\/v2\/media?parent=10243"}],"wp:term":[{"taxonomy":"product_brand","embeddable":true,"href":"https:\/\/nordicmart.andreevmaster.com\/sv\/wp-json\/wp\/v2\/product_brand?post=10243"},{"taxonomy":"product_cat","embeddable":true,"href":"https:\/\/nordicmart.andreevmaster.com\/sv\/wp-json\/wp\/v2\/product_cat?post=10243"},{"taxonomy":"product_tag","embeddable":true,"href":"https:\/\/nordicmart.andreevmaster.com\/sv\/wp-json\/wp\/v2\/product_tag?post=10243"}],"curies":[{"name":"wp","href":"https:\/\/api.w.org\/{rel}","templated":true}]}}