{"id":10235,"date":"2026-02-27T00:05:49","date_gmt":"2026-02-27T00:05:49","guid":{"rendered":"https:\/\/nordicmart.andreevmaster.com\/product\/falk-baby-valtra-traktor-vit-med-slapvagn-tillbehor-fran-1-ar\/"},"modified":"2026-02-27T08:02:26","modified_gmt":"2026-02-27T08:02:26","slug":"falk-baby-valtra-traktor-vit-med-slapvagn-tillbehor-fran-1-ar","status":"publish","type":"product","link":"https:\/\/nordicmart.andreevmaster.com\/sv\/produkt\/falk-baby-valtra-traktor-vit-med-slapvagn-tillbehor-fran-1-ar\/","title":{"rendered":"FALK Baby Valtra traktor vit med sl\u00e4pvagn + tillbeh\u00f6r fr\u00e5n 1 \u00e5r"},"content":{"rendered":"<p>Baby Valtra-traktorn med sl\u00e4p fr\u00e5n Falk \u00e4r en dr\u00f6m som g\u00e5r i uppfyllelse f\u00f6r m\u00e5nga sm\u00e5 traktorf\u00f6rare. Noggrant tillverkad med omsorg om minsta detalj! Ingen riktig bonde skulle rynka p\u00e5 n\u00e4san \u00e5t den h\u00e4r. Fordonet \u00e4r tillverkat av plast av h\u00f6gsta kvalitet och \u00e4r avsett f\u00f6r barn fr\u00e5n 12 m\u00e5nader och upp\u00e5t. Fordonet \u00e4r utrustat med en avtagbar sl\u00e4pvagn med paneler och ett ratt med tuta. Traktorns hjul \u00e4r tillverkade av h\u00f6gkvalitativ plast. Dessutom medf\u00f6ljer en kratta och en spade som ditt barn kan leka med. Med de medf\u00f6ljande klisterm\u00e4rkena kan ditt barn v\u00e4lja sin egen unika stil. Ett leende ansikte eller en standardklisterm\u00e4rke? \u00d6verraska alla och klistra fast den p\u00e5 fordonets framsida.<br \/>\nEgenskaper:<br \/>\n* &#8211; Avsedd f\u00f6r barn fr\u00e5n 12 m\u00e5nader<br \/>\n* &#8211; Maximal belastning: 25 kg<br \/>\n* &#8211; Tutan i ratten<br \/>\n* &#8211; Avtagbar sl\u00e4pvagn<br \/>\n* &#8211; Sv\u00e4ngbar framaxel<br \/>\n* &#8211; Hjul av h\u00f6gkvalitativ plast<br \/>\n* &#8211; Stabil och s\u00e4ker konstruktion<br \/>\n* &#8211; Produkten kr\u00e4ver delvis montering av en vuxen<\/p>\n<p>Satsen inneh\u00e5ller:<\/p>\n<p>* &#8211; Traktor med sl\u00e4pvagn<br \/>\n* &#8211; Rake<br \/>\n* &#8211; Spade<br \/>\n* &#8211; 2 upps\u00e4ttningar klisterm\u00e4rken f\u00f6r personlig anpassning<\/p>\n<p>Leksaken utvecklar:<\/p>\n<p>* &#8211; Grovmotorik<br \/>\n* &#8211; Hand-\u00f6ga-koordination<br \/>\n* &#8211; Fantasi och kreativitet<br \/>\n* &#8211; Sociala f\u00e4rdigheter<br \/>\n* &#8211; Balanssinne och kroppsorientering<\/p>\n<p>Falk \u00e4r en ledande europeisk tillverkare av h\u00f6gkvalitativa pedaldrivna fordon. F\u00f6retagets produktsortiment omfattar traktorer med licens fr\u00e5n varum\u00e4rken som Claas, Renault, McCormick, Kubota, Case IH och andra. Alla fordon tillverkas i Frankrike av h\u00f6gkvalitativa material.<\/p>\n","protected":false},"excerpt":{"rendered":"<p>Baby Valtra-traktorn med sl\u00e4p fr\u00e5n Falk \u00e4r en dr\u00f6m som g\u00e5r i uppfyllelse f\u00f6r m\u00e5nga sm\u00e5 traktorf\u00f6rare. Noggrant tillverkad med omsorg om minsta detalj! Ingen riktig bonde skulle rynka p\u00e5 n\u00e4san \u00e5t den h\u00e4r. Fordonet \u00e4r tillverkat av plast av h\u00f6gsta kvalitet och \u00e4r avsett f\u00f6r barn fr\u00e5n 12 m\u00e5nader och upp\u00e5t. Fordonet \u00e4r utrustat [&hellip;]<\/p>\n","protected":false},"featured_media":0,"comment_status":"open","ping_status":"closed","template":"","meta":[],"product_brand":[],"product_cat":[33],"product_tag":[],"class_list":{"0":"post-10235","1":"product","2":"type-product","3":"status-publish","5":"product_cat-okategoriserad","7":"first","8":"instock","9":"shipping-taxable","10":"purchasable","11":"product-type-simple"},"_links":{"self":[{"href":"https:\/\/nordicmart.andreevmaster.com\/sv\/wp-json\/wp\/v2\/product\/10235","targetHints":{"allow":["GET"]}}],"collection":[{"href":"https:\/\/nordicmart.andreevmaster.com\/sv\/wp-json\/wp\/v2\/product"}],"about":[{"href":"https:\/\/nordicmart.andreevmaster.com\/sv\/wp-json\/wp\/v2\/types\/product"}],"replies":[{"embeddable":true,"href":"https:\/\/nordicmart.andreevmaster.com\/sv\/wp-json\/wp\/v2\/comments?post=10235"}],"wp:attachment":[{"href":"https:\/\/nordicmart.andreevmaster.com\/sv\/wp-json\/wp\/v2\/media?parent=10235"}],"wp:term":[{"taxonomy":"product_brand","embeddable":true,"href":"https:\/\/nordicmart.andreevmaster.com\/sv\/wp-json\/wp\/v2\/product_brand?post=10235"},{"taxonomy":"product_cat","embeddable":true,"href":"https:\/\/nordicmart.andreevmaster.com\/sv\/wp-json\/wp\/v2\/product_cat?post=10235"},{"taxonomy":"product_tag","embeddable":true,"href":"https:\/\/nordicmart.andreevmaster.com\/sv\/wp-json\/wp\/v2\/product_tag?post=10235"}],"curies":[{"name":"wp","href":"https:\/\/api.w.org\/{rel}","templated":true}]}}