{"id":10234,"date":"2026-02-27T00:05:49","date_gmt":"2026-02-27T00:05:49","guid":{"rendered":"https:\/\/nordicmart.andreevmaster.com\/product\/falk-baby-case-ih-aktraktor-med-slapvagn-tillbehor-fran-12-manader\/"},"modified":"2026-02-27T08:02:26","modified_gmt":"2026-02-27T08:02:26","slug":"falk-baby-case-ih-aktraktor-med-slapvagn-tillbehor-fran-12-manader","status":"publish","type":"product","link":"https:\/\/nordicmart.andreevmaster.com\/sv\/produkt\/falk-baby-case-ih-aktraktor-med-slapvagn-tillbehor-fran-12-manader\/","title":{"rendered":"FALK Baby Case IH \u00e5ktraktor med sl\u00e4pvagn + tillbeh\u00f6r, fr\u00e5n 12 m\u00e5nader"},"content":{"rendered":"<p>Baby CASE IH \u00e5ktraktor med sl\u00e4p fr\u00e5n FALK \u00e4r en dr\u00f6m som g\u00e5r i uppfyllelse f\u00f6r m\u00e5nga sm\u00e5 traktorf\u00f6rare. Noggrant tillverkad med uppm\u00e4rksamhet p\u00e5 minsta detalj! Ingen riktig bonde skulle rynka p\u00e5 n\u00e4san \u00e5t denna. Fordonet \u00e4r tillverkat av plast av h\u00f6gsta kvalitet och \u00e4r avsett f\u00f6r barn fr\u00e5n 12 m\u00e5nader. Fordonet \u00e4r utrustat med ett avtagbart sl\u00e4p med paneler och en ratt med tuta. Traktorns hjul \u00e4r tillverkade av h\u00f6gkvalitativ plast. Dessutom medf\u00f6ljer en kratta och en spade som ditt barn kan leka med. Med de medf\u00f6ljande klisterm\u00e4rkena kan ditt barn v\u00e4lja sin egen unika stil. Ett leende ansikte eller en standardklisterm\u00e4rke? \u00d6verraska alla och klistra fast den p\u00e5 fordonets framsida. <\/p>\n<p>Egenskaper:<\/p>\n<p>* &#8211; Fr\u00e5n 12 m\u00e5nader<br \/>\n* &#8211; Maximal belastning 25 kg<br \/>\n* &#8211; Tutan i styret<br \/>\n* &#8211; Avtagbar sl\u00e4pvagn<br \/>\n* &#8211; Styrbar framaxel<br \/>\n* &#8211; Hjul av h\u00f6gkvalitativ plast<br \/>\n* &#8211; Stabil och s\u00e4ker<br \/>\n* &#8211; Produkten kr\u00e4ver delvis montering<\/p>\n<p>Satsen inneh\u00e5ller:<\/p>\n<p>* &#8211; Baby CASE IH \u00e5ktraktor<br \/>\n* &#8211; Avtagbar sl\u00e4pvagn<br \/>\n* &#8211; Rake<br \/>\n* &#8211; Spade<br \/>\n* &#8211; 2 upps\u00e4ttningar klisterm\u00e4rken<\/p>\n<p>Leksaken utvecklar:<\/p>\n<p>* &#8211; Motorisk koordination<br \/>\n* &#8211; Balans<br \/>\n* &#8211; Muskelst\u00e4rkning<br \/>\n* &#8211; Rumslig orientering<\/p>\n","protected":false},"excerpt":{"rendered":"<p>Baby CASE IH \u00e5ktraktor med sl\u00e4p fr\u00e5n FALK \u00e4r en dr\u00f6m som g\u00e5r i uppfyllelse f\u00f6r m\u00e5nga sm\u00e5 traktorf\u00f6rare. Noggrant tillverkad med uppm\u00e4rksamhet p\u00e5 minsta detalj! Ingen riktig bonde skulle rynka p\u00e5 n\u00e4san \u00e5t denna. Fordonet \u00e4r tillverkat av plast av h\u00f6gsta kvalitet och \u00e4r avsett f\u00f6r barn fr\u00e5n 12 m\u00e5nader. Fordonet \u00e4r utrustat med [&hellip;]<\/p>\n","protected":false},"featured_media":0,"comment_status":"open","ping_status":"closed","template":"","meta":[],"product_brand":[],"product_cat":[33],"product_tag":[],"class_list":{"0":"post-10234","1":"product","2":"type-product","3":"status-publish","5":"product_cat-okategoriserad","7":"first","8":"instock","9":"shipping-taxable","10":"purchasable","11":"product-type-simple"},"_links":{"self":[{"href":"https:\/\/nordicmart.andreevmaster.com\/sv\/wp-json\/wp\/v2\/product\/10234","targetHints":{"allow":["GET"]}}],"collection":[{"href":"https:\/\/nordicmart.andreevmaster.com\/sv\/wp-json\/wp\/v2\/product"}],"about":[{"href":"https:\/\/nordicmart.andreevmaster.com\/sv\/wp-json\/wp\/v2\/types\/product"}],"replies":[{"embeddable":true,"href":"https:\/\/nordicmart.andreevmaster.com\/sv\/wp-json\/wp\/v2\/comments?post=10234"}],"wp:attachment":[{"href":"https:\/\/nordicmart.andreevmaster.com\/sv\/wp-json\/wp\/v2\/media?parent=10234"}],"wp:term":[{"taxonomy":"product_brand","embeddable":true,"href":"https:\/\/nordicmart.andreevmaster.com\/sv\/wp-json\/wp\/v2\/product_brand?post=10234"},{"taxonomy":"product_cat","embeddable":true,"href":"https:\/\/nordicmart.andreevmaster.com\/sv\/wp-json\/wp\/v2\/product_cat?post=10234"},{"taxonomy":"product_tag","embeddable":true,"href":"https:\/\/nordicmart.andreevmaster.com\/sv\/wp-json\/wp\/v2\/product_tag?post=10234"}],"curies":[{"name":"wp","href":"https:\/\/api.w.org\/{rel}","templated":true}]}}