{"id":10231,"date":"2026-02-27T00:05:48","date_gmt":"2026-02-27T00:05:48","guid":{"rendered":"https:\/\/nordicmart.andreevmaster.com\/product\/falk-baby-claas-gron-traktor-med-slap-tillbehor-fran-1-ar\/"},"modified":"2026-02-27T08:02:26","modified_gmt":"2026-02-27T08:02:26","slug":"falk-baby-claas-gron-traktor-med-slap-tillbehor-fran-1-ar","status":"publish","type":"product","link":"https:\/\/nordicmart.andreevmaster.com\/sv\/produkt\/falk-baby-claas-gron-traktor-med-slap-tillbehor-fran-1-ar\/","title":{"rendered":"FALK Baby Claas gr\u00f6n traktor med sl\u00e4p + tillbeh\u00f6r fr\u00e5n 1 \u00e5r"},"content":{"rendered":"<p>Baby Claas \u00e5ktraktor med sl\u00e4p fr\u00e5n FALK \u00e4r en dr\u00f6m som g\u00e5r i uppfyllelse f\u00f6r m\u00e5nga sm\u00e5 traktorf\u00f6rare. Noggrant tillverkad med uppm\u00e4rksamhet p\u00e5 minsta detalj! Ingen bonde skulle rynka p\u00e5 n\u00e4san \u00e5t den. Fordonet \u00e4r tillverkat av plast av h\u00f6gsta kvalitet och \u00e4r avsett f\u00f6r barn fr\u00e5n 12 m\u00e5naders \u00e5lder. L\u00e4ngd p\u00e5 setet [ska kompletteras \u2013 t.ex. ca XX cm]. Utrustad med en sv\u00e4ngbar framaxel och en ratt med tuta garanterar den massor av skoj i tr\u00e4dg\u00e5rden eller p\u00e5 g\u00e5rden. Traktorns hjul \u00e4r tillverkade av h\u00f6gkvalitativ plast. De medf\u00f6ljande tillbeh\u00f6ren \u2013 en kratta, spade och ett set med klisterm\u00e4rken \u2013 g\u00f6r att ditt barn kan personifiera fordonet och ha \u00e4nnu roligare.<br \/>\nEgenskaper:<br \/>\n* &#8211; F\u00f6r barn fr\u00e5n 12 m\u00e5nader<br \/>\n* &#8211; Maximal belastning upp till 25 kg<br \/>\n* &#8211; Signalhorn i ratten<br \/>\n* &#8211; Styrbar framaxel<br \/>\n* &#8211; Hjul tillverkade av h\u00f6gkvalitativ plast<br \/>\n* &#8211; Stabil och s\u00e4ker<br \/>\n* &#8211; Produkten kr\u00e4ver delvis montering<\/p>\n<p>Satsen inneh\u00e5ller:<\/p>\n<p>* &#8211; Baby Claas \u00e5ktraktor<br \/>\n* &#8211; Avtagbar sl\u00e4pvagn<br \/>\n* &#8211; Rake och spade<br \/>\n* &#8211; 2 upps\u00e4ttningar klisterm\u00e4rken<\/p>\n<p>Leksaken utvecklar:<\/p>\n<p>* &#8211; Motorik<br \/>\n* &#8211; Kreativitet<br \/>\n* &#8211; Rumsligt t\u00e4nkande<br \/>\n* &#8211; Sj\u00e4lvst\u00e4ndighet och ansvar<\/p>\n<p>Falk \u00e4r en ledande europeisk tillverkare av h\u00f6gkvalitativa trampfordon. F\u00f6retagets produktsortiment omfattar traktorer med licens fr\u00e5n varum\u00e4rken som Claas, Renault, McCormick, Kubota, Case IH och andra. Alla fordon tillverkas i Frankrike av h\u00f6gkvalitativa material.<\/p>\n","protected":false},"excerpt":{"rendered":"<p>Baby Claas \u00e5ktraktor med sl\u00e4p fr\u00e5n FALK \u00e4r en dr\u00f6m som g\u00e5r i uppfyllelse f\u00f6r m\u00e5nga sm\u00e5 traktorf\u00f6rare. Noggrant tillverkad med uppm\u00e4rksamhet p\u00e5 minsta detalj! Ingen bonde skulle rynka p\u00e5 n\u00e4san \u00e5t den. Fordonet \u00e4r tillverkat av plast av h\u00f6gsta kvalitet och \u00e4r avsett f\u00f6r barn fr\u00e5n 12 m\u00e5naders \u00e5lder. L\u00e4ngd p\u00e5 setet [ska kompletteras [&hellip;]<\/p>\n","protected":false},"featured_media":0,"comment_status":"open","ping_status":"closed","template":"","meta":[],"product_brand":[],"product_cat":[33],"product_tag":[],"class_list":{"0":"post-10231","1":"product","2":"type-product","3":"status-publish","5":"product_cat-okategoriserad","7":"first","8":"instock","9":"shipping-taxable","10":"purchasable","11":"product-type-simple"},"_links":{"self":[{"href":"https:\/\/nordicmart.andreevmaster.com\/sv\/wp-json\/wp\/v2\/product\/10231","targetHints":{"allow":["GET"]}}],"collection":[{"href":"https:\/\/nordicmart.andreevmaster.com\/sv\/wp-json\/wp\/v2\/product"}],"about":[{"href":"https:\/\/nordicmart.andreevmaster.com\/sv\/wp-json\/wp\/v2\/types\/product"}],"replies":[{"embeddable":true,"href":"https:\/\/nordicmart.andreevmaster.com\/sv\/wp-json\/wp\/v2\/comments?post=10231"}],"wp:attachment":[{"href":"https:\/\/nordicmart.andreevmaster.com\/sv\/wp-json\/wp\/v2\/media?parent=10231"}],"wp:term":[{"taxonomy":"product_brand","embeddable":true,"href":"https:\/\/nordicmart.andreevmaster.com\/sv\/wp-json\/wp\/v2\/product_brand?post=10231"},{"taxonomy":"product_cat","embeddable":true,"href":"https:\/\/nordicmart.andreevmaster.com\/sv\/wp-json\/wp\/v2\/product_cat?post=10231"},{"taxonomy":"product_tag","embeddable":true,"href":"https:\/\/nordicmart.andreevmaster.com\/sv\/wp-json\/wp\/v2\/product_tag?post=10231"}],"curies":[{"name":"wp","href":"https:\/\/api.w.org\/{rel}","templated":true}]}}