{"id":10229,"date":"2026-02-27T00:05:48","date_gmt":"2026-02-27T00:05:48","guid":{"rendered":"https:\/\/nordicmart.andreevmaster.com\/product\/falk-rainbow-vit-traktor-med-slap-fran-1-ar\/"},"modified":"2026-02-27T08:02:25","modified_gmt":"2026-02-27T08:02:25","slug":"falk-rainbow-vit-traktor-med-slap-fran-1-ar","status":"publish","type":"product","link":"https:\/\/nordicmart.andreevmaster.com\/sv\/produkt\/falk-rainbow-vit-traktor-med-slap-fran-1-ar\/","title":{"rendered":"FALK Rainbow Vit traktor med sl\u00e4p fr\u00e5n 1 \u00e5r"},"content":{"rendered":"<p>Falk Rainbow \u00e5ktraktor med sl\u00e4p \u00e4r en dr\u00f6m som g\u00e5r i uppfyllelse f\u00f6r m\u00e5nga sm\u00e5 traktorf\u00f6rare. Noggrant tillverkad med uppm\u00e4rksamhet p\u00e5 minsta detalj! Ingen riktig bonde skulle rynka p\u00e5 n\u00e4san \u00e5t den h\u00e4r. Fordonet \u00e4r tillverkat av plast av h\u00f6gsta kvalitet och \u00e4r avsett f\u00f6r barn fr\u00e5n 12 m\u00e5nader. Fordonet \u00e4r utrustat med en avtagbar sl\u00e4pvagn med paneler och ett ratt med tuta. Traktorns hjul \u00e4r tillverkade av h\u00f6gkvalitativ plast. Med de klisterm\u00e4rken som medf\u00f6ljer traktorn kan ditt barn v\u00e4lja sin egen unika stil. Ett leende ansikte eller en standarddekal? \u00d6verraska alla och klistra den p\u00e5 fordonets framsida. <\/p>\n<p>Egenskaper: <\/p>\n<p>* &#8211; fr\u00e5n 12 m\u00e5nader,<br \/>\n* &#8211; maximal belastning 25 kg,<br \/>\n* &#8211; tuta i ratten,<br \/>\n* &#8211; avtagbar sl\u00e4pvagn<br \/>\n* &#8211; sv\u00e4ngbar framaxel,* &#8211; hjul av h\u00f6gkvalitativ plast,<br \/>\n* &#8211; stabil och s\u00e4ker,<br \/>\n* &#8211; produkten kr\u00e4ver delvis montering,<br \/>\n* &#8211; setet inneh\u00e5ller 2 framklisterm\u00e4rken att v\u00e4lja mellan<\/p>\n<p>Setet inneh\u00e5ller:<\/p>\n<p>* &#8211; Traktor<br \/>\n* &#8211; Sl\u00e4pvagn<br \/>\n* &#8211; 2 klisterm\u00e4rken<\/p>\n<p>Leksaken utvecklar:<\/p>\n<p>* &#8211; Fin- och grovmotorik<br \/>\n* &#8211; Manuell skicklighet<br \/>\n* &#8211; Motorisk koordination<\/p>\n","protected":false},"excerpt":{"rendered":"<p>Falk Rainbow \u00e5ktraktor med sl\u00e4p \u00e4r en dr\u00f6m som g\u00e5r i uppfyllelse f\u00f6r m\u00e5nga sm\u00e5 traktorf\u00f6rare. Noggrant tillverkad med uppm\u00e4rksamhet p\u00e5 minsta detalj! Ingen riktig bonde skulle rynka p\u00e5 n\u00e4san \u00e5t den h\u00e4r. Fordonet \u00e4r tillverkat av plast av h\u00f6gsta kvalitet och \u00e4r avsett f\u00f6r barn fr\u00e5n 12 m\u00e5nader. Fordonet \u00e4r utrustat med en avtagbar [&hellip;]<\/p>\n","protected":false},"featured_media":0,"comment_status":"open","ping_status":"closed","template":"","meta":[],"product_brand":[],"product_cat":[33],"product_tag":[],"class_list":{"0":"post-10229","1":"product","2":"type-product","3":"status-publish","5":"product_cat-okategoriserad","7":"first","8":"instock","9":"shipping-taxable","10":"purchasable","11":"product-type-simple"},"_links":{"self":[{"href":"https:\/\/nordicmart.andreevmaster.com\/sv\/wp-json\/wp\/v2\/product\/10229","targetHints":{"allow":["GET"]}}],"collection":[{"href":"https:\/\/nordicmart.andreevmaster.com\/sv\/wp-json\/wp\/v2\/product"}],"about":[{"href":"https:\/\/nordicmart.andreevmaster.com\/sv\/wp-json\/wp\/v2\/types\/product"}],"replies":[{"embeddable":true,"href":"https:\/\/nordicmart.andreevmaster.com\/sv\/wp-json\/wp\/v2\/comments?post=10229"}],"wp:attachment":[{"href":"https:\/\/nordicmart.andreevmaster.com\/sv\/wp-json\/wp\/v2\/media?parent=10229"}],"wp:term":[{"taxonomy":"product_brand","embeddable":true,"href":"https:\/\/nordicmart.andreevmaster.com\/sv\/wp-json\/wp\/v2\/product_brand?post=10229"},{"taxonomy":"product_cat","embeddable":true,"href":"https:\/\/nordicmart.andreevmaster.com\/sv\/wp-json\/wp\/v2\/product_cat?post=10229"},{"taxonomy":"product_tag","embeddable":true,"href":"https:\/\/nordicmart.andreevmaster.com\/sv\/wp-json\/wp\/v2\/product_tag?post=10229"}],"curies":[{"name":"wp","href":"https:\/\/api.w.org\/{rel}","templated":true}]}}