{"id":10228,"date":"2026-02-27T00:05:48","date_gmt":"2026-02-27T00:05:48","guid":{"rendered":"https:\/\/nordicmart.andreevmaster.com\/product\/falk-country-farmer-pedaltraktor-med-slap-gron-2-5-ar\/"},"modified":"2026-02-27T08:02:25","modified_gmt":"2026-02-27T08:02:25","slug":"falk-country-farmer-pedaltraktor-med-slap-gron-2-5-ar","status":"publish","type":"product","link":"https:\/\/nordicmart.andreevmaster.com\/sv\/produkt\/falk-country-farmer-pedaltraktor-med-slap-gron-2-5-ar\/","title":{"rendered":"FALK Country Farmer pedaltraktor med sl\u00e4p Gr\u00f6n 2-5 \u00e5r"},"content":{"rendered":"<p>Falk Country Farmer pedaltraktor \u00e4r speciellt utformad f\u00f6r barn i \u00e5ldern 2 till 5 \u00e5r. Sm\u00e5 tr\u00e4dg\u00e5rdsm\u00e4stare kommer att tycka om att lasta och transportera sand, l\u00f6v, jord och sm\u00e5sten fr\u00e5n ena \u00e4nden av tr\u00e4dg\u00e5rden till den andra med hj\u00e4lp av den medf\u00f6ljande sl\u00e4pvagnen. Barn kan leka kreativt i timmar samtidigt som de utvecklar sina f\u00e4rdigheter och njuter av utomhusaktiviteter.<br \/>\nFunktioner:<br \/>\n* &#8211; fordon utformat f\u00f6r barn i \u00e5ldern 2-5 \u00e5r<br \/>\n* &#8211; tuta i ratten,<br \/>\n* &#8211; maximal last upp till 30 kg,<br \/>\n* &#8211; stabil och s\u00e4ker,<br \/>\n* &#8211; produkten kr\u00e4ver delvis montering,<\/p>\n","protected":false},"excerpt":{"rendered":"<p>Falk Country Farmer pedaltraktor \u00e4r speciellt utformad f\u00f6r barn i \u00e5ldern 2 till 5 \u00e5r. Sm\u00e5 tr\u00e4dg\u00e5rdsm\u00e4stare kommer att tycka om att lasta och transportera sand, l\u00f6v, jord och sm\u00e5sten fr\u00e5n ena \u00e4nden av tr\u00e4dg\u00e5rden till den andra med hj\u00e4lp av den medf\u00f6ljande sl\u00e4pvagnen. Barn kan leka kreativt i timmar samtidigt som de utvecklar sina [&hellip;]<\/p>\n","protected":false},"featured_media":0,"comment_status":"open","ping_status":"closed","template":"","meta":[],"product_brand":[],"product_cat":[33],"product_tag":[],"class_list":{"0":"post-10228","1":"product","2":"type-product","3":"status-publish","5":"product_cat-okategoriserad","7":"first","8":"instock","9":"shipping-taxable","10":"purchasable","11":"product-type-simple"},"_links":{"self":[{"href":"https:\/\/nordicmart.andreevmaster.com\/sv\/wp-json\/wp\/v2\/product\/10228","targetHints":{"allow":["GET"]}}],"collection":[{"href":"https:\/\/nordicmart.andreevmaster.com\/sv\/wp-json\/wp\/v2\/product"}],"about":[{"href":"https:\/\/nordicmart.andreevmaster.com\/sv\/wp-json\/wp\/v2\/types\/product"}],"replies":[{"embeddable":true,"href":"https:\/\/nordicmart.andreevmaster.com\/sv\/wp-json\/wp\/v2\/comments?post=10228"}],"wp:attachment":[{"href":"https:\/\/nordicmart.andreevmaster.com\/sv\/wp-json\/wp\/v2\/media?parent=10228"}],"wp:term":[{"taxonomy":"product_brand","embeddable":true,"href":"https:\/\/nordicmart.andreevmaster.com\/sv\/wp-json\/wp\/v2\/product_brand?post=10228"},{"taxonomy":"product_cat","embeddable":true,"href":"https:\/\/nordicmart.andreevmaster.com\/sv\/wp-json\/wp\/v2\/product_cat?post=10228"},{"taxonomy":"product_tag","embeddable":true,"href":"https:\/\/nordicmart.andreevmaster.com\/sv\/wp-json\/wp\/v2\/product_tag?post=10228"}],"curies":[{"name":"wp","href":"https:\/\/api.w.org\/{rel}","templated":true}]}}