{"id":10226,"date":"2026-02-27T00:05:47","date_gmt":"2026-02-27T00:05:47","guid":{"rendered":"https:\/\/nordicmart.andreevmaster.com\/product\/falk-farm-lander-gravlastare-2-5-ar\/"},"modified":"2026-02-27T08:02:25","modified_gmt":"2026-02-27T08:02:25","slug":"falk-farm-lander-gravlastare-2-5-ar","status":"publish","type":"product","link":"https:\/\/nordicmart.andreevmaster.com\/sv\/produkt\/falk-farm-lander-gravlastare-2-5-ar\/","title":{"rendered":"FALK Farm Lander gr\u00e4vlastare 2-5 \u00e5r"},"content":{"rendered":"<p>Farm Lander gr\u00e4vlastare med sl\u00e4p fr\u00e5n Falk \u00e4r en dr\u00f6m som g\u00e5r i uppfyllelse f\u00f6r m\u00e5nga sm\u00e5 traktorf\u00f6rare. Noggrant tillverkad, med uppm\u00e4rksamhet p\u00e5 minsta detalj! Ingen bonde skulle tacka nej till den. En trampbil \u2013 den perfekta presenten f\u00f6r alla sm\u00e5barn. Farm Lander trampbil med skopa, lastare och sl\u00e4p \u00e4r tillverkad av h\u00f6gkvalitativ plast, varav 30 % \u00e4r \u00e5tervunnen.<br \/>\nEgenskaper:<br \/>\n* &#8211; fordonet \u00e4r avsett f\u00f6r barn i \u00e5ldern 2\u20135 \u00e5r<br \/>\n* &#8211; tuta i ratten<br \/>\n* &#8211; r\u00f6rlig skopa fram<br \/>\n* &#8211; utrustad med en funktionell lastare<br \/>\n* &#8211; stabil och s\u00e4ker<br \/>\n* &#8211; produkt f\u00f6r delvis montering,<\/p>\n","protected":false},"excerpt":{"rendered":"<p>Farm Lander gr\u00e4vlastare med sl\u00e4p fr\u00e5n Falk \u00e4r en dr\u00f6m som g\u00e5r i uppfyllelse f\u00f6r m\u00e5nga sm\u00e5 traktorf\u00f6rare. Noggrant tillverkad, med uppm\u00e4rksamhet p\u00e5 minsta detalj! Ingen bonde skulle tacka nej till den. En trampbil \u2013 den perfekta presenten f\u00f6r alla sm\u00e5barn. Farm Lander trampbil med skopa, lastare och sl\u00e4p \u00e4r tillverkad av h\u00f6gkvalitativ plast, varav [&hellip;]<\/p>\n","protected":false},"featured_media":0,"comment_status":"open","ping_status":"closed","template":"","meta":[],"product_brand":[],"product_cat":[33],"product_tag":[],"class_list":{"0":"post-10226","1":"product","2":"type-product","3":"status-publish","5":"product_cat-okategoriserad","7":"first","8":"instock","9":"shipping-taxable","10":"purchasable","11":"product-type-simple"},"_links":{"self":[{"href":"https:\/\/nordicmart.andreevmaster.com\/sv\/wp-json\/wp\/v2\/product\/10226","targetHints":{"allow":["GET"]}}],"collection":[{"href":"https:\/\/nordicmart.andreevmaster.com\/sv\/wp-json\/wp\/v2\/product"}],"about":[{"href":"https:\/\/nordicmart.andreevmaster.com\/sv\/wp-json\/wp\/v2\/types\/product"}],"replies":[{"embeddable":true,"href":"https:\/\/nordicmart.andreevmaster.com\/sv\/wp-json\/wp\/v2\/comments?post=10226"}],"wp:attachment":[{"href":"https:\/\/nordicmart.andreevmaster.com\/sv\/wp-json\/wp\/v2\/media?parent=10226"}],"wp:term":[{"taxonomy":"product_brand","embeddable":true,"href":"https:\/\/nordicmart.andreevmaster.com\/sv\/wp-json\/wp\/v2\/product_brand?post=10226"},{"taxonomy":"product_cat","embeddable":true,"href":"https:\/\/nordicmart.andreevmaster.com\/sv\/wp-json\/wp\/v2\/product_cat?post=10226"},{"taxonomy":"product_tag","embeddable":true,"href":"https:\/\/nordicmart.andreevmaster.com\/sv\/wp-json\/wp\/v2\/product_tag?post=10226"}],"curies":[{"name":"wp","href":"https:\/\/api.w.org\/{rel}","templated":true}]}}