{"id":10221,"date":"2026-02-27T00:05:46","date_gmt":"2026-02-27T00:05:46","guid":{"rendered":"https:\/\/nordicmart.andreevmaster.com\/product\/falk-red-supercharger-traktor-rod-oppningsbar-motorhuv-fran-2-ar\/"},"modified":"2026-02-27T08:02:24","modified_gmt":"2026-02-27T08:02:24","slug":"falk-red-supercharger-traktor-rod-oppningsbar-motorhuv-fran-2-ar","status":"publish","type":"product","link":"https:\/\/nordicmart.andreevmaster.com\/sv\/produkt\/falk-red-supercharger-traktor-rod-oppningsbar-motorhuv-fran-2-ar\/","title":{"rendered":"FALK Red Supercharger Traktor R\u00f6d \u00d6ppningsbar Motorhuv Fr\u00e5n 2 \u00e5r"},"content":{"rendered":"<p>Den r\u00f6da Supercharger-pedaltraktorn med sl\u00e4p fr\u00e5n FALK \u00e4r en dr\u00f6m som g\u00e5r i uppfyllelse f\u00f6r m\u00e5nga sm\u00e5 traktorf\u00f6rare. Noggrant tillverkad med uppm\u00e4rksamhet p\u00e5 minsta detalj! Ingen bonde skulle rynka p\u00e5 n\u00e4san \u00e5t denna. Fordonet \u00e4r tillverkat av plast av h\u00f6gsta kvalitet och \u00e4r avsett f\u00f6r barn fr\u00e5n 2 \u00e5r. Fordonet \u00e4r utrustat med ett avtagbart sl\u00e4p med paneler och en ratt med tuta. Traktorns hjul \u00e4r tillverkade av h\u00f6gkvalitativ plast. Traktorn har ocks\u00e5 en \u00f6ppningsbar motorhuv med en imitation av en riktig motor. <\/p>\n<p>Egenskaper:<\/p>\n<p>* &#8211; f\u00f6r barn fr\u00e5n 2 \u00e5r,<br \/>\n* &#8211; maximal belastning upp till 30 kg,<br \/>\n* &#8211; tuta i styret,<br \/>\n* &#8211; kedjedrivning till bakaxeln,* &#8211; avtagbar sl\u00e4pvagn,<br \/>\n* &#8211; sv\u00e4ngbar framaxel,<br \/>\n* &#8211; hjul av h\u00f6gkvalitativ plast,<br \/>\n* &#8211; stabil och s\u00e4ker,<br \/>\n* &#8211; produkten kr\u00e4ver delvis montering,<br \/>\n* &#8211; har en \u00f6ppningsbar motorhuv med en realistisk motorimitation.<\/p>\n<p>Falk \u00e4r en ledande europeisk tillverkare av h\u00f6gkvalitativa pedaldrivna fordon. F\u00f6retagets produktsortiment omfattar traktorer med licens fr\u00e5n varum\u00e4rken som Claas, Renault, McCormick, Kubota, Case IH och andra. Alla fordon tillverkas i Frankrike av h\u00f6gkvalitativa material.<\/p>\n","protected":false},"excerpt":{"rendered":"<p>Den r\u00f6da Supercharger-pedaltraktorn med sl\u00e4p fr\u00e5n FALK \u00e4r en dr\u00f6m som g\u00e5r i uppfyllelse f\u00f6r m\u00e5nga sm\u00e5 traktorf\u00f6rare. Noggrant tillverkad med uppm\u00e4rksamhet p\u00e5 minsta detalj! Ingen bonde skulle rynka p\u00e5 n\u00e4san \u00e5t denna. Fordonet \u00e4r tillverkat av plast av h\u00f6gsta kvalitet och \u00e4r avsett f\u00f6r barn fr\u00e5n 2 \u00e5r. Fordonet \u00e4r utrustat med ett avtagbart [&hellip;]<\/p>\n","protected":false},"featured_media":0,"comment_status":"open","ping_status":"closed","template":"","meta":[],"product_brand":[],"product_cat":[33],"product_tag":[],"class_list":{"0":"post-10221","1":"product","2":"type-product","3":"status-publish","5":"product_cat-okategoriserad","7":"first","8":"instock","9":"shipping-taxable","10":"purchasable","11":"product-type-simple"},"_links":{"self":[{"href":"https:\/\/nordicmart.andreevmaster.com\/sv\/wp-json\/wp\/v2\/product\/10221","targetHints":{"allow":["GET"]}}],"collection":[{"href":"https:\/\/nordicmart.andreevmaster.com\/sv\/wp-json\/wp\/v2\/product"}],"about":[{"href":"https:\/\/nordicmart.andreevmaster.com\/sv\/wp-json\/wp\/v2\/types\/product"}],"replies":[{"embeddable":true,"href":"https:\/\/nordicmart.andreevmaster.com\/sv\/wp-json\/wp\/v2\/comments?post=10221"}],"wp:attachment":[{"href":"https:\/\/nordicmart.andreevmaster.com\/sv\/wp-json\/wp\/v2\/media?parent=10221"}],"wp:term":[{"taxonomy":"product_brand","embeddable":true,"href":"https:\/\/nordicmart.andreevmaster.com\/sv\/wp-json\/wp\/v2\/product_brand?post=10221"},{"taxonomy":"product_cat","embeddable":true,"href":"https:\/\/nordicmart.andreevmaster.com\/sv\/wp-json\/wp\/v2\/product_cat?post=10221"},{"taxonomy":"product_tag","embeddable":true,"href":"https:\/\/nordicmart.andreevmaster.com\/sv\/wp-json\/wp\/v2\/product_tag?post=10221"}],"curies":[{"name":"wp","href":"https:\/\/api.w.org\/{rel}","templated":true}]}}