{"id":10219,"date":"2026-02-27T00:05:46","date_gmt":"2026-02-27T00:05:46","guid":{"rendered":"https:\/\/nordicmart.andreevmaster.com\/product\/falk-red-supercharger-pedaltraktor-med-slap-oppningsbar-fran-3-ar\/"},"modified":"2026-02-27T08:02:24","modified_gmt":"2026-02-27T08:02:24","slug":"falk-red-supercharger-pedaltraktor-med-slap-oppningsbar-fran-3-ar","status":"publish","type":"product","link":"https:\/\/nordicmart.andreevmaster.com\/sv\/produkt\/falk-red-supercharger-pedaltraktor-med-slap-oppningsbar-fran-3-ar\/","title":{"rendered":"FALK Red Supercharger pedaltraktor med sl\u00e4p \u00d6ppningsbar fr\u00e5n 3 \u00e5r"},"content":{"rendered":"<p>Red Supercharger pedaltraktor med sl\u00e4p fr\u00e5n FALK \u00e4r en dr\u00f6m som g\u00e5r i uppfyllelse f\u00f6r m\u00e5nga sm\u00e5 traktorf\u00f6rare. Noggrant tillverkad med uppm\u00e4rksamhet p\u00e5 minsta detalj! Ingen bonde skulle rynka p\u00e5 n\u00e4san \u00e5t den h\u00e4r. Fordonet \u00e4r tillverkat av h\u00f6gkvalitativ plast och \u00e4r avsett f\u00f6r barn fr\u00e5n 3 \u00e5r. Fordonet \u00e4r utrustat med en avtagbar sl\u00e4pvagn med paneler och en ratt med tuta. Traktorns hjul \u00e4r tillverkade av h\u00f6gkvalitativ plast. Traktorn har ocks\u00e5 en \u00f6ppningsbar motorhuv med en imitation av en riktig motor.<br \/>\nEgenskaper:<br \/>\n* &#8211; F\u00f6r barn fr\u00e5n 3 \u00e5r<br \/>\n* &#8211; Maximal belastning upp till 50 kg<br \/>\n* &#8211; Signalhorn i styret<br \/>\n* &#8211; Kedjedrivning p\u00e5 bakaxeln<br \/>\n* &#8211; Avtagbar sl\u00e4pvagn<br \/>\n* &#8211; Styrbar framaxel<br \/>\n* &#8211; Hjul tillverkade av h\u00f6gkvalitativ plast<br \/>\n* &#8211; Stabil och s\u00e4ker<br \/>\n* &#8211; Produkten kr\u00e4ver delvis montering<br \/>\n* &#8211; Har en \u00f6ppningsbar motorhuv med imitation av en riktig motor<\/p>\n<p>Satsen inneh\u00e5ller:<\/p>\n<p>* &#8211; Traktor med frontlastare<br \/>\n* &#8211; Gr\u00e4vmaskin<br \/>\n* &#8211; Avtagbar sl\u00e4pvagn<\/p>\n<p>Leksaken utvecklar:<\/p>\n<p>* &#8211; Grovmotorik och fysisk kondition<br \/>\n* &#8211; Hand-\u00f6ga- och hand-fot-koordination<br \/>\n* &#8211; Kreativitet och rollspel<br \/>\n* &#8211; En k\u00e4nsla av sj\u00e4lvst\u00e4ndighet och sj\u00e4lvf\u00f6rtroende<br \/>\n* &#8211; Fantasi och rumslig planering<\/p>\n","protected":false},"excerpt":{"rendered":"<p>Red Supercharger pedaltraktor med sl\u00e4p fr\u00e5n FALK \u00e4r en dr\u00f6m som g\u00e5r i uppfyllelse f\u00f6r m\u00e5nga sm\u00e5 traktorf\u00f6rare. Noggrant tillverkad med uppm\u00e4rksamhet p\u00e5 minsta detalj! Ingen bonde skulle rynka p\u00e5 n\u00e4san \u00e5t den h\u00e4r. Fordonet \u00e4r tillverkat av h\u00f6gkvalitativ plast och \u00e4r avsett f\u00f6r barn fr\u00e5n 3 \u00e5r. Fordonet \u00e4r utrustat med en avtagbar sl\u00e4pvagn [&hellip;]<\/p>\n","protected":false},"featured_media":0,"comment_status":"open","ping_status":"closed","template":"","meta":[],"product_brand":[],"product_cat":[33],"product_tag":[],"class_list":{"0":"post-10219","1":"product","2":"type-product","3":"status-publish","5":"product_cat-okategoriserad","7":"first","8":"instock","9":"shipping-taxable","10":"purchasable","11":"product-type-simple"},"_links":{"self":[{"href":"https:\/\/nordicmart.andreevmaster.com\/sv\/wp-json\/wp\/v2\/product\/10219","targetHints":{"allow":["GET"]}}],"collection":[{"href":"https:\/\/nordicmart.andreevmaster.com\/sv\/wp-json\/wp\/v2\/product"}],"about":[{"href":"https:\/\/nordicmart.andreevmaster.com\/sv\/wp-json\/wp\/v2\/types\/product"}],"replies":[{"embeddable":true,"href":"https:\/\/nordicmart.andreevmaster.com\/sv\/wp-json\/wp\/v2\/comments?post=10219"}],"wp:attachment":[{"href":"https:\/\/nordicmart.andreevmaster.com\/sv\/wp-json\/wp\/v2\/media?parent=10219"}],"wp:term":[{"taxonomy":"product_brand","embeddable":true,"href":"https:\/\/nordicmart.andreevmaster.com\/sv\/wp-json\/wp\/v2\/product_brand?post=10219"},{"taxonomy":"product_cat","embeddable":true,"href":"https:\/\/nordicmart.andreevmaster.com\/sv\/wp-json\/wp\/v2\/product_cat?post=10219"},{"taxonomy":"product_tag","embeddable":true,"href":"https:\/\/nordicmart.andreevmaster.com\/sv\/wp-json\/wp\/v2\/product_tag?post=10219"}],"curies":[{"name":"wp","href":"https:\/\/api.w.org\/{rel}","templated":true}]}}