{"id":10217,"date":"2026-02-27T00:05:45","date_gmt":"2026-02-27T00:05:45","guid":{"rendered":"https:\/\/nordicmart.andreevmaster.com\/product\/injusa-winner-750-sx-red-push-bike-2\/"},"modified":"2026-02-27T08:02:24","modified_gmt":"2026-02-27T08:02:24","slug":"injusa-winner-750-sx-red-push-bike-2","status":"publish","type":"product","link":"https:\/\/nordicmart.andreevmaster.com\/sv\/produkt\/injusa-winner-750-sx-red-push-bike-2\/","title":{"rendered":"INJUSA Winner 750 sx Red Push Bike"},"content":{"rendered":"<p>Balanscykeln Winner 750 XS fr\u00e5n den spanska tillverkaren INJUSA \u00e4r det perfekta valet f\u00f6r sm\u00e5 motorentusiaster. Den sportiga designen i r\u00f6tt \u00e4r i\u00f6gonfallande, medan det ergonomiska, konturerade s\u00e4tet och det sv\u00e4ngbara framhjulet garanterar en bekv\u00e4m och s\u00e4ker \u00e5ktur. Tack vare de breda hjulen \u00e4r fordonet stabilt, vilket g\u00f6r det l\u00e4ttare f\u00f6r barn att l\u00e4ra sig att h\u00e5lla balansen och utveckla sin motorik. Den \u00e4r tillverkad av h\u00f6gkvalitativa, s\u00e4kra material och \u00e4r h\u00e5llbar och t\u00e5lig mot intensiv lek. <\/p>\n<p>Egenskaper: <\/p>\n<p>* &#8211; Sportig look \u2013 dynamisk design i r\u00f6tt<br \/>\n* &#8211; Stabil konstruktion \u2013 breda hjul s\u00e4kerst\u00e4ller b\u00e4ttre balans<br \/>\n* &#8211; Komfort och s\u00e4kerhet \u2013 ergonomiskt s\u00e4te och sv\u00e4ngbart framhjul<br \/>\n* &#8211; H\u00f6g kvalitet \u2013 tillverkad av s\u00e4kra, h\u00e5llbara material<br \/>\n* &#8211; Barns utveckling \u2013 hj\u00e4lper barn att l\u00e4ra sig koordination och balans<br \/>\n* &#8211; H\u00e5llbarhet \u2013 maximal belastning upp till 30 kg<br \/>\n* &#8211; Avsedd f\u00f6r barn fr\u00e5n 3 \u00e5r<br \/>\n* &#8211; Sitsh\u00f6jd: 41 cm<br \/>\n* &#8211; Hjulstorlek: 12 tum<\/p>\n","protected":false},"excerpt":{"rendered":"<p>Balanscykeln Winner 750 XS fr\u00e5n den spanska tillverkaren INJUSA \u00e4r det perfekta valet f\u00f6r sm\u00e5 motorentusiaster. Den sportiga designen i r\u00f6tt \u00e4r i\u00f6gonfallande, medan det ergonomiska, konturerade s\u00e4tet och det sv\u00e4ngbara framhjulet garanterar en bekv\u00e4m och s\u00e4ker \u00e5ktur. Tack vare de breda hjulen \u00e4r fordonet stabilt, vilket g\u00f6r det l\u00e4ttare f\u00f6r barn att l\u00e4ra sig [&hellip;]<\/p>\n","protected":false},"featured_media":0,"comment_status":"open","ping_status":"closed","template":"","meta":[],"product_brand":[],"product_cat":[33],"product_tag":[],"class_list":{"0":"post-10217","1":"product","2":"type-product","3":"status-publish","5":"product_cat-okategoriserad","7":"first","8":"instock","9":"shipping-taxable","10":"purchasable","11":"product-type-simple"},"_links":{"self":[{"href":"https:\/\/nordicmart.andreevmaster.com\/sv\/wp-json\/wp\/v2\/product\/10217","targetHints":{"allow":["GET"]}}],"collection":[{"href":"https:\/\/nordicmart.andreevmaster.com\/sv\/wp-json\/wp\/v2\/product"}],"about":[{"href":"https:\/\/nordicmart.andreevmaster.com\/sv\/wp-json\/wp\/v2\/types\/product"}],"replies":[{"embeddable":true,"href":"https:\/\/nordicmart.andreevmaster.com\/sv\/wp-json\/wp\/v2\/comments?post=10217"}],"wp:attachment":[{"href":"https:\/\/nordicmart.andreevmaster.com\/sv\/wp-json\/wp\/v2\/media?parent=10217"}],"wp:term":[{"taxonomy":"product_brand","embeddable":true,"href":"https:\/\/nordicmart.andreevmaster.com\/sv\/wp-json\/wp\/v2\/product_brand?post=10217"},{"taxonomy":"product_cat","embeddable":true,"href":"https:\/\/nordicmart.andreevmaster.com\/sv\/wp-json\/wp\/v2\/product_cat?post=10217"},{"taxonomy":"product_tag","embeddable":true,"href":"https:\/\/nordicmart.andreevmaster.com\/sv\/wp-json\/wp\/v2\/product_tag?post=10217"}],"curies":[{"name":"wp","href":"https:\/\/api.w.org\/{rel}","templated":true}]}}