{"id":10216,"date":"2026-02-27T00:05:45","date_gmt":"2026-02-27T00:05:45","guid":{"rendered":"https:\/\/nordicmart.andreevmaster.com\/product\/little-tikes-my-first-slide-2\/"},"modified":"2026-02-27T08:02:24","modified_gmt":"2026-02-27T08:02:24","slug":"little-tikes-my-first-slide-2","status":"publish","type":"product","link":"https:\/\/nordicmart.andreevmaster.com\/sv\/produkt\/little-tikes-my-first-slide-2\/","title":{"rendered":"Little Tikes My First Slide"},"content":{"rendered":"<p>My First Slide-rutschkanan \u00e4r designad av den v\u00e4lk\u00e4nda leksakstillverkaren Little Tikes. Dessa rutschkanor \u00e4r tillverkade av h\u00f6gkvalitativa material med omsorg om minsta detalj och \u00e4r utformade f\u00f6r att fr\u00e4mja en harmonisk motorisk utveckling hos barn fr\u00e5n 18 m\u00e5naders \u00e5lder. Setet inneh\u00e5ller en vackert utformad rutschkana i bl\u00e5tt och gr\u00f6nt som uppmuntrar barn att g\u00f6ra sina f\u00f6rsta lekfulla upplevelser och utveckla sin balans, motoriska koordination och sj\u00e4lvf\u00f6rtroende.<\/p>\n<p>\u2705Egenskaper:<\/p>\n<p>\u2714\ufe0f Set f\u00f6r barn fr\u00e5n 18 m\u00e5nader \u2714\ufe0f Tillverkad av h\u00e5llbart, s\u00e4kert material i bl\u00e5 och gr\u00f6na f\u00e4rger \u2714\ufe0f Designad med bekv\u00e4ma steg och en mild lutning p\u00e5 rutschkanan \u2714\ufe0f Bred bas f\u00f6r exceptionell stabilitet under lek<\/p>\n<p>\u2705Leksaken utvecklar:<\/p>\n<p>\u2714\ufe0f Fysisk kondition och balans \u2714\ufe0f Motorisk koordination \u2714\ufe0f Sj\u00e4lvf\u00f6rtroende \u2714\ufe0f Motoriska f\u00e4rdigheter<\/p>\n","protected":false},"excerpt":{"rendered":"<p>My First Slide-rutschkanan \u00e4r designad av den v\u00e4lk\u00e4nda leksakstillverkaren Little Tikes. Dessa rutschkanor \u00e4r tillverkade av h\u00f6gkvalitativa material med omsorg om minsta detalj och \u00e4r utformade f\u00f6r att fr\u00e4mja en harmonisk motorisk utveckling hos barn fr\u00e5n 18 m\u00e5naders \u00e5lder. Setet inneh\u00e5ller en vackert utformad rutschkana i bl\u00e5tt och gr\u00f6nt som uppmuntrar barn att g\u00f6ra sina [&hellip;]<\/p>\n","protected":false},"featured_media":0,"comment_status":"open","ping_status":"closed","template":"","meta":[],"product_brand":[],"product_cat":[33],"product_tag":[],"class_list":{"0":"post-10216","1":"product","2":"type-product","3":"status-publish","5":"product_cat-okategoriserad","7":"first","8":"instock","9":"shipping-taxable","10":"purchasable","11":"product-type-simple"},"_links":{"self":[{"href":"https:\/\/nordicmart.andreevmaster.com\/sv\/wp-json\/wp\/v2\/product\/10216","targetHints":{"allow":["GET"]}}],"collection":[{"href":"https:\/\/nordicmart.andreevmaster.com\/sv\/wp-json\/wp\/v2\/product"}],"about":[{"href":"https:\/\/nordicmart.andreevmaster.com\/sv\/wp-json\/wp\/v2\/types\/product"}],"replies":[{"embeddable":true,"href":"https:\/\/nordicmart.andreevmaster.com\/sv\/wp-json\/wp\/v2\/comments?post=10216"}],"wp:attachment":[{"href":"https:\/\/nordicmart.andreevmaster.com\/sv\/wp-json\/wp\/v2\/media?parent=10216"}],"wp:term":[{"taxonomy":"product_brand","embeddable":true,"href":"https:\/\/nordicmart.andreevmaster.com\/sv\/wp-json\/wp\/v2\/product_brand?post=10216"},{"taxonomy":"product_cat","embeddable":true,"href":"https:\/\/nordicmart.andreevmaster.com\/sv\/wp-json\/wp\/v2\/product_cat?post=10216"},{"taxonomy":"product_tag","embeddable":true,"href":"https:\/\/nordicmart.andreevmaster.com\/sv\/wp-json\/wp\/v2\/product_tag?post=10216"}],"curies":[{"name":"wp","href":"https:\/\/api.w.org\/{rel}","templated":true}]}}