{"id":10215,"date":"2026-02-27T00:05:45","date_gmt":"2026-02-27T00:05:45","guid":{"rendered":"https:\/\/nordicmart.andreevmaster.com\/product\/little-tikes-gunghund-blue-rocker\/"},"modified":"2026-02-27T08:02:23","modified_gmt":"2026-02-27T08:02:23","slug":"little-tikes-gunghund-blue-rocker","status":"publish","type":"product","link":"https:\/\/nordicmart.andreevmaster.com\/sv\/produkt\/little-tikes-gunghund-blue-rocker\/","title":{"rendered":"LITTLE TIKES Gunghund Blue Rocker"},"content":{"rendered":"<p>Rockin&#8217; Puppy Rocker \u00e4r en s\u00f6t och s\u00e4ker leksak som \u00e4r utformad f\u00f6r de allra minsta barnen. Dess v\u00e4nliga form p\u00e5minner om en leende hund, vilket uppmuntrar barn att leka och utvecklar deras fantasi.<\/p>\n<p>Rockin&#8217; Puppy Rocking Dog \u00e4r inte bara en k\u00e4lla till gl\u00e4dje, utan ocks\u00e5 ett s\u00e4tt att utveckla motoriska f\u00e4rdigheter och balanssinne hos barn. Tack vare sin h\u00e5llbarhet och l\u00e4tta sk\u00f6tsel \u00e4r den ett popul\u00e4rt val bland f\u00f6r\u00e4ldrar.<\/p>\n<p>Egenskaper:<\/p>\n<p>* &#8211; Designad f\u00f6r sm\u00e5 h\u00e4nder och barns kroppar, vilket garanterar komfort och stabilitet vid gungning.* &#8211; Rundade kanter och solid konstruktion garanterar s\u00e4kerhet vid anv\u00e4ndning. * &#8211; Ytan \u00e4r gjord av sl\u00e4tt, h\u00e5llbart material, vilket g\u00f6r det enkelt att h\u00e5lla leksaken ren. * &#8211; L\u00e4mplig f\u00f6r sm\u00e5 barn, den st\u00f6der utvecklingen av motorisk koordination och balans. * &#8211; Den v\u00e4nliga designen av hunden i ljusa, glada f\u00e4rger passar perfekt i alla lekrum.<\/p>\n","protected":false},"excerpt":{"rendered":"<p>Rockin&#8217; Puppy Rocker \u00e4r en s\u00f6t och s\u00e4ker leksak som \u00e4r utformad f\u00f6r de allra minsta barnen. Dess v\u00e4nliga form p\u00e5minner om en leende hund, vilket uppmuntrar barn att leka och utvecklar deras fantasi. Rockin&#8217; Puppy Rocking Dog \u00e4r inte bara en k\u00e4lla till gl\u00e4dje, utan ocks\u00e5 ett s\u00e4tt att utveckla motoriska f\u00e4rdigheter och balanssinne [&hellip;]<\/p>\n","protected":false},"featured_media":0,"comment_status":"open","ping_status":"closed","template":"","meta":[],"product_brand":[],"product_cat":[33],"product_tag":[],"class_list":{"0":"post-10215","1":"product","2":"type-product","3":"status-publish","5":"product_cat-okategoriserad","7":"first","8":"instock","9":"shipping-taxable","10":"purchasable","11":"product-type-simple"},"_links":{"self":[{"href":"https:\/\/nordicmart.andreevmaster.com\/sv\/wp-json\/wp\/v2\/product\/10215","targetHints":{"allow":["GET"]}}],"collection":[{"href":"https:\/\/nordicmart.andreevmaster.com\/sv\/wp-json\/wp\/v2\/product"}],"about":[{"href":"https:\/\/nordicmart.andreevmaster.com\/sv\/wp-json\/wp\/v2\/types\/product"}],"replies":[{"embeddable":true,"href":"https:\/\/nordicmart.andreevmaster.com\/sv\/wp-json\/wp\/v2\/comments?post=10215"}],"wp:attachment":[{"href":"https:\/\/nordicmart.andreevmaster.com\/sv\/wp-json\/wp\/v2\/media?parent=10215"}],"wp:term":[{"taxonomy":"product_brand","embeddable":true,"href":"https:\/\/nordicmart.andreevmaster.com\/sv\/wp-json\/wp\/v2\/product_brand?post=10215"},{"taxonomy":"product_cat","embeddable":true,"href":"https:\/\/nordicmart.andreevmaster.com\/sv\/wp-json\/wp\/v2\/product_cat?post=10215"},{"taxonomy":"product_tag","embeddable":true,"href":"https:\/\/nordicmart.andreevmaster.com\/sv\/wp-json\/wp\/v2\/product_tag?post=10215"}],"curies":[{"name":"wp","href":"https:\/\/api.w.org\/{rel}","templated":true}]}}