{"id":10214,"date":"2026-02-27T00:05:45","date_gmt":"2026-02-27T00:05:45","guid":{"rendered":"https:\/\/nordicmart.andreevmaster.com\/product\/little-tikes-bla-och-gron-picknickbord-for-barn-for-tradgarden\/"},"modified":"2026-02-27T08:02:23","modified_gmt":"2026-02-27T08:02:23","slug":"little-tikes-bla-och-gron-picknickbord-for-barn-for-tradgarden","status":"publish","type":"product","link":"https:\/\/nordicmart.andreevmaster.com\/sv\/produkt\/little-tikes-bla-och-gron-picknickbord-for-barn-for-tradgarden\/","title":{"rendered":"Little Tikes bl\u00e5 och gr\u00f6n picknickbord f\u00f6r barn f\u00f6r tr\u00e4dg\u00e5rden"},"content":{"rendered":"<p>Det bl\u00e5 och gr\u00f6na picknickbordet, designat av den v\u00e4lk\u00e4nda leksakstillverkaren Little Tikes, \u00e4r perfekt f\u00f6r lek b\u00e5de hemma och i tr\u00e4dg\u00e5rden. Bordet \u00e4r tillverkat i ett stycke och har bekv\u00e4ma r\u00f6da sittplatser och rundade, sl\u00e4ta kanter f\u00f6r \u00f6kad s\u00e4kerhet. Passar f\u00f6r alla typer av aktiviteter, s\u00e5som modellering, m\u00e5lning, klippning och m\u00e5ltider. Bordet rymmer fyra barn samtidigt. L\u00e4tt att reng\u00f6ra. <\/p>\n<p>Egenskaper: <\/p>\n<p>* &#8211; bord i ett stycke,<br \/>\n* &#8211; utrustat med bekv\u00e4ma sittplatser,* &#8211; rundade och sl\u00e4ta kanter f\u00f6r s\u00e4kerhet,<br \/>\n* &#8211; bord som arbetsb\u00e4nk f\u00f6r barn,<br \/>\n* &#8211; l\u00e4mpligt f\u00f6r alla typer av aktiviteter, t.ex. modellering, m\u00e5lning, klippning och \u00e4tande,<br \/>\n* &#8211; fyra barn kan sitta vid bordet samtidigt,<br \/>\n* &#8211; l\u00e4tt att h\u00e5lla rent,<br \/>\n* &#8211; perfekt f\u00f6r lek b\u00e5de hemma och i tr\u00e4dg\u00e5rden.Little Tikes erbjuder kreativa l\u00f6sningar och h\u00e5llbarhet som g\u00f6r att barn kan leka i m\u00e5nga \u00e5r. D\u00e4rf\u00f6r \u00e4r en av dess flaggskeppsprodukter Cozy Coupe\u00ae-leksaksbilen, som har glatt barn i \u00f6ver trettio \u00e5r. Sortimentet omfattar \u00e4ven leksaker fr\u00e5n f\u00f6ljande kategorier: lekstugor, hush\u00e5llsartiklar, gungor och lekplatser, gungh\u00e4star och g\u00e5stolar, m\u00f6bler, tr\u00e4dg\u00e5rdsleksaker, barnfordon, rutschkanor och kl\u00e4tterst\u00e4llningar.<\/p>\n","protected":false},"excerpt":{"rendered":"<p>Det bl\u00e5 och gr\u00f6na picknickbordet, designat av den v\u00e4lk\u00e4nda leksakstillverkaren Little Tikes, \u00e4r perfekt f\u00f6r lek b\u00e5de hemma och i tr\u00e4dg\u00e5rden. Bordet \u00e4r tillverkat i ett stycke och har bekv\u00e4ma r\u00f6da sittplatser och rundade, sl\u00e4ta kanter f\u00f6r \u00f6kad s\u00e4kerhet. Passar f\u00f6r alla typer av aktiviteter, s\u00e5som modellering, m\u00e5lning, klippning och m\u00e5ltider. Bordet rymmer fyra barn [&hellip;]<\/p>\n","protected":false},"featured_media":0,"comment_status":"open","ping_status":"closed","template":"","meta":[],"product_brand":[],"product_cat":[33],"product_tag":[],"class_list":{"0":"post-10214","1":"product","2":"type-product","3":"status-publish","5":"product_cat-okategoriserad","7":"first","8":"instock","9":"shipping-taxable","10":"purchasable","11":"product-type-simple"},"_links":{"self":[{"href":"https:\/\/nordicmart.andreevmaster.com\/sv\/wp-json\/wp\/v2\/product\/10214","targetHints":{"allow":["GET"]}}],"collection":[{"href":"https:\/\/nordicmart.andreevmaster.com\/sv\/wp-json\/wp\/v2\/product"}],"about":[{"href":"https:\/\/nordicmart.andreevmaster.com\/sv\/wp-json\/wp\/v2\/types\/product"}],"replies":[{"embeddable":true,"href":"https:\/\/nordicmart.andreevmaster.com\/sv\/wp-json\/wp\/v2\/comments?post=10214"}],"wp:attachment":[{"href":"https:\/\/nordicmart.andreevmaster.com\/sv\/wp-json\/wp\/v2\/media?parent=10214"}],"wp:term":[{"taxonomy":"product_brand","embeddable":true,"href":"https:\/\/nordicmart.andreevmaster.com\/sv\/wp-json\/wp\/v2\/product_brand?post=10214"},{"taxonomy":"product_cat","embeddable":true,"href":"https:\/\/nordicmart.andreevmaster.com\/sv\/wp-json\/wp\/v2\/product_cat?post=10214"},{"taxonomy":"product_tag","embeddable":true,"href":"https:\/\/nordicmart.andreevmaster.com\/sv\/wp-json\/wp\/v2\/product_tag?post=10214"}],"curies":[{"name":"wp","href":"https:\/\/api.w.org\/{rel}","templated":true}]}}