{"id":10213,"date":"2026-02-27T00:05:45","date_gmt":"2026-02-27T00:05:45","guid":{"rendered":"https:\/\/nordicmart.andreevmaster.com\/product\/little-tikes-grand-coupe-sport-car-2\/"},"modified":"2026-02-27T08:02:23","modified_gmt":"2026-02-27T08:02:23","slug":"little-tikes-grand-coupe-sport-car-2","status":"publish","type":"product","link":"https:\/\/nordicmart.andreevmaster.com\/sv\/produkt\/little-tikes-grand-coupe-sport-car-2\/","title":{"rendered":"Little Tikes Grand Coupe Sport Car"},"content":{"rendered":"<p>Egenskaper:<\/p>\n<p>* -Bilen har ett roligt ansikte och egenskaper som ger den karakt\u00e4ren av en riktig dinosaurie, vilket uppmuntrar till kreativt lekande.<br \/>\n* -Bilen kan s\u00e4ttas i r\u00f6relse med barnets f\u00f6tter eller skjutas som en barnvagn av en vuxen.* -Bilen kan \u00e4ven anv\u00e4ndas av mindre barn.<br \/>\n* &#8211; Ratt med tuta<br \/>\n* -t\u00e4ndningsl\u00e5s<br \/>\n* -r\u00f6rlig, klickande t\u00e4ndning<br \/>\n* -\u00f6ppningsbar tanklucka<br \/>\n* -F\u00f6rard\u00f6rr med l\u00e5s<br \/>\n* -avtagbart golv<br \/>\n* -muggh\u00e5llare bakom s\u00e4tet<br \/>\n* -framhjulen kan rotera 360\u00b0<br \/>\n* -handtag f\u00f6r vuxen\u00f6vervakning av fordonets r\u00f6relser<\/p>\n<p>Little Tikes produkter \u00e4r k\u00e4nda och \u00e4lskade p\u00e5 alla kontinenter, i m\u00e5nga hem, av otaliga leende barn och n\u00f6jda f\u00f6r\u00e4ldrar. Little Tikes tillverkar produkter som uppfyller alla n\u00f6dv\u00e4ndiga s\u00e4kerhetsstandarder. Med produktens h\u00e5llbarhet i \u00e5tanke \u00e4r leksakerna designade och tillverkade med den mest l\u00e4mpliga tekniken, rotationsgjutning, vilket garanterar m\u00e5nga \u00e5rs lekgl\u00e4dje.<\/p>\n","protected":false},"excerpt":{"rendered":"<p>Egenskaper: * -Bilen har ett roligt ansikte och egenskaper som ger den karakt\u00e4ren av en riktig dinosaurie, vilket uppmuntrar till kreativt lekande. * -Bilen kan s\u00e4ttas i r\u00f6relse med barnets f\u00f6tter eller skjutas som en barnvagn av en vuxen.* -Bilen kan \u00e4ven anv\u00e4ndas av mindre barn. * &#8211; Ratt med tuta * -t\u00e4ndningsl\u00e5s * -r\u00f6rlig, [&hellip;]<\/p>\n","protected":false},"featured_media":38919,"comment_status":"open","ping_status":"closed","template":"","meta":[],"product_brand":[],"product_cat":[33],"product_tag":[],"class_list":{"0":"post-10213","1":"product","2":"type-product","3":"status-publish","4":"has-post-thumbnail","6":"product_cat-okategoriserad","8":"first","9":"instock","10":"shipping-taxable","11":"purchasable","12":"product-type-simple"},"_links":{"self":[{"href":"https:\/\/nordicmart.andreevmaster.com\/sv\/wp-json\/wp\/v2\/product\/10213","targetHints":{"allow":["GET"]}}],"collection":[{"href":"https:\/\/nordicmart.andreevmaster.com\/sv\/wp-json\/wp\/v2\/product"}],"about":[{"href":"https:\/\/nordicmart.andreevmaster.com\/sv\/wp-json\/wp\/v2\/types\/product"}],"replies":[{"embeddable":true,"href":"https:\/\/nordicmart.andreevmaster.com\/sv\/wp-json\/wp\/v2\/comments?post=10213"}],"wp:featuredmedia":[{"embeddable":true,"href":"https:\/\/nordicmart.andreevmaster.com\/sv\/wp-json\/wp\/v2\/media\/38919"}],"wp:attachment":[{"href":"https:\/\/nordicmart.andreevmaster.com\/sv\/wp-json\/wp\/v2\/media?parent=10213"}],"wp:term":[{"taxonomy":"product_brand","embeddable":true,"href":"https:\/\/nordicmart.andreevmaster.com\/sv\/wp-json\/wp\/v2\/product_brand?post=10213"},{"taxonomy":"product_cat","embeddable":true,"href":"https:\/\/nordicmart.andreevmaster.com\/sv\/wp-json\/wp\/v2\/product_cat?post=10213"},{"taxonomy":"product_tag","embeddable":true,"href":"https:\/\/nordicmart.andreevmaster.com\/sv\/wp-json\/wp\/v2\/product_tag?post=10213"}],"curies":[{"name":"wp","href":"https:\/\/api.w.org\/{rel}","templated":true}]}}