{"id":10212,"date":"2026-02-27T00:05:45","date_gmt":"2026-02-27T00:05:45","guid":{"rendered":"https:\/\/nordicmart.andreevmaster.com\/product\/little-tikes-first-slide-garden-slide-my-first-95-cm-pink-2\/"},"modified":"2026-02-27T08:02:23","modified_gmt":"2026-02-27T08:02:23","slug":"little-tikes-first-slide-garden-slide-my-first-95-cm-pink-2","status":"publish","type":"product","link":"https:\/\/nordicmart.andreevmaster.com\/sv\/produkt\/little-tikes-first-slide-garden-slide-my-first-95-cm-pink-2\/","title":{"rendered":"Little Tikes First Slide Garden Slide My First 95 cm Pink"},"content":{"rendered":"<p>Den rosa First Slide-rutschkanan \u00e4r designad av den v\u00e4lk\u00e4nda leksakstillverkaren Little Tikes. Dessa rutschkanor \u00e4r tillverkade av h\u00f6gkvalitativa material med omsorg om minsta detalj. En rutschkana \u00e4r en viktig del av alla lekplatser, b\u00e5de hemma och p\u00e5 offentliga platser. Rutschkanan kan kombineras med andra lekplatser eller tr\u00e4dg\u00e5rdshus f\u00f6r att skapa en unik lekplats f\u00f6r barn. Rutschkanan \u00e4r utrustad med breda steg och en stabil bas, vilket g\u00f6r den idealisk f\u00f6r alla sm\u00e5barn.<\/p>\n<p>Egenskaper:<\/p>\n<p>* &#8211; rutschkana utrustad med breda steg som slutar i en stabil bas,<br \/>\n* &#8211; rutschkanan \u00e4r utrustad med en 95 cm l\u00e5ng rutschkana,<br \/>\n* &#8211; rutschkanan kan f\u00e4llas ihop,<br \/>\n* &#8211; maximal belastning: 20 kg.<\/p>\n<p>Little Tikes erbjuder kreativa l\u00f6sningar och h\u00e5llbarhet som g\u00f6r att barn kan leka i m\u00e5nga \u00e5r. D\u00e4rf\u00f6r \u00e4r en av deras flaggskeppsprodukter Cozy Coupe\u00ae-leksaksbilen, som har glatt barn i \u00f6ver trettio \u00e5r. De har ocks\u00e5 leksaker fr\u00e5n f\u00f6ljande kategorier: lekstugor, hush\u00e5llsartiklar, gungor och lekplatser, gungh\u00e4star och g\u00e5stolar, m\u00f6bler, tr\u00e4dg\u00e5rdsleksaker, barnfordon, rutschkanor och kl\u00e4tterst\u00e4llningar.<\/p>\n","protected":false},"excerpt":{"rendered":"<p>Den rosa First Slide-rutschkanan \u00e4r designad av den v\u00e4lk\u00e4nda leksakstillverkaren Little Tikes. Dessa rutschkanor \u00e4r tillverkade av h\u00f6gkvalitativa material med omsorg om minsta detalj. En rutschkana \u00e4r en viktig del av alla lekplatser, b\u00e5de hemma och p\u00e5 offentliga platser. Rutschkanan kan kombineras med andra lekplatser eller tr\u00e4dg\u00e5rdshus f\u00f6r att skapa en unik lekplats f\u00f6r barn. [&hellip;]<\/p>\n","protected":false},"featured_media":38918,"comment_status":"open","ping_status":"closed","template":"","meta":[],"product_brand":[],"product_cat":[33],"product_tag":[],"class_list":{"0":"post-10212","1":"product","2":"type-product","3":"status-publish","4":"has-post-thumbnail","6":"product_cat-okategoriserad","8":"first","9":"instock","10":"shipping-taxable","11":"purchasable","12":"product-type-simple"},"_links":{"self":[{"href":"https:\/\/nordicmart.andreevmaster.com\/sv\/wp-json\/wp\/v2\/product\/10212","targetHints":{"allow":["GET"]}}],"collection":[{"href":"https:\/\/nordicmart.andreevmaster.com\/sv\/wp-json\/wp\/v2\/product"}],"about":[{"href":"https:\/\/nordicmart.andreevmaster.com\/sv\/wp-json\/wp\/v2\/types\/product"}],"replies":[{"embeddable":true,"href":"https:\/\/nordicmart.andreevmaster.com\/sv\/wp-json\/wp\/v2\/comments?post=10212"}],"wp:featuredmedia":[{"embeddable":true,"href":"https:\/\/nordicmart.andreevmaster.com\/sv\/wp-json\/wp\/v2\/media\/38918"}],"wp:attachment":[{"href":"https:\/\/nordicmart.andreevmaster.com\/sv\/wp-json\/wp\/v2\/media?parent=10212"}],"wp:term":[{"taxonomy":"product_brand","embeddable":true,"href":"https:\/\/nordicmart.andreevmaster.com\/sv\/wp-json\/wp\/v2\/product_brand?post=10212"},{"taxonomy":"product_cat","embeddable":true,"href":"https:\/\/nordicmart.andreevmaster.com\/sv\/wp-json\/wp\/v2\/product_cat?post=10212"},{"taxonomy":"product_tag","embeddable":true,"href":"https:\/\/nordicmart.andreevmaster.com\/sv\/wp-json\/wp\/v2\/product_tag?post=10212"}],"curies":[{"name":"wp","href":"https:\/\/api.w.org\/{rel}","templated":true}]}}