{"id":10211,"date":"2026-02-27T00:05:44","date_gmt":"2026-02-27T00:05:44","guid":{"rendered":"https:\/\/nordicmart.andreevmaster.com\/product\/little-tikes-classic-castle-med-rutschkana\/"},"modified":"2026-02-27T08:02:23","modified_gmt":"2026-02-27T08:02:23","slug":"little-tikes-classic-castle-med-rutschkana","status":"publish","type":"product","link":"https:\/\/nordicmart.andreevmaster.com\/sv\/produkt\/little-tikes-classic-castle-med-rutschkana\/","title":{"rendered":"Little Tikes Classic Castle med rutschkana"},"content":{"rendered":"<p>Den stora lekstugan \u2013 slott och rutschkana \u2013 fr\u00e5n det amerikanska f\u00f6retaget Little Tikes \u00e4r ett utm\u00e4rkt s\u00e4tt att stimulera barns fantasi och liva upp tr\u00e4dg\u00e5rden med en unik till\u00e4ggsprodukt som passar perfekt in i den gr\u00f6na omgivningen. Tr\u00e4dg\u00e5rdsrutschkanan och slottet erbjuder o\u00e4ndliga m\u00f6jligheter till lek och skoj. Slottet och rutschkanan f\u00f6r tr\u00e4dg\u00e5rden \u00e4r en produkt som k\u00e4nnetecknas av utm\u00e4rkt kvalitet, s\u00e4kerhet f\u00f6r barn och h\u00e5llbarhet. Rotationsgjutningsteknik har anv\u00e4nts vid design och tillverkning. Huset har dubbla v\u00e4ggar som skyddar det fr\u00e5n solens och v\u00e4derf\u00f6rh\u00e5llandenas skadliga effekter och g\u00f6r det motst\u00e5ndskraftigt mot kraftiga st\u00f6tar. Lekhuset inspirerar till kreativt lekande, uppmuntrar till aktivitet och ger mycket gl\u00e4dje. Barnen kommer att \u00e4lska att spela upp historien om Rapunzel eller till och med Shrek. Kampen om att er\u00f6vra tornet \u00e4r ett roligt \u00e4ventyr som kommer att begeistra alla riddare, stora som sm\u00e5. Tr\u00e4dg\u00e5rdsrutschkanor \u2013 vi f\u00f6rverkligar barndomsdr\u00f6mmar!<\/p>\n<p>Egenskaper:<\/p>\n<p>* &#8211; en rutschkana, dolda utg\u00e5ngar, sm\u00e5 f\u00f6nster, ett torn och en andra v\u00e5ning som man kan kl\u00e4ttra upp p\u00e5 kommer att ge de yngsta barnen mycket gl\u00e4dje,<br \/>\n* &#8211; slottet har ett realistiskt utseende,<br \/>\n* &#8211; stenfasaden och tornet ger intrycket att byggnaden kommer fr\u00e5n en annan tid,<br \/>\n* &#8211; inuti finns en imiterad \u00f6ppen spis.<\/p>\n<p>Leksaken utvecklar:<\/p>\n<p>* &#8211; motoriska f\u00e4rdigheter,<br \/>\n* &#8211; fantasi,<br \/>\n* &#8211; kreativitet,<br \/>\n* &#8211; manuella f\u00e4rdigheter hos barn,<br \/>\n* &#8211; rollspelsf\u00e4rdigheter.<\/p>\n<p>Little Tikes erbjuder kreativa l\u00f6sningar och h\u00e5llbarhet som g\u00f6r att barn kan leka i m\u00e5nga \u00e5r. D\u00e4rf\u00f6r \u00e4r en av dess flaggskeppsprodukter Cozy Coupe\u00ae-leksaksbilen, som har glatt barn i \u00f6ver trettio \u00e5r. Sortimentet omfattar \u00e4ven leksaker fr\u00e5n f\u00f6ljande kategorier: lekstugor, hush\u00e5llsartiklar, gungor och lekplatser, gungh\u00e4star och g\u00e5stolar, m\u00f6bler, tr\u00e4dg\u00e5rdsleksaker, barnfordon, rutschkanor och kl\u00e4tterst\u00e4llningar.<\/p>\n","protected":false},"excerpt":{"rendered":"<p>Den stora lekstugan \u2013 slott och rutschkana \u2013 fr\u00e5n det amerikanska f\u00f6retaget Little Tikes \u00e4r ett utm\u00e4rkt s\u00e4tt att stimulera barns fantasi och liva upp tr\u00e4dg\u00e5rden med en unik till\u00e4ggsprodukt som passar perfekt in i den gr\u00f6na omgivningen. Tr\u00e4dg\u00e5rdsrutschkanan och slottet erbjuder o\u00e4ndliga m\u00f6jligheter till lek och skoj. Slottet och rutschkanan f\u00f6r tr\u00e4dg\u00e5rden \u00e4r en [&hellip;]<\/p>\n","protected":false},"featured_media":38917,"comment_status":"open","ping_status":"closed","template":"","meta":[],"product_brand":[],"product_cat":[33],"product_tag":[],"class_list":{"0":"post-10211","1":"product","2":"type-product","3":"status-publish","4":"has-post-thumbnail","6":"product_cat-okategoriserad","8":"first","9":"instock","10":"shipping-taxable","11":"purchasable","12":"product-type-simple"},"_links":{"self":[{"href":"https:\/\/nordicmart.andreevmaster.com\/sv\/wp-json\/wp\/v2\/product\/10211","targetHints":{"allow":["GET"]}}],"collection":[{"href":"https:\/\/nordicmart.andreevmaster.com\/sv\/wp-json\/wp\/v2\/product"}],"about":[{"href":"https:\/\/nordicmart.andreevmaster.com\/sv\/wp-json\/wp\/v2\/types\/product"}],"replies":[{"embeddable":true,"href":"https:\/\/nordicmart.andreevmaster.com\/sv\/wp-json\/wp\/v2\/comments?post=10211"}],"wp:featuredmedia":[{"embeddable":true,"href":"https:\/\/nordicmart.andreevmaster.com\/sv\/wp-json\/wp\/v2\/media\/38917"}],"wp:attachment":[{"href":"https:\/\/nordicmart.andreevmaster.com\/sv\/wp-json\/wp\/v2\/media?parent=10211"}],"wp:term":[{"taxonomy":"product_brand","embeddable":true,"href":"https:\/\/nordicmart.andreevmaster.com\/sv\/wp-json\/wp\/v2\/product_brand?post=10211"},{"taxonomy":"product_cat","embeddable":true,"href":"https:\/\/nordicmart.andreevmaster.com\/sv\/wp-json\/wp\/v2\/product_cat?post=10211"},{"taxonomy":"product_tag","embeddable":true,"href":"https:\/\/nordicmart.andreevmaster.com\/sv\/wp-json\/wp\/v2\/product_tag?post=10211"}],"curies":[{"name":"wp","href":"https:\/\/api.w.org\/{rel}","templated":true}]}}