{"id":10210,"date":"2026-02-27T00:05:44","date_gmt":"2026-02-27T00:05:44","guid":{"rendered":"https:\/\/nordicmart.andreevmaster.com\/product\/little-tikes-cozy-coupe-truck-ride-on-toy-pink-2\/"},"modified":"2026-02-27T08:02:23","modified_gmt":"2026-02-27T08:02:23","slug":"little-tikes-cozy-coupe-truck-ride-on-toy-pink-2","status":"publish","type":"product","link":"https:\/\/nordicmart.andreevmaster.com\/sv\/produkt\/little-tikes-cozy-coupe-truck-ride-on-toy-pink-2\/","title":{"rendered":"LITTLE TIKES COZY COUPE TRUCK Ride-On Toy Pink"},"content":{"rendered":"<p>M\u00f6t den bed\u00e5rande Princess Cozy Truck, som kombinerar funktionerna hos ett fotdrivet fordon och en bekv\u00e4m leksak som f\u00f6r\u00e4ldrar kan skjuta p\u00e5. Denna unika rosa och lila leksaksbil \u00e4r designad f\u00f6r de yngsta barnen och garanterar s\u00e4ker, aktiv och kreativ lek b\u00e5de hemma och utomhus.[img-101052-left-thickbox_default]<\/p>\n<p>Funktioner<\/p>\n<p>* Designad f\u00f6r barn i \u00e5ldern 18 m\u00e5nader till 5 \u00e5r<br \/>\n* Fot-till-golv-system \u2013 barnen r\u00f6r sig med hj\u00e4lp av sina egna ben<br \/>\n* Avtagbart golv \u2013 s\u00e4kerhet f\u00f6r sm\u00e5barn, sj\u00e4lvst\u00e4ndighet f\u00f6r \u00e4ldre barn<br \/>\n* Skjutst\u00e5ng f\u00f6r f\u00f6r\u00e4ldrar \u2013 full kontroll och gemensam lek<br \/>\n* \u00d6ppningsbara d\u00f6rrar och tanklock \u2013 realism och lekfullhet i varje sv\u00e4ng<br \/>\n* Tut \u2013 en extra attraktion f\u00f6r sm\u00e5 f\u00f6rare<br \/>\n* Rymligt bagageutrymme \u2013 f\u00f6r favoritleksaker eller tillbeh\u00f6r<\/p>\n<p>Leksaken utvecklar<\/p>\n<p>* Balans och motorisk koordination<br \/>\n* Muskelstyrka och fysisk kondition<br \/>\n* Sj\u00e4lvst\u00e4ndighet och en k\u00e4nsla av autonomi<br \/>\n* Fantasi och kreativt rollspel (liten f\u00f6rare, resen\u00e4r)<br \/>\n* Familjerelationer tack vare den delade k\u00f6rfunktionen<\/p>\n<p>[img-101053-left-thickbox_default]<\/p>\n<p>[img-101054-left-thickbox_default]<\/p>\n","protected":false},"excerpt":{"rendered":"<p>M\u00f6t den bed\u00e5rande Princess Cozy Truck, som kombinerar funktionerna hos ett fotdrivet fordon och en bekv\u00e4m leksak som f\u00f6r\u00e4ldrar kan skjuta p\u00e5. Denna unika rosa och lila leksaksbil \u00e4r designad f\u00f6r de yngsta barnen och garanterar s\u00e4ker, aktiv och kreativ lek b\u00e5de hemma och utomhus.[img-101052-left-thickbox_default] Funktioner * Designad f\u00f6r barn i \u00e5ldern 18 m\u00e5nader till [&hellip;]<\/p>\n","protected":false},"featured_media":0,"comment_status":"open","ping_status":"closed","template":"","meta":[],"product_brand":[],"product_cat":[33],"product_tag":[],"class_list":{"0":"post-10210","1":"product","2":"type-product","3":"status-publish","5":"product_cat-okategoriserad","7":"first","8":"instock","9":"shipping-taxable","10":"purchasable","11":"product-type-simple"},"_links":{"self":[{"href":"https:\/\/nordicmart.andreevmaster.com\/sv\/wp-json\/wp\/v2\/product\/10210","targetHints":{"allow":["GET"]}}],"collection":[{"href":"https:\/\/nordicmart.andreevmaster.com\/sv\/wp-json\/wp\/v2\/product"}],"about":[{"href":"https:\/\/nordicmart.andreevmaster.com\/sv\/wp-json\/wp\/v2\/types\/product"}],"replies":[{"embeddable":true,"href":"https:\/\/nordicmart.andreevmaster.com\/sv\/wp-json\/wp\/v2\/comments?post=10210"}],"wp:attachment":[{"href":"https:\/\/nordicmart.andreevmaster.com\/sv\/wp-json\/wp\/v2\/media?parent=10210"}],"wp:term":[{"taxonomy":"product_brand","embeddable":true,"href":"https:\/\/nordicmart.andreevmaster.com\/sv\/wp-json\/wp\/v2\/product_brand?post=10210"},{"taxonomy":"product_cat","embeddable":true,"href":"https:\/\/nordicmart.andreevmaster.com\/sv\/wp-json\/wp\/v2\/product_cat?post=10210"},{"taxonomy":"product_tag","embeddable":true,"href":"https:\/\/nordicmart.andreevmaster.com\/sv\/wp-json\/wp\/v2\/product_tag?post=10210"}],"curies":[{"name":"wp","href":"https:\/\/api.w.org\/{rel}","templated":true}]}}