{"id":10209,"date":"2026-02-27T00:05:44","date_gmt":"2026-02-27T00:05:44","guid":{"rendered":"https:\/\/nordicmart.andreevmaster.com\/product\/little-tikes-justerbar-basketkorg-for-barn\/"},"modified":"2026-02-27T08:02:22","modified_gmt":"2026-02-27T08:02:22","slug":"little-tikes-justerbar-basketkorg-for-barn","status":"publish","type":"product","link":"https:\/\/nordicmart.andreevmaster.com\/sv\/produkt\/little-tikes-justerbar-basketkorg-for-barn\/","title":{"rendered":"Little Tikes justerbar basketkorg f\u00f6r barn"},"content":{"rendered":"<p>Denna basketkorg fr\u00e5n det v\u00e4lk\u00e4nda varum\u00e4rket Little Tikes \u00e4r skapad f\u00f6r barn som \u00e4lskar att leka utomhus. Basket \u00e4r perfekt f\u00f6r gruppspel b\u00e5de hemma och i tr\u00e4dg\u00e5rden. Med fem h\u00f6jdinst\u00e4llningar fr\u00e5n 150 till 210 cm kan barn i olika \u00e5ldrar spela. F\u00f6r enklare f\u00f6rvaring efter lek kan enheten f\u00e4llas ihop. Transport underl\u00e4ttas av hjul som \u00e4r installerade vid basen. Little Tikes leksaker \u00e4r produkter av h\u00f6gsta kvalitet som kommer att tj\u00e4na dina barn i m\u00e5nga \u00e5r. <\/p>\n<p>Egenskaper: <\/p>\n<p>* &#8211; basketkorgen \u00e4r hopf\u00e4llbar f\u00f6r enkel f\u00f6rvaring,<br \/>\n* &#8211; basketkorgen har hjul (l\u00e4tt att flytta),<br \/>\n* &#8211; 5 olika h\u00f6jder,<br \/>\n* &#8211; produkten \u00e4r tillverkad av h\u00f6gkvalitativt material.<\/p>\n<p>Leksaken utvecklar:<\/p>\n<p>* &#8211; manuell skicklighet,<br \/>\n* &#8211; fysisk kondition,<br \/>\n* &#8211; fantasi,<br \/>\n* &#8211; kreativitet.<\/p>\n","protected":false},"excerpt":{"rendered":"<p>Denna basketkorg fr\u00e5n det v\u00e4lk\u00e4nda varum\u00e4rket Little Tikes \u00e4r skapad f\u00f6r barn som \u00e4lskar att leka utomhus. Basket \u00e4r perfekt f\u00f6r gruppspel b\u00e5de hemma och i tr\u00e4dg\u00e5rden. Med fem h\u00f6jdinst\u00e4llningar fr\u00e5n 150 till 210 cm kan barn i olika \u00e5ldrar spela. F\u00f6r enklare f\u00f6rvaring efter lek kan enheten f\u00e4llas ihop. Transport underl\u00e4ttas av hjul som [&hellip;]<\/p>\n","protected":false},"featured_media":0,"comment_status":"open","ping_status":"closed","template":"","meta":[],"product_brand":[],"product_cat":[33],"product_tag":[],"class_list":{"0":"post-10209","1":"product","2":"type-product","3":"status-publish","5":"product_cat-okategoriserad","7":"first","8":"instock","9":"shipping-taxable","10":"purchasable","11":"product-type-simple"},"_links":{"self":[{"href":"https:\/\/nordicmart.andreevmaster.com\/sv\/wp-json\/wp\/v2\/product\/10209","targetHints":{"allow":["GET"]}}],"collection":[{"href":"https:\/\/nordicmart.andreevmaster.com\/sv\/wp-json\/wp\/v2\/product"}],"about":[{"href":"https:\/\/nordicmart.andreevmaster.com\/sv\/wp-json\/wp\/v2\/types\/product"}],"replies":[{"embeddable":true,"href":"https:\/\/nordicmart.andreevmaster.com\/sv\/wp-json\/wp\/v2\/comments?post=10209"}],"wp:attachment":[{"href":"https:\/\/nordicmart.andreevmaster.com\/sv\/wp-json\/wp\/v2\/media?parent=10209"}],"wp:term":[{"taxonomy":"product_brand","embeddable":true,"href":"https:\/\/nordicmart.andreevmaster.com\/sv\/wp-json\/wp\/v2\/product_brand?post=10209"},{"taxonomy":"product_cat","embeddable":true,"href":"https:\/\/nordicmart.andreevmaster.com\/sv\/wp-json\/wp\/v2\/product_cat?post=10209"},{"taxonomy":"product_tag","embeddable":true,"href":"https:\/\/nordicmart.andreevmaster.com\/sv\/wp-json\/wp\/v2\/product_tag?post=10209"}],"curies":[{"name":"wp","href":"https:\/\/api.w.org\/{rel}","templated":true}]}}