{"id":10208,"date":"2026-02-27T00:05:44","date_gmt":"2026-02-27T00:05:44","guid":{"rendered":"https:\/\/nordicmart.andreevmaster.com\/product\/little-tikes-cozy-coupe-ride-on-shopping-cart-2\/"},"modified":"2026-02-27T08:02:22","modified_gmt":"2026-02-27T08:02:22","slug":"little-tikes-cozy-coupe-ride-on-shopping-cart-2","status":"publish","type":"product","link":"https:\/\/nordicmart.andreevmaster.com\/sv\/produkt\/little-tikes-cozy-coupe-ride-on-shopping-cart-2\/","title":{"rendered":"Little Tikes Cozy Coupe Ride-On Shopping Cart"},"content":{"rendered":"<p>Cozy Coupe hj\u00e4lper de sm\u00e5 med deras shopping. Det \u00e4r den perfekta l\u00f6sningen f\u00f6r riktig shopping, men ocks\u00e5 en bra id\u00e9 f\u00f6r lek. Bilen med korg stimulerar barnens fantasi och uppmuntrar dem att skapa scenarier och rollspel. Leksaken har ocks\u00e5 ett f\u00f6rvaringsfack under korgen. Little Tikes produkter \u00e4r k\u00e4nda och \u00e4lskade p\u00e5 alla kontinenter, i m\u00e5nga hem bland otaliga leende barn och n\u00f6jda f\u00f6r\u00e4ldrar. Med barnens s\u00e4kerhet i \u00e5tanke tillverkar Little Tikes produkter som garanterar alla n\u00f6dv\u00e4ndiga s\u00e4kerhetsstandarder. Med produktens h\u00e5llbarhet i \u00e5tanke \u00e4r leksakerna designade och tillverkade med den mest l\u00e4mpliga tekniken, &#8221;rotationsgjutning&#8221;, vilket garanterar m\u00e5nga \u00e5rs lekgl\u00e4dje.<\/p>\n","protected":false},"excerpt":{"rendered":"<p>Cozy Coupe hj\u00e4lper de sm\u00e5 med deras shopping. Det \u00e4r den perfekta l\u00f6sningen f\u00f6r riktig shopping, men ocks\u00e5 en bra id\u00e9 f\u00f6r lek. Bilen med korg stimulerar barnens fantasi och uppmuntrar dem att skapa scenarier och rollspel. Leksaken har ocks\u00e5 ett f\u00f6rvaringsfack under korgen. Little Tikes produkter \u00e4r k\u00e4nda och \u00e4lskade p\u00e5 alla kontinenter, i [&hellip;]<\/p>\n","protected":false},"featured_media":0,"comment_status":"open","ping_status":"closed","template":"","meta":[],"product_brand":[],"product_cat":[33],"product_tag":[],"class_list":{"0":"post-10208","1":"product","2":"type-product","3":"status-publish","5":"product_cat-okategoriserad","7":"first","8":"instock","9":"shipping-taxable","10":"purchasable","11":"product-type-simple"},"_links":{"self":[{"href":"https:\/\/nordicmart.andreevmaster.com\/sv\/wp-json\/wp\/v2\/product\/10208","targetHints":{"allow":["GET"]}}],"collection":[{"href":"https:\/\/nordicmart.andreevmaster.com\/sv\/wp-json\/wp\/v2\/product"}],"about":[{"href":"https:\/\/nordicmart.andreevmaster.com\/sv\/wp-json\/wp\/v2\/types\/product"}],"replies":[{"embeddable":true,"href":"https:\/\/nordicmart.andreevmaster.com\/sv\/wp-json\/wp\/v2\/comments?post=10208"}],"wp:attachment":[{"href":"https:\/\/nordicmart.andreevmaster.com\/sv\/wp-json\/wp\/v2\/media?parent=10208"}],"wp:term":[{"taxonomy":"product_brand","embeddable":true,"href":"https:\/\/nordicmart.andreevmaster.com\/sv\/wp-json\/wp\/v2\/product_brand?post=10208"},{"taxonomy":"product_cat","embeddable":true,"href":"https:\/\/nordicmart.andreevmaster.com\/sv\/wp-json\/wp\/v2\/product_cat?post=10208"},{"taxonomy":"product_tag","embeddable":true,"href":"https:\/\/nordicmart.andreevmaster.com\/sv\/wp-json\/wp\/v2\/product_tag?post=10208"}],"curies":[{"name":"wp","href":"https:\/\/api.w.org\/{rel}","templated":true}]}}