{"id":10205,"date":"2026-02-27T00:05:43","date_gmt":"2026-02-27T00:05:43","guid":{"rendered":"https:\/\/nordicmart.andreevmaster.com\/product\/falk-claas-stor-pedaltraktor-med-slapvagn-fran-3-ar\/"},"modified":"2026-02-27T08:02:22","modified_gmt":"2026-02-27T08:02:22","slug":"falk-claas-stor-pedaltraktor-med-slapvagn-fran-3-ar","status":"publish","type":"product","link":"https:\/\/nordicmart.andreevmaster.com\/sv\/produkt\/falk-claas-stor-pedaltraktor-med-slapvagn-fran-3-ar\/","title":{"rendered":"FALK Claas stor pedaltraktor med sl\u00e4pvagn fr\u00e5n 3 \u00e5r"},"content":{"rendered":"<p>Denna Claas pedaltraktor med sl\u00e4p fr\u00e5n FALK \u00e4r den perfekta presenten f\u00f6r alla sm\u00e5 fans av jordbruksmaskiner! Fordonet, som \u00e4r skapat med omsorg om minsta detalj, \u00e4r en trogen kopia av en riktig traktor. Traktorn \u00e4r avsedd f\u00f6r barn \u00f6ver 3 \u00e5r och \u00e4r tillverkad av plast av h\u00f6gsta kvalitet, vilket garanterar h\u00e5llbarhet och s\u00e4kerhet under lek. Den \u00e4r utrustad med en avtagbar sl\u00e4pvagn med paneler, som g\u00f6r att ditt barn kan transportera sina favoritleksaker eller material. Dessutom kommer ratten med tuta att g\u00f6ra leken mer varierad och f\u00e5 den lille traktorf\u00f6raren att k\u00e4nna sig som en riktig f\u00f6rare. Hjulen, tillverkade av h\u00f6gkvalitativ plast, garanterar en smidig och bekv\u00e4m k\u00f6rning. <\/p>\n<p>Funktioner: <\/p>\n<p>* &#8211; F\u00f6r barn fr\u00e5n 3 \u00e5r<br \/>\n* &#8211; Signalhorn i ratten<br \/>\n* &#8211; Kedjedrivning till bakaxeln<br \/>\n* &#8211; Avtagbar sl\u00e4pvagn<br \/>\n* &#8211; Styrbar framaxel<br \/>\n* &#8211; Hjul tillverkade av h\u00f6gkvalitativ plast<br \/>\n* &#8211; Stabil och s\u00e4ker<br \/>\n* &#8211; Produkt f\u00f6r delvis montering<br \/>\n* &#8211; Maximal belastning upp till 50 kg<\/p>\n<p>Satsen inneh\u00e5ller:<\/p>\n<p>* &#8211; Claas pedaltraktor<br \/>\n* &#8211; Avtagbar sl\u00e4pvagn<\/p>\n<p>Leksaken utvecklar:<\/p>\n<p>* &#8211; Sj\u00e4lvst\u00e4ndighet<br \/>\n* &#8211; Motorisk koordination<br \/>\n* &#8211; Rumslig orientering<br \/>\n* &#8211; Balans<br \/>\n* &#8211; Muskelst\u00e4rkning<\/p>\n","protected":false},"excerpt":{"rendered":"<p>Denna Claas pedaltraktor med sl\u00e4p fr\u00e5n FALK \u00e4r den perfekta presenten f\u00f6r alla sm\u00e5 fans av jordbruksmaskiner! Fordonet, som \u00e4r skapat med omsorg om minsta detalj, \u00e4r en trogen kopia av en riktig traktor. Traktorn \u00e4r avsedd f\u00f6r barn \u00f6ver 3 \u00e5r och \u00e4r tillverkad av plast av h\u00f6gsta kvalitet, vilket garanterar h\u00e5llbarhet och s\u00e4kerhet [&hellip;]<\/p>\n","protected":false},"featured_media":0,"comment_status":"open","ping_status":"closed","template":"","meta":[],"product_brand":[],"product_cat":[33],"product_tag":[],"class_list":{"0":"post-10205","1":"product","2":"type-product","3":"status-publish","5":"product_cat-okategoriserad","7":"first","8":"instock","9":"shipping-taxable","10":"purchasable","11":"product-type-simple"},"_links":{"self":[{"href":"https:\/\/nordicmart.andreevmaster.com\/sv\/wp-json\/wp\/v2\/product\/10205","targetHints":{"allow":["GET"]}}],"collection":[{"href":"https:\/\/nordicmart.andreevmaster.com\/sv\/wp-json\/wp\/v2\/product"}],"about":[{"href":"https:\/\/nordicmart.andreevmaster.com\/sv\/wp-json\/wp\/v2\/types\/product"}],"replies":[{"embeddable":true,"href":"https:\/\/nordicmart.andreevmaster.com\/sv\/wp-json\/wp\/v2\/comments?post=10205"}],"wp:attachment":[{"href":"https:\/\/nordicmart.andreevmaster.com\/sv\/wp-json\/wp\/v2\/media?parent=10205"}],"wp:term":[{"taxonomy":"product_brand","embeddable":true,"href":"https:\/\/nordicmart.andreevmaster.com\/sv\/wp-json\/wp\/v2\/product_brand?post=10205"},{"taxonomy":"product_cat","embeddable":true,"href":"https:\/\/nordicmart.andreevmaster.com\/sv\/wp-json\/wp\/v2\/product_cat?post=10205"},{"taxonomy":"product_tag","embeddable":true,"href":"https:\/\/nordicmart.andreevmaster.com\/sv\/wp-json\/wp\/v2\/product_tag?post=10205"}],"curies":[{"name":"wp","href":"https:\/\/api.w.org\/{rel}","templated":true}]}}