{"id":10204,"date":"2026-02-27T00:05:43","date_gmt":"2026-02-27T00:05:43","guid":{"rendered":"https:\/\/nordicmart.andreevmaster.com\/product\/falk-baby-claas-axos-310-gron-traktor-med-slap-fran-1-ar\/"},"modified":"2026-02-27T08:02:22","modified_gmt":"2026-02-27T08:02:22","slug":"falk-baby-claas-axos-310-gron-traktor-med-slap-fran-1-ar","status":"publish","type":"product","link":"https:\/\/nordicmart.andreevmaster.com\/sv\/produkt\/falk-baby-claas-axos-310-gron-traktor-med-slap-fran-1-ar\/","title":{"rendered":"FALK Baby Claas Axos 310 Gr\u00f6n traktor med sl\u00e4p fr\u00e5n 1 \u00e5r"},"content":{"rendered":"<p>Baby Claas Axos 310 \u00e5ktraktor med sl\u00e4p fr\u00e5n Falk \u00e4r en dr\u00f6m som g\u00e5r i uppfyllelse f\u00f6r m\u00e5nga sm\u00e5 traktorf\u00f6rare. Noggrant tillverkad med omsorg om minsta detalj! Ingen riktig bonde skulle rynka p\u00e5 n\u00e4san \u00e5t den. Fordonet \u00e4r tillverkat av h\u00f6gkvalitativ plast och \u00e4r avsett f\u00f6r barn fr\u00e5n 12 m\u00e5nader. Fordonet \u00e4r utrustat med en avtagbar sl\u00e4pvagn med paneler och ett ratt med tuta. Traktorns hjul \u00e4r tillverkade av h\u00f6gkvalitativ plast. <\/p>\n<p>Egenskaper:<\/p>\n<p>* &#8211; fr\u00e5n 12 m\u00e5nader,<br \/>\n* &#8211; maximal belastning 25 kg,<br \/>\n* &#8211; tuta i styret,<br \/>\n* &#8211; avtagbar sl\u00e4pvagn,<br \/>\n* &#8211; sv\u00e4ngbar framaxel,<br \/>\n* &#8211; hjul av h\u00f6gkvalitativ plast,<br \/>\n* &#8211; stabil och s\u00e4ker,<br \/>\n* &#8211; produkten kr\u00e4ver delvis montering.<\/p>\n<p>Satsen inneh\u00e5ller:<\/p>\n<p>* &#8211; Claas-traktor<br \/>\n* &#8211; Avtagbar sl\u00e4pvagn<\/p>\n<p>Leksaken utvecklar:<\/p>\n<p>* &#8211; Grovmotorik<br \/>\n* &#8211; Motorisk koordination och balans<br \/>\n* &#8211; Rumslig orientering<br \/>\n* &#8211; Kreativitet och fantasi<br \/>\n* &#8211; K\u00e4nsla av sj\u00e4lvst\u00e4ndighet<\/p>\n","protected":false},"excerpt":{"rendered":"<p>Baby Claas Axos 310 \u00e5ktraktor med sl\u00e4p fr\u00e5n Falk \u00e4r en dr\u00f6m som g\u00e5r i uppfyllelse f\u00f6r m\u00e5nga sm\u00e5 traktorf\u00f6rare. Noggrant tillverkad med omsorg om minsta detalj! Ingen riktig bonde skulle rynka p\u00e5 n\u00e4san \u00e5t den. Fordonet \u00e4r tillverkat av h\u00f6gkvalitativ plast och \u00e4r avsett f\u00f6r barn fr\u00e5n 12 m\u00e5nader. Fordonet \u00e4r utrustat med en [&hellip;]<\/p>\n","protected":false},"featured_media":0,"comment_status":"open","ping_status":"closed","template":"","meta":[],"product_brand":[],"product_cat":[33],"product_tag":[],"class_list":{"0":"post-10204","1":"product","2":"type-product","3":"status-publish","5":"product_cat-okategoriserad","7":"first","8":"instock","9":"shipping-taxable","10":"purchasable","11":"product-type-simple"},"_links":{"self":[{"href":"https:\/\/nordicmart.andreevmaster.com\/sv\/wp-json\/wp\/v2\/product\/10204","targetHints":{"allow":["GET"]}}],"collection":[{"href":"https:\/\/nordicmart.andreevmaster.com\/sv\/wp-json\/wp\/v2\/product"}],"about":[{"href":"https:\/\/nordicmart.andreevmaster.com\/sv\/wp-json\/wp\/v2\/types\/product"}],"replies":[{"embeddable":true,"href":"https:\/\/nordicmart.andreevmaster.com\/sv\/wp-json\/wp\/v2\/comments?post=10204"}],"wp:attachment":[{"href":"https:\/\/nordicmart.andreevmaster.com\/sv\/wp-json\/wp\/v2\/media?parent=10204"}],"wp:term":[{"taxonomy":"product_brand","embeddable":true,"href":"https:\/\/nordicmart.andreevmaster.com\/sv\/wp-json\/wp\/v2\/product_brand?post=10204"},{"taxonomy":"product_cat","embeddable":true,"href":"https:\/\/nordicmart.andreevmaster.com\/sv\/wp-json\/wp\/v2\/product_cat?post=10204"},{"taxonomy":"product_tag","embeddable":true,"href":"https:\/\/nordicmart.andreevmaster.com\/sv\/wp-json\/wp\/v2\/product_tag?post=10204"}],"curies":[{"name":"wp","href":"https:\/\/api.w.org\/{rel}","templated":true}]}}