{"id":23,"date":"2026-02-26T22:06:40","date_gmt":"2026-02-26T22:06:40","guid":{"rendered":"https:\/\/nordicmart.andreevmaster.com\/varukorg\/"},"modified":"2026-03-02T09:15:32","modified_gmt":"2026-03-02T09:15:32","slug":"varukorg","status":"publish","type":"page","link":"https:\/\/nordicmart.andreevmaster.com\/sv\/varukorg\/","title":{"rendered":"Varukorg"},"content":{"rendered":"\n<div data-block-name=\"woocommerce\/cart\" class=\"wp-block-woocommerce-cart alignwide is-loading\">\n<div data-block-name=\"woocommerce\/filled-cart-block\" class=\"wp-block-woocommerce-filled-cart-block\">\n<div data-block-name=\"woocommerce\/cart-items-block\" class=\"wp-block-woocommerce-cart-items-block\">\n<div data-block-name=\"woocommerce\/cart-line-items-block\" class=\"wp-block-woocommerce-cart-line-items-block\"><\/div>\n\n\n<\/div>\n\n\n\n\n<div data-block-name=\"woocommerce\/cart-totals-block\" class=\"wp-block-woocommerce-cart-totals-block\">\n<div data-block-name=\"woocommerce\/cart-order-summary-block\" class=\"wp-block-woocommerce-cart-order-summary-block\">\n<div data-block-name=\"woocommerce\/cart-order-summary-heading-block\" class=\"wp-block-woocommerce-cart-order-summary-heading-block\"><\/div><div data-block-name=\"woocommerce\/cart-order-summary-coupon-form-block\" class=\"wp-block-woocommerce-cart-order-summary-coupon-form-block\"><\/div><div data-block-name=\"woocommerce\/cart-order-summary-totals-block\" class=\"wp-block-woocommerce-cart-order-summary-totals-block\">\n<div data-block-name=\"woocommerce\/cart-order-summary-subtotal-block\" class=\"wp-block-woocommerce-cart-order-summary-subtotal-block\"><\/div>\n<div data-block-name=\"woocommerce\/cart-order-summary-discount-block\" class=\"wp-block-woocommerce-cart-order-summary-discount-block\"><\/div>\n<div data-block-name=\"woocommerce\/cart-order-summary-fee-block\" class=\"wp-block-woocommerce-cart-order-summary-fee-block\"><\/div>\n<div data-block-name=\"woocommerce\/cart-order-summary-shipping-block\" class=\"wp-block-woocommerce-cart-order-summary-shipping-block\"><\/div>\n<div data-block-name=\"woocommerce\/cart-order-summary-taxes-block\" class=\"wp-block-woocommerce-cart-order-summary-taxes-block\"><\/div><\/div>\n<\/div>\n\n\n\n<div data-block-name=\"woocommerce\/cart-express-payment-block\" class=\"wp-block-woocommerce-cart-express-payment-block\"><\/div>\n\n\n\n<div data-block-name=\"woocommerce\/proceed-to-checkout-block\" class=\"wp-block-woocommerce-proceed-to-checkout-block\"><\/div>\n\n\n\n<div data-block-name=\"woocommerce\/cart-accepted-payment-methods-block\" class=\"wp-block-woocommerce-cart-accepted-payment-methods-block\"><\/div>\n<\/div>\n<\/div>\n\n\n\n<div data-block-name=\"woocommerce\/empty-cart-block\" class=\"wp-block-woocommerce-empty-cart-block\">\n<h2 class=\"wp-block-heading has-text-align-center with-empty-cart-icon wc-block-cart__empty-cart__title\">Your cart is currently empty!<\/h2>\n\n\n\n<hr class=\"wp-block-separator has-alpha-channel-opacity is-style-dots\"\/>\n\n\n\n<h2 class=\"wp-block-heading has-text-align-center\">New in store<\/h2>\n\n\n<div data-block-name=\"woocommerce\/product-new\" data-columns=\"4\" data-rows=\"1\" class=\"wc-block-grid wp-block-product-new wp-block-woocommerce-product-new wc-block-product-new has-4-columns\"><ul class=\"wc-block-grid__products\"><li class=\"wc-block-grid__product\">\n\t\t\t\t<a href=\"https:\/\/nordicmart.andreevmaster.com\/sv\/produkt\/songmics-tradgardsstolar-2-pack-gra\/\" class=\"wc-block-grid__product-link\">\n\t\t\t\t\t\n\t\t\t\t\t<div class=\"wc-block-grid__product-image\"><img loading=\"lazy\" decoding=\"async\" width=\"300\" height=\"300\" src=\"https:\/\/nordicmart.andreevmaster.com\/wp-content\/uploads\/woocommerce-placeholder.webp\" class=\"woocommerce-placeholder wp-post-image\" alt=\"\" srcset=\"https:\/\/nordicmart.andreevmaster.com\/wp-content\/uploads\/woocommerce-placeholder.webp 1200w, https:\/\/nordicmart.andreevmaster.com\/wp-content\/uploads\/woocommerce-placeholder-300x300.webp 300w, https:\/\/nordicmart.andreevmaster.com\/wp-content\/uploads\/woocommerce-placeholder-1024x1024.webp 1024w, https:\/\/nordicmart.andreevmaster.com\/wp-content\/uploads\/woocommerce-placeholder-150x150.webp 150w, https:\/\/nordicmart.andreevmaster.com\/wp-content\/uploads\/woocommerce-placeholder-768x768.webp 768w\" sizes=\"auto, (max-width: 300px) 100vw, 300px\" \/><\/div>\n\t\t\t\t\t<div class=\"wc-block-grid__product-title\">SONGMICS Tr\u00e4dg\u00e5rdsstolar 2-pack Gr\u00e5<\/div>\n\t\t\t\t<\/a>\n\t\t\t\t<div class=\"wc-block-grid__product-price price\"><\/div>\n\t\t\t\t\n\t\t\t\t<div class=\"wp-block-button wc-block-grid__product-add-to-cart\"><a href=\"https:\/\/nordicmart.andreevmaster.com\/sv\/produkt\/songmics-tradgardsstolar-2-pack-gra\/\" aria-label=\"L\u00e4s mer om \u201dSONGMICS Tr\u00e4dg\u00e5rdsstolar 2-pack Gr\u00e5\u201d\" data-quantity=\"1\" data-product_id=\"11117\" data-product_sku=\"GCB03GYV1-1\" data-price=\"0\" rel=\"nofollow\" class=\"wp-block-button__link  add_to_cart_button\">L\u00e4s mer<\/a><\/div>\n\t\t\t<\/li><li class=\"wc-block-grid__product\">\n\t\t\t\t<a href=\"https:\/\/nordicmart.andreevmaster.com\/sv\/produkt\/set-moses-basket-meeko-med-madrassstativtextilier-vintage\/\" class=\"wc-block-grid__product-link\">\n\t\t\t\t\t\n\t\t\t\t\t<div class=\"wc-block-grid__product-image\"><img loading=\"lazy\" decoding=\"async\" width=\"300\" height=\"300\" src=\"https:\/\/nordicmart.andreevmaster.com\/wp-content\/uploads\/woocommerce-placeholder.webp\" class=\"woocommerce-placeholder wp-post-image\" alt=\"\" srcset=\"https:\/\/nordicmart.andreevmaster.com\/wp-content\/uploads\/woocommerce-placeholder.webp 1200w, https:\/\/nordicmart.andreevmaster.com\/wp-content\/uploads\/woocommerce-placeholder-300x300.webp 300w, https:\/\/nordicmart.andreevmaster.com\/wp-content\/uploads\/woocommerce-placeholder-1024x1024.webp 1024w, https:\/\/nordicmart.andreevmaster.com\/wp-content\/uploads\/woocommerce-placeholder-150x150.webp 150w, https:\/\/nordicmart.andreevmaster.com\/wp-content\/uploads\/woocommerce-placeholder-768x768.webp 768w\" sizes=\"auto, (max-width: 300px) 100vw, 300px\" \/><\/div>\n\t\t\t\t\t<div class=\"wc-block-grid__product-title\">Set: Moses Basket Meeko med madrass+stativ+textilier Vintage<\/div>\n\t\t\t\t<\/a>\n\t\t\t\t<div class=\"wc-block-grid__product-price price\"><span class=\"woocommerce-Price-amount amount\">193,50&nbsp;<span class=\"woocommerce-Price-currencySymbol\">&euro;<\/span><\/span><\/div>\n\t\t\t\t\n\t\t\t\t<div class=\"wp-block-button wc-block-grid__product-add-to-cart\"><a href=\"\/sv\/wp-json\/wp\/v2\/pages\/23?add-to-cart=19772\" aria-label=\"L\u00e4gg till i varukorgen: \u201dSet: Moses Basket Meeko med madrass+stativ+textilier Vintage\u201d\" data-quantity=\"1\" data-product_id=\"19772\" data-product_sku=\"ZEKOMOMEBIVIN\" data-price=\"193.5\" rel=\"nofollow\" class=\"wp-block-button__link  add_to_cart_button ajax_add_to_cart\">L\u00e4gg till i varukorg<\/a><\/div>\n\t\t\t<\/li><li class=\"wc-block-grid__product\">\n\t\t\t\t<a href=\"https:\/\/nordicmart.andreevmaster.com\/sv\/produkt\/set-moses-basket-meeko-med-madrassstativtextilier-snow\/\" class=\"wc-block-grid__product-link\">\n\t\t\t\t\t\n\t\t\t\t\t<div class=\"wc-block-grid__product-image\"><img loading=\"lazy\" decoding=\"async\" width=\"300\" height=\"300\" src=\"https:\/\/nordicmart.andreevmaster.com\/wp-content\/uploads\/woocommerce-placeholder.webp\" class=\"woocommerce-placeholder wp-post-image\" alt=\"\" srcset=\"https:\/\/nordicmart.andreevmaster.com\/wp-content\/uploads\/woocommerce-placeholder.webp 1200w, https:\/\/nordicmart.andreevmaster.com\/wp-content\/uploads\/woocommerce-placeholder-300x300.webp 300w, https:\/\/nordicmart.andreevmaster.com\/wp-content\/uploads\/woocommerce-placeholder-1024x1024.webp 1024w, https:\/\/nordicmart.andreevmaster.com\/wp-content\/uploads\/woocommerce-placeholder-150x150.webp 150w, https:\/\/nordicmart.andreevmaster.com\/wp-content\/uploads\/woocommerce-placeholder-768x768.webp 768w\" sizes=\"auto, (max-width: 300px) 100vw, 300px\" \/><\/div>\n\t\t\t\t\t<div class=\"wc-block-grid__product-title\">Set: Moses Basket Meeko med madrass+stativ+textilier Snow<\/div>\n\t\t\t\t<\/a>\n\t\t\t\t<div class=\"wc-block-grid__product-price price\"><span class=\"woocommerce-Price-amount amount\">193,50&nbsp;<span class=\"woocommerce-Price-currencySymbol\">&euro;<\/span><\/span><\/div>\n\t\t\t\t\n\t\t\t\t<div class=\"wp-block-button wc-block-grid__product-add-to-cart\"><a href=\"\/sv\/wp-json\/wp\/v2\/pages\/23?add-to-cart=19771\" aria-label=\"L\u00e4gg till i varukorgen: \u201dSet: Moses Basket Meeko med madrass+stativ+textilier Snow\u201d\" data-quantity=\"1\" data-product_id=\"19771\" data-product_sku=\"ZEKOMOMEBISN\" data-price=\"193.5\" rel=\"nofollow\" class=\"wp-block-button__link  add_to_cart_button ajax_add_to_cart\">L\u00e4gg till i varukorg<\/a><\/div>\n\t\t\t<\/li><li class=\"wc-block-grid__product\">\n\t\t\t\t<a href=\"https:\/\/nordicmart.andreevmaster.com\/sv\/produkt\/set-moses-basket-meeko-med-madrassstativtextilier-poppy\/\" class=\"wc-block-grid__product-link\">\n\t\t\t\t\t\n\t\t\t\t\t<div class=\"wc-block-grid__product-image\"><img loading=\"lazy\" decoding=\"async\" width=\"300\" height=\"300\" src=\"https:\/\/nordicmart.andreevmaster.com\/wp-content\/uploads\/woocommerce-placeholder.webp\" class=\"woocommerce-placeholder wp-post-image\" alt=\"\" srcset=\"https:\/\/nordicmart.andreevmaster.com\/wp-content\/uploads\/woocommerce-placeholder.webp 1200w, https:\/\/nordicmart.andreevmaster.com\/wp-content\/uploads\/woocommerce-placeholder-300x300.webp 300w, https:\/\/nordicmart.andreevmaster.com\/wp-content\/uploads\/woocommerce-placeholder-1024x1024.webp 1024w, https:\/\/nordicmart.andreevmaster.com\/wp-content\/uploads\/woocommerce-placeholder-150x150.webp 150w, https:\/\/nordicmart.andreevmaster.com\/wp-content\/uploads\/woocommerce-placeholder-768x768.webp 768w\" sizes=\"auto, (max-width: 300px) 100vw, 300px\" \/><\/div>\n\t\t\t\t\t<div class=\"wc-block-grid__product-title\">Set: Moses Basket Meeko med madrass+stativ+textilier Poppy<\/div>\n\t\t\t\t<\/a>\n\t\t\t\t<div class=\"wc-block-grid__product-price price\"><span class=\"woocommerce-Price-amount amount\">193,50&nbsp;<span class=\"woocommerce-Price-currencySymbol\">&euro;<\/span><\/span><\/div>\n\t\t\t\t\n\t\t\t\t<div class=\"wp-block-button wc-block-grid__product-add-to-cart\"><a href=\"\/sv\/wp-json\/wp\/v2\/pages\/23?add-to-cart=19770\" aria-label=\"L\u00e4gg till i varukorgen: \u201dSet: Moses Basket Meeko med madrass+stativ+textilier Poppy\u201d\" data-quantity=\"1\" data-product_id=\"19770\" data-product_sku=\"ZEKOMOMEBIPO\" data-price=\"193.5\" rel=\"nofollow\" class=\"wp-block-button__link  add_to_cart_button ajax_add_to_cart\">L\u00e4gg till i varukorg<\/a><\/div>\n\t\t\t<\/li><\/ul><\/div><\/div>\n<\/div>\n","protected":false},"excerpt":{"rendered":"","protected":false},"author":1,"featured_media":0,"parent":0,"menu_order":0,"comment_status":"closed","ping_status":"closed","template":"","meta":{"footnotes":""},"class_list":["post-23","page","type-page","status-publish","hentry"],"_links":{"self":[{"href":"https:\/\/nordicmart.andreevmaster.com\/sv\/wp-json\/wp\/v2\/pages\/23","targetHints":{"allow":["GET"]}}],"collection":[{"href":"https:\/\/nordicmart.andreevmaster.com\/sv\/wp-json\/wp\/v2\/pages"}],"about":[{"href":"https:\/\/nordicmart.andreevmaster.com\/sv\/wp-json\/wp\/v2\/types\/page"}],"author":[{"embeddable":true,"href":"https:\/\/nordicmart.andreevmaster.com\/sv\/wp-json\/wp\/v2\/users\/1"}],"replies":[{"embeddable":true,"href":"https:\/\/nordicmart.andreevmaster.com\/sv\/wp-json\/wp\/v2\/comments?post=23"}],"version-history":[{"count":0,"href":"https:\/\/nordicmart.andreevmaster.com\/sv\/wp-json\/wp\/v2\/pages\/23\/revisions"}],"wp:attachment":[{"href":"https:\/\/nordicmart.andreevmaster.com\/sv\/wp-json\/wp\/v2\/media?parent=23"}],"curies":[{"name":"wp","href":"https:\/\/api.w.org\/{rel}","templated":true}]}}