{"id":38910,"date":"2026-02-27T00:46:42","date_gmt":"2026-02-27T00:46:42","guid":{"rendered":"https:\/\/nordicmart.andreevmaster.com\/product\/sarja-mooses-kori-meeko-patjalla-jalusta-tekstiilit-poppy\/"},"modified":"2026-02-27T10:01:20","modified_gmt":"2026-02-27T10:01:20","slug":"sarja-mooses-kori-meeko-patjalla-jalusta-tekstiilit-poppy","status":"publish","type":"product","link":"https:\/\/nordicmart.andreevmaster.com\/fi\/tuote\/sarja-mooses-kori-meeko-patjalla-jalusta-tekstiilit-poppy\/","title":{"rendered":"Sarja: Mooses-kori Meeko patjalla + jalusta + tekstiilit Poppy"},"content":{"rendered":"<p>Moosekori on V\u00c4LTT\u00c4M\u00c4T\u00d6N vauvan vaatevarastossa <\/p>\n<p>Se on t\u00e4ydellinen vastasyntyneelle vauvalle, jotta t\u00e4m\u00e4 voi nukkua turvallisesti ja rauhallisesti \u00e4idin l\u00e4hell\u00e4. Se sopii hyvin my\u00f6s vauvan ensimm\u00e4iselle matkalle. Se voi toimia my\u00f6s vaihtoehtona pinnas\u00e4ngylle ja kehdolle. T\u00e4ydellinen lahja vauvakutsuille tai ensimm\u00e4iselle tapaamiselle pikkulapsen kanssa. <\/p>\n<p>Setti sis\u00e4lt\u00e4\u00e4: moseskorin, patjan, jalustan, musliinikankaiset tekstiilit, joissa on pehmuste, lakana, peitto ja tyyny, jossa on paikka p\u00e4\u00e4lle. <\/p>\n<p>Tuotteen ominaisuudet: <\/p>\n<p>&#8211; vaihtoehto pinnas\u00e4ngylle ja kehdolle lapsen ensimm\u00e4isin\u00e4 elinkuukausina,<br \/>\n &#8211; tarjoaa lapsellesi mukavuuden ja turvallisuuden tunteen,<br \/>\n &#8211; kahvojen ansiosta koria on helppo kantaa mukana ja voit pit\u00e4\u00e4 lapsesi aina l\u00e4hell\u00e4si (HUOM: koria ei saa kantaa lapsen ollessa sis\u00e4ll\u00e4),<br \/>\n &#8211; korin alla oleva teline on helppo taittaa kokoon, mik\u00e4 helpottaa kuljetusta,<br \/>\n &#8211; kori on k\u00e4sin kudottu, 100 % luonnollinen ja ymp\u00e4rist\u00f6yst\u00e4v\u00e4llinen,<br \/>\n &#8211; vaahtomuovit\u00e4ytteinen patja, jossa on irrotettava, allergiaa ehk\u00e4isev\u00e4, homeen, sienen ja koiden kest\u00e4v\u00e4 p\u00e4\u00e4llinen,<br \/>\n &#8211; luonnolliset, eritt\u00e4in ilmavat ja pehme\u00e4t musliinikankaat, t\u00e4yte mukaan lukien,<br \/>\n &#8211; koriin voi ostaa vaihdettavia kankaita, <\/p>\n<p>&#8211; tyynyss\u00e4 on syvennys p\u00e4\u00e4t\u00e4 varten \u2013 t\u00e4m\u00e4n ratkaisun ansiosta vauvan p\u00e4\u00e4 ei litisty<br \/>\n &#8211; sek\u00e4 kori ett\u00e4 musliinit\u00e4yte varmistavat riitt\u00e4v\u00e4n ilmankierron. <\/p>\n<p>Korin enimm\u00e4iskuormitus: <\/p>\n<p>9 kg tai kunnes lapsi k\u00e4\u00e4ntyy sivulta toiselle tai istuu ilman apua <\/p>\n<p>Kangas ja viimeistely:<br \/>\n &#8211; kori kahvoilla: maissinlehti<br \/>\n \u2013 korin jalusta: m\u00e4ntypuuta, lakattu valkoiseksi vauvoille turvallisella maalilla<br \/>\n &#8211; patja: polyuretaanivaahto, irrotettava polyesterikansi<br \/>\n &#8211; tekstiilit:<br \/>\n &#8211; Oeko-TEX Standard 100 -sertifioitu puuvillamusliini<br \/>\n &#8211; allergiavapaa silikonifleece <\/p>\n<p>Mitat (cm): <\/p>\n<p>&#8211; kori: 86x43x26<br \/>\n -jalusta: 90 x 59 x 46<br \/>\n -patja: 72&#215;25<br \/>\n Tekstiilit (cm):<br \/>\n -lakana: sopii 75&#215;90 ja 65&#215;31 patjaan<br \/>\n -peitto: 77&#215;63 (+\/- 2cm)<br \/>\n -tyyny: 24&#215;18 (+\/- 2 cm) <\/p>\n<p>V\u00e4ri: <\/p>\n<p>&#8211; kori kahvoilla: luonnollinen maissinlehti<br \/>\n &#8211; koriteline: valkoinen <\/p>\n<p>K\u00e4ytt\u00f6ohje:<br \/>\n\u2022 \u00c4l\u00e4 kanna tai siirr\u00e4 koria, jossa on vauva. Koria tulee aina kantaa tyhj\u00e4n\u00e4. \u2022 Kori tulee asettaa pakkaukseen sis\u00e4ltyv\u00e4lle jalustalle tai vakaalle ja tasaiselle alustalle. \u2022 \u00c4l\u00e4 anna lasten leikki\u00e4 korin l\u00e4hell\u00e4 ilman valvontaa. \u2022 K\u00e4yt\u00e4 vanhempien valvonnassa. \u2022 Puhdista kostealla liinalla ja kuivaa v\u00e4litt\u00f6m\u00e4sti.   \u2022 Koria voidaan k\u00e4ytt\u00e4\u00e4, kunnes lapsen paino on 9 kg tai kunnes h\u00e4n alkaa k\u00e4\u00e4nty\u00e4 sivulta toiselle tai istua ilman apua.<\/p>\n","protected":false},"excerpt":{"rendered":"<p>Moosekori on V\u00c4LTT\u00c4M\u00c4T\u00d6N vauvan vaatevarastossa Se on t\u00e4ydellinen vastasyntyneelle vauvalle, jotta t\u00e4m\u00e4 voi nukkua turvallisesti ja rauhallisesti \u00e4idin l\u00e4hell\u00e4. Se sopii hyvin my\u00f6s vauvan ensimm\u00e4iselle matkalle. Se voi toimia my\u00f6s vaihtoehtona pinnas\u00e4ngylle ja kehdolle. T\u00e4ydellinen lahja vauvakutsuille tai ensimm\u00e4iselle tapaamiselle pikkulapsen kanssa. Setti sis\u00e4lt\u00e4\u00e4: moseskorin, patjan, jalustan, musliinikankaiset tekstiilit, joissa on pehmuste, lakana, peitto ja [&hellip;]<\/p>\n","protected":false},"featured_media":0,"comment_status":"open","ping_status":"closed","template":"","meta":[],"product_brand":[],"product_cat":[32],"product_tag":[],"class_list":{"0":"post-38910","1":"product","2":"type-product","3":"status-publish","5":"product_cat-uncategorized-fi","7":"first","8":"instock","9":"shipping-taxable","10":"purchasable","11":"product-type-simple"},"_links":{"self":[{"href":"https:\/\/nordicmart.andreevmaster.com\/fi\/wp-json\/wp\/v2\/product\/38910","targetHints":{"allow":["GET"]}}],"collection":[{"href":"https:\/\/nordicmart.andreevmaster.com\/fi\/wp-json\/wp\/v2\/product"}],"about":[{"href":"https:\/\/nordicmart.andreevmaster.com\/fi\/wp-json\/wp\/v2\/types\/product"}],"replies":[{"embeddable":true,"href":"https:\/\/nordicmart.andreevmaster.com\/fi\/wp-json\/wp\/v2\/comments?post=38910"}],"wp:attachment":[{"href":"https:\/\/nordicmart.andreevmaster.com\/fi\/wp-json\/wp\/v2\/media?parent=38910"}],"wp:term":[{"taxonomy":"product_brand","embeddable":true,"href":"https:\/\/nordicmart.andreevmaster.com\/fi\/wp-json\/wp\/v2\/product_brand?post=38910"},{"taxonomy":"product_cat","embeddable":true,"href":"https:\/\/nordicmart.andreevmaster.com\/fi\/wp-json\/wp\/v2\/product_cat?post=38910"},{"taxonomy":"product_tag","embeddable":true,"href":"https:\/\/nordicmart.andreevmaster.com\/fi\/wp-json\/wp\/v2\/product_tag?post=38910"}],"curies":[{"name":"wp","href":"https:\/\/api.w.org\/{rel}","templated":true}]}}