{"id":38898,"date":"2026-02-27T00:46:38","date_gmt":"2026-02-27T00:46:38","guid":{"rendered":"https:\/\/nordicmart.andreevmaster.com\/product\/stool-woody-neutral-gray-2\/"},"modified":"2026-02-27T10:01:17","modified_gmt":"2026-02-27T10:01:17","slug":"stool-woody-neutral-gray-2","status":"publish","type":"product","link":"https:\/\/nordicmart.andreevmaster.com\/fi\/tuote\/stool-woody-neutral-gray-2\/","title":{"rendered":"Stool Woody neutral gray"},"content":{"rendered":"<p>Woody-p\u00f6yt\u00e4- ja jakkarakokoelma on tarkoitettu pienille lapsille. Se on v\u00e4ltt\u00e4m\u00e4t\u00f6n jokaisessa lastenhuoneessa.  Se luo paikan oppimiseen, hauskanpitoon, keskusteluun, taiteellisiin aktiviteetteihin ja tilan j\u00e4rjest\u00e4miseen, tukien n\u00e4in lapsen luonnollista kehityst\u00e4. Niit\u00e4 voidaan k\u00e4ytt\u00e4\u00e4 my\u00f6s moniin muihin tarkoituksiin, kuten y\u00f6p\u00f6yt\u00e4n\u00e4, apup\u00f6yt\u00e4n\u00e4 jne. Ne ovat upea lis\u00e4 huoneisiin, jotka on sisustettu huonekaluillamme. Woody-p\u00f6yd\u00e4t ja -tuolit ovat minimalistisia ja harmonisia, ja ne on valmistettu turvallisista, vankoista ja luonnollisista materiaaleista. Saatavana kolmessa kauniissa v\u00e4riss\u00e4: puhdas, harmaa, p\u00f6lyinen vaaleanpunainen, joita voi yhdistell\u00e4 luodakseen ainutlaatuisia kokonaisuuksia.  **Mitat:**<br \/>\n p\u00f6yt\u00e4: L60 x S60 x K48,5<br \/>\n jakkara: L30 x S30 x K30,7<\/p>\n<p> K\u00e4ytt\u00f6ik\u00e4 2\u20135 vuotta<br \/>\n **Materiaalit ja viimeistely:**<br \/>\n &#8211; p\u00f6yt\u00e4levy on valmistettu korkealaatuisesta MDF-levyst\u00e4, joka on lakattu yhdell\u00e4 kolmesta v\u00e4rist\u00e4<br \/>\n &#8211; jalat on valmistettu py\u00f6kkipuusta, joka on lakattu v\u00e4ritt\u00f6m\u00e4ll\u00e4 maalilla<br \/>\n &#8211; maalauksessa k\u00e4ytetyt maalit ovat lapsille turvallisia eiv\u00e4tk\u00e4 aiheuta allergioita.   **Saatavilla olevat v\u00e4rit:**<br \/>\n kansi: &#8211; puhdas<br \/>\n&#8211; lumi<br \/>\n &#8211; harmaa<br \/>\n &#8211; p\u00f6lyinen vaaleanpunainen<br \/>\n jalat:<br \/>\n &#8211; py\u00f6kkipuu **K\u00e4ytt\u00f6ohjeet:**<br \/>\n Huonekalut tulee puhdistaa pehme\u00e4ll\u00e4, vedell\u00e4 kostutetulla puuvillakankaalla tai huonekalujen hoitoon tarkoitetulla tuotteella.<\/p>\n<p> **Lis\u00e4tietoja:**<br \/>\n Huonekalut toimitetaan pakkauksissa, jotka on tarkoitettu itse koottaviksi. Pakkaukset sis\u00e4lt\u00e4v\u00e4t yksityiskohtaiset asennusohjeet sek\u00e4 tarvikkeet (ruuvit jne.).<\/p>\n","protected":false},"excerpt":{"rendered":"<p>Woody-p\u00f6yt\u00e4- ja jakkarakokoelma on tarkoitettu pienille lapsille. Se on v\u00e4ltt\u00e4m\u00e4t\u00f6n jokaisessa lastenhuoneessa. Se luo paikan oppimiseen, hauskanpitoon, keskusteluun, taiteellisiin aktiviteetteihin ja tilan j\u00e4rjest\u00e4miseen, tukien n\u00e4in lapsen luonnollista kehityst\u00e4. Niit\u00e4 voidaan k\u00e4ytt\u00e4\u00e4 my\u00f6s moniin muihin tarkoituksiin, kuten y\u00f6p\u00f6yt\u00e4n\u00e4, apup\u00f6yt\u00e4n\u00e4 jne. Ne ovat upea lis\u00e4 huoneisiin, jotka on sisustettu huonekaluillamme. Woody-p\u00f6yd\u00e4t ja -tuolit ovat minimalistisia ja harmonisia, [&hellip;]<\/p>\n","protected":false},"featured_media":0,"comment_status":"open","ping_status":"closed","template":"","meta":[],"product_brand":[],"product_cat":[32],"product_tag":[],"class_list":{"0":"post-38898","1":"product","2":"type-product","3":"status-publish","5":"product_cat-uncategorized-fi","7":"first","8":"instock","9":"shipping-taxable","10":"purchasable","11":"product-type-simple"},"_links":{"self":[{"href":"https:\/\/nordicmart.andreevmaster.com\/fi\/wp-json\/wp\/v2\/product\/38898","targetHints":{"allow":["GET"]}}],"collection":[{"href":"https:\/\/nordicmart.andreevmaster.com\/fi\/wp-json\/wp\/v2\/product"}],"about":[{"href":"https:\/\/nordicmart.andreevmaster.com\/fi\/wp-json\/wp\/v2\/types\/product"}],"replies":[{"embeddable":true,"href":"https:\/\/nordicmart.andreevmaster.com\/fi\/wp-json\/wp\/v2\/comments?post=38898"}],"wp:attachment":[{"href":"https:\/\/nordicmart.andreevmaster.com\/fi\/wp-json\/wp\/v2\/media?parent=38898"}],"wp:term":[{"taxonomy":"product_brand","embeddable":true,"href":"https:\/\/nordicmart.andreevmaster.com\/fi\/wp-json\/wp\/v2\/product_brand?post=38898"},{"taxonomy":"product_cat","embeddable":true,"href":"https:\/\/nordicmart.andreevmaster.com\/fi\/wp-json\/wp\/v2\/product_cat?post=38898"},{"taxonomy":"product_tag","embeddable":true,"href":"https:\/\/nordicmart.andreevmaster.com\/fi\/wp-json\/wp\/v2\/product_tag?post=38898"}],"curies":[{"name":"wp","href":"https:\/\/api.w.org\/{rel}","templated":true}]}}