{"id":38879,"date":"2026-02-27T00:46:32","date_gmt":"2026-02-27T00:46:32","guid":{"rendered":"https:\/\/nordicmart.andreevmaster.com\/product\/punottu-sangynreunus-vaaleanpunainen\/"},"modified":"2026-02-27T10:01:13","modified_gmt":"2026-02-27T10:01:13","slug":"punottu-sangynreunus-vaaleanpunainen","status":"publish","type":"product","link":"https:\/\/nordicmart.andreevmaster.com\/fi\/tuote\/punottu-sangynreunus-vaaleanpunainen\/","title":{"rendered":"Punottu s\u00e4ngynreunus, vaaleanpunainen"},"content":{"rendered":"<p>Suojaava s\u00e4ngynreunus on kaunis lis\u00e4, joka on valmistettu pehme\u00e4st\u00e4, korkealaatuisesta puuvillaveluurista, jolla on STANDARD 100 by OEKO-TEX -laatusertifikaatti.<br \/>\nYksityiskohdat:<br \/>\n-Korkealaatuinen ja tarkka k\u00e4sity\u00f6<br \/>\n-Laadukas puuvillaveluri, jolla on OEKO-TEX-sertifikaatti<br \/>\n-T\u00e4ytetty pehme\u00e4ll\u00e4 silikonikuidulla, jolla on erinomaiset l\u00e4mm\u00f6ns\u00e4\u00e4telyominaisuudet<br \/>\n-Valmistettu Puolassa<br \/>\n-Sopii 120&#215;60 cm ja 70&#215;140 cm kokoisille s\u00e4ngyille <\/p>\n<p>Materiaali: 100 % puuvillaa, 150 g\/m\u00b2, OEKO-TEX Standard 100 -sertifioitu Antiallerginen silikonikuitu, 200 g\/m\u00b2 <\/p>\n<p>Kokonaispituus:<br \/>\n240 cm<br \/>\nLeveys: 12 cm <\/p>\n<p>Sopii vastasyntyneille. K\u00e4ytett\u00e4v\u00e4 vanhempien valvonnassa. <\/p>\n<p>Pesuohjeet:<br \/>\n-Konepest\u00e4v\u00e4 40 \u00b0C:ssa<br \/>\n-\u00c4l\u00e4 silit\u00e4<br \/>\n-\u00c4l\u00e4 valkaise<br \/>\n-\u00c4l\u00e4 kuivata rumpukuivaajassa<\/p>\n","protected":false},"excerpt":{"rendered":"<p>Suojaava s\u00e4ngynreunus on kaunis lis\u00e4, joka on valmistettu pehme\u00e4st\u00e4, korkealaatuisesta puuvillaveluurista, jolla on STANDARD 100 by OEKO-TEX -laatusertifikaatti. Yksityiskohdat: -Korkealaatuinen ja tarkka k\u00e4sity\u00f6 -Laadukas puuvillaveluri, jolla on OEKO-TEX-sertifikaatti -T\u00e4ytetty pehme\u00e4ll\u00e4 silikonikuidulla, jolla on erinomaiset l\u00e4mm\u00f6ns\u00e4\u00e4telyominaisuudet -Valmistettu Puolassa -Sopii 120&#215;60 cm ja 70&#215;140 cm kokoisille s\u00e4ngyille Materiaali: 100 % puuvillaa, 150 g\/m\u00b2, OEKO-TEX Standard 100 -sertifioitu [&hellip;]<\/p>\n","protected":false},"featured_media":0,"comment_status":"open","ping_status":"closed","template":"","meta":[],"product_brand":[],"product_cat":[32],"product_tag":[],"class_list":{"0":"post-38879","1":"product","2":"type-product","3":"status-publish","5":"product_cat-uncategorized-fi","7":"first","8":"instock","9":"shipping-taxable","10":"purchasable","11":"product-type-simple"},"_links":{"self":[{"href":"https:\/\/nordicmart.andreevmaster.com\/fi\/wp-json\/wp\/v2\/product\/38879","targetHints":{"allow":["GET"]}}],"collection":[{"href":"https:\/\/nordicmart.andreevmaster.com\/fi\/wp-json\/wp\/v2\/product"}],"about":[{"href":"https:\/\/nordicmart.andreevmaster.com\/fi\/wp-json\/wp\/v2\/types\/product"}],"replies":[{"embeddable":true,"href":"https:\/\/nordicmart.andreevmaster.com\/fi\/wp-json\/wp\/v2\/comments?post=38879"}],"wp:attachment":[{"href":"https:\/\/nordicmart.andreevmaster.com\/fi\/wp-json\/wp\/v2\/media?parent=38879"}],"wp:term":[{"taxonomy":"product_brand","embeddable":true,"href":"https:\/\/nordicmart.andreevmaster.com\/fi\/wp-json\/wp\/v2\/product_brand?post=38879"},{"taxonomy":"product_cat","embeddable":true,"href":"https:\/\/nordicmart.andreevmaster.com\/fi\/wp-json\/wp\/v2\/product_cat?post=38879"},{"taxonomy":"product_tag","embeddable":true,"href":"https:\/\/nordicmart.andreevmaster.com\/fi\/wp-json\/wp\/v2\/product_tag?post=38879"}],"curies":[{"name":"wp","href":"https:\/\/api.w.org\/{rel}","templated":true}]}}