{"id":38876,"date":"2026-02-27T00:46:31","date_gmt":"2026-02-27T00:46:31","guid":{"rendered":"https:\/\/nordicmart.andreevmaster.com\/product\/waffle-roller-snow-2\/"},"modified":"2026-02-27T10:01:12","modified_gmt":"2026-02-27T10:01:12","slug":"waffle-roller-snow-2","status":"publish","type":"product","link":"https:\/\/nordicmart.andreevmaster.com\/fi\/tuote\/waffle-roller-snow-2\/","title":{"rendered":"Waffle roller snow"},"content":{"rendered":"<p>Bolster-tyyny on paitsi mukava tuki my\u00f6s tyylik\u00e4s koriste vauvan s\u00e4ngylle. Sit\u00e4 voi k\u00e4ytt\u00e4\u00e4 ruokailun, liikunnan tai leikin aikana, ja yhdist\u00e4m\u00e4ll\u00e4 kolme tyyny\u00e4 se toimii my\u00f6s s\u00e4ngyn reunapehmusteena. Irrotettava p\u00e4\u00e4llinen helpottaa puhdistusta.<br \/>\nYksityiskohdat:<br \/>\n-Vaihtoehto s\u00e4ngyn reunapehmusteille<br \/>\n-Voidaan k\u00e4ytt\u00e4\u00e4 lapsen kanssa leikkiess\u00e4 ja liikkuessa<br \/>\n-Koriste-elementti vauvan s\u00e4ngylle<br \/>\n-Voidaan k\u00e4ytt\u00e4\u00e4 vauvan tukena ruokailun aikana P\u00e4\u00e4n tai jalkojen tuki<br \/>\n-Irrotettava p\u00e4\u00e4llinen <\/p>\n<p>Materiaali: -100 % vohvelipuuvillaa, 150 g\/m\u00b2, Oeko-TEX Standard 100 -sertifioitu IW 00034 -Antiallerginen silikonikuitu, 200 g\/m\u00b2 <\/p>\n<p>Koko: 60 cm x 13 cm <\/p>\n<p>Pesuohjeet:<br \/>\n-P\u00e4\u00e4llinen on konepest\u00e4v\u00e4 40 \u00b0C:ssa<br \/>\n-\u00c4l\u00e4 valkaise<br \/>\n-Voidaan kuivata kuivausrummussa herkille kankaille tarkoitetulla ohjelmalla<\/p>\n","protected":false},"excerpt":{"rendered":"<p>Bolster-tyyny on paitsi mukava tuki my\u00f6s tyylik\u00e4s koriste vauvan s\u00e4ngylle. Sit\u00e4 voi k\u00e4ytt\u00e4\u00e4 ruokailun, liikunnan tai leikin aikana, ja yhdist\u00e4m\u00e4ll\u00e4 kolme tyyny\u00e4 se toimii my\u00f6s s\u00e4ngyn reunapehmusteena. Irrotettava p\u00e4\u00e4llinen helpottaa puhdistusta. Yksityiskohdat: -Vaihtoehto s\u00e4ngyn reunapehmusteille -Voidaan k\u00e4ytt\u00e4\u00e4 lapsen kanssa leikkiess\u00e4 ja liikkuessa -Koriste-elementti vauvan s\u00e4ngylle -Voidaan k\u00e4ytt\u00e4\u00e4 vauvan tukena ruokailun aikana P\u00e4\u00e4n tai jalkojen tuki [&hellip;]<\/p>\n","protected":false},"featured_media":0,"comment_status":"open","ping_status":"closed","template":"","meta":[],"product_brand":[],"product_cat":[32],"product_tag":[],"class_list":{"0":"post-38876","1":"product","2":"type-product","3":"status-publish","5":"product_cat-uncategorized-fi","7":"first","8":"instock","9":"shipping-taxable","10":"purchasable","11":"product-type-simple"},"_links":{"self":[{"href":"https:\/\/nordicmart.andreevmaster.com\/fi\/wp-json\/wp\/v2\/product\/38876","targetHints":{"allow":["GET"]}}],"collection":[{"href":"https:\/\/nordicmart.andreevmaster.com\/fi\/wp-json\/wp\/v2\/product"}],"about":[{"href":"https:\/\/nordicmart.andreevmaster.com\/fi\/wp-json\/wp\/v2\/types\/product"}],"replies":[{"embeddable":true,"href":"https:\/\/nordicmart.andreevmaster.com\/fi\/wp-json\/wp\/v2\/comments?post=38876"}],"wp:attachment":[{"href":"https:\/\/nordicmart.andreevmaster.com\/fi\/wp-json\/wp\/v2\/media?parent=38876"}],"wp:term":[{"taxonomy":"product_brand","embeddable":true,"href":"https:\/\/nordicmart.andreevmaster.com\/fi\/wp-json\/wp\/v2\/product_brand?post=38876"},{"taxonomy":"product_cat","embeddable":true,"href":"https:\/\/nordicmart.andreevmaster.com\/fi\/wp-json\/wp\/v2\/product_cat?post=38876"},{"taxonomy":"product_tag","embeddable":true,"href":"https:\/\/nordicmart.andreevmaster.com\/fi\/wp-json\/wp\/v2\/product_tag?post=38876"}],"curies":[{"name":"wp","href":"https:\/\/api.w.org\/{rel}","templated":true}]}}