{"id":38871,"date":"2026-02-27T00:46:30","date_gmt":"2026-02-27T00:46:30","guid":{"rendered":"https:\/\/nordicmart.andreevmaster.com\/product\/vohvelikangasvaippapehmuste-jossa-on-kansi-ja-pyyhe-unikko\/"},"modified":"2026-02-27T10:01:11","modified_gmt":"2026-02-27T10:01:11","slug":"vohvelikangasvaippapehmuste-jossa-on-kansi-ja-pyyhe-unikko","status":"publish","type":"product","link":"https:\/\/nordicmart.andreevmaster.com\/fi\/tuote\/vohvelikangasvaippapehmuste-jossa-on-kansi-ja-pyyhe-unikko\/","title":{"rendered":"Vohvelikangasvaippapehmuste, jossa on kansi ja pyyhe, unikko"},"content":{"rendered":"<p>Vohvelikangasvaippapehmuste on t\u00e4ydellinen ratkaisu vanhemmille, jotka arvostavat toiminnallisuutta ja mukavuutta. Se on valmistettu korkealaatuisesta puuvillasta, joka takaa hell\u00e4varaisuuden ja turvallisuuden vauvan herk\u00e4lle iholle. Imukykyisyytens\u00e4 ja antibakteeristen ominaisuuksiensa ansiosta se on erinomainen valinta jokap\u00e4iv\u00e4iseen k\u00e4ytt\u00f6\u00f6n. Lis\u00e4ksi vaippapehmuste on helppo hoitaa, mik\u00e4 tekee siit\u00e4 k\u00e4yt\u00e4nn\u00f6llisen lis\u00e4varusteen mihin tahansa lastenhuoneeseen. <\/p>\n<p>Miksi vohvelikangas?<br \/>\n-Sill\u00e4 on antibakteerisia ominaisuuksia.<br \/>\n-Se on hypoallergeeninen eik\u00e4 aiheuta allergioita.<br \/>\n-Se on hell\u00e4varainen iholle ja miellytt\u00e4v\u00e4 koskettaa.-Se imee hyvin kosteutta. -Se s\u00e4\u00e4telee l\u00e4mp\u00f6\u00e4 \u2013 se on hyvin ilmava ja johtaa l\u00e4mp\u00f6\u00e4. -Se viilent\u00e4\u00e4 kuumina p\u00e4ivin\u00e4 ja l\u00e4mmitt\u00e4\u00e4 viilein\u00e4 p\u00e4ivin\u00e4. -Se kest\u00e4\u00e4 kulutusta ja venymist\u00e4.-Se ei aiheuta staattista s\u00e4hk\u00f6\u00e4.<br \/>\n-Se on biohajoava. <\/p>\n<p>Vohvelikangasvaippapehmuste sis\u00e4lt\u00e4\u00e4:<br \/>\nJ\u00e4yk\u00e4n, vedenpit\u00e4v\u00e4st\u00e4 materiaalista valmistetun sis\u00e4osan.<br \/>\nAntibakteerisesta ja pehme\u00e4st\u00e4 vohvelikankaasta valmistetun p\u00e4\u00e4llisen.<br \/>\nK\u00e4\u00e4nnett\u00e4v\u00e4n pohjan, joka on valmistettu vohvelikankaasta ja froteesta ja suojattu vedenpit\u00e4v\u00e4ll\u00e4 kalvolla. <\/p>\n<p>Mitat:<br \/>\n75 x 55 cm <\/p>\n<p>V\u00e4rivaihtoehdot:<br \/>\nLumivalkoinen \/ Ruusu \/ Maito <\/p>\n<p>Materiaali:<br \/>\nP\u00e4\u00e4llisen koostumus: 100 % puuvillaa, paino 154 g\/m\u00b2, OEKO-TEX Standard 100 -sertifioitu. <\/p>\n<p>Hoito-ohjeet:<br \/>\nHell\u00e4varainen pesu 40 asteessa.<br \/>\nVoidaan silitt\u00e4\u00e4 kosteana korkeassa l\u00e4mp\u00f6tilassa.<br \/>\nEi saa valkaista.<br \/>\nVoidaan kuivata rumpukuivurissa herk\u00e4n kankaan ohjelmalla. <\/p>\n<p>Lis\u00e4tietoja:<br \/>\nOmmeltu Puolassa paikallisista materiaaleista.<br \/>\nSopii kaikkiin vaippap\u00f6yt\u00f6ihimme.<\/p>\n","protected":false},"excerpt":{"rendered":"<p>Vohvelikangasvaippapehmuste on t\u00e4ydellinen ratkaisu vanhemmille, jotka arvostavat toiminnallisuutta ja mukavuutta. Se on valmistettu korkealaatuisesta puuvillasta, joka takaa hell\u00e4varaisuuden ja turvallisuuden vauvan herk\u00e4lle iholle. Imukykyisyytens\u00e4 ja antibakteeristen ominaisuuksiensa ansiosta se on erinomainen valinta jokap\u00e4iv\u00e4iseen k\u00e4ytt\u00f6\u00f6n. Lis\u00e4ksi vaippapehmuste on helppo hoitaa, mik\u00e4 tekee siit\u00e4 k\u00e4yt\u00e4nn\u00f6llisen lis\u00e4varusteen mihin tahansa lastenhuoneeseen. Miksi vohvelikangas? -Sill\u00e4 on antibakteerisia ominaisuuksia. -Se on [&hellip;]<\/p>\n","protected":false},"featured_media":0,"comment_status":"open","ping_status":"closed","template":"","meta":[],"product_brand":[],"product_cat":[32],"product_tag":[],"class_list":{"0":"post-38871","1":"product","2":"type-product","3":"status-publish","5":"product_cat-uncategorized-fi","7":"first","8":"instock","9":"shipping-taxable","10":"purchasable","11":"product-type-simple"},"_links":{"self":[{"href":"https:\/\/nordicmart.andreevmaster.com\/fi\/wp-json\/wp\/v2\/product\/38871","targetHints":{"allow":["GET"]}}],"collection":[{"href":"https:\/\/nordicmart.andreevmaster.com\/fi\/wp-json\/wp\/v2\/product"}],"about":[{"href":"https:\/\/nordicmart.andreevmaster.com\/fi\/wp-json\/wp\/v2\/types\/product"}],"replies":[{"embeddable":true,"href":"https:\/\/nordicmart.andreevmaster.com\/fi\/wp-json\/wp\/v2\/comments?post=38871"}],"wp:attachment":[{"href":"https:\/\/nordicmart.andreevmaster.com\/fi\/wp-json\/wp\/v2\/media?parent=38871"}],"wp:term":[{"taxonomy":"product_brand","embeddable":true,"href":"https:\/\/nordicmart.andreevmaster.com\/fi\/wp-json\/wp\/v2\/product_brand?post=38871"},{"taxonomy":"product_cat","embeddable":true,"href":"https:\/\/nordicmart.andreevmaster.com\/fi\/wp-json\/wp\/v2\/product_cat?post=38871"},{"taxonomy":"product_tag","embeddable":true,"href":"https:\/\/nordicmart.andreevmaster.com\/fi\/wp-json\/wp\/v2\/product_tag?post=38871"}],"curies":[{"name":"wp","href":"https:\/\/api.w.org\/{rel}","templated":true}]}}