{"id":38867,"date":"2026-02-27T00:46:28","date_gmt":"2026-02-27T00:46:28","guid":{"rendered":"https:\/\/nordicmart.andreevmaster.com\/product\/tyyny-ja-paivapeitesetti-maito\/"},"modified":"2026-02-27T10:01:10","modified_gmt":"2026-02-27T10:01:10","slug":"tyyny-ja-paivapeitesetti-maito","status":"publish","type":"product","link":"https:\/\/nordicmart.andreevmaster.com\/fi\/tuote\/tyyny-ja-paivapeitesetti-maito\/","title":{"rendered":"Tyyny- ja p\u00e4iv\u00e4peitesetti, maito"},"content":{"rendered":"<p>Tyynyliina ja p\u00e4iv\u00e4peite muodostavat t\u00e4ydellisen yhdistelm\u00e4n tyyli\u00e4 ja mukavuutta. Ne on valmistettu korkealaatuisesta vohvelikankaasta (100 % puuvillaa) ja sopivat erinomaisesti mink\u00e4 tahansa lapsen makuuhuoneeseen tuoden siihen kodikasta tunnelmaa. P\u00e4iv\u00e4peitett\u00e4 voi k\u00e4ytt\u00e4\u00e4 my\u00f6s peittona, mik\u00e4 tekee siit\u00e4 erityisen k\u00e4yt\u00e4nn\u00f6llisen sisustustuotteen. Sek\u00e4 tyynyliina ett\u00e4 p\u00e4iv\u00e4peite ovat k\u00e4yt\u00e4nn\u00f6llinen ja esteettinen valinta, joka takaa mukavan levon ja tyylikk\u00e4\u00e4n ilmeen s\u00e4ngylle. Ihanteellinen setti jokap\u00e4iv\u00e4iseen k\u00e4ytt\u00f6\u00f6n tai lahjaksi. <\/p>\n<p>Materiaali:<br \/>\n100 % vohvelipuuvillaa, 150 g\/m\u00b2, Oeko-TEX Standard 100 -sertifioitu IW 00034. <\/p>\n<p>Koko:<br \/>\nTyynyliina: 50 cm x 70 cm<br \/>\nP\u00e4iv\u00e4peite: 100 cm x 180 cm<\/p>\n<p>Pesuohjeet:<br \/>\n Konepesu 40 \u00b0C<br \/>\nEi valkaisuaineita<br \/>\nVoidaan kuivata kuivausrummussa herkk\u00e4vaatteiden ohjelmalla<\/p>\n","protected":false},"excerpt":{"rendered":"<p>Tyynyliina ja p\u00e4iv\u00e4peite muodostavat t\u00e4ydellisen yhdistelm\u00e4n tyyli\u00e4 ja mukavuutta. Ne on valmistettu korkealaatuisesta vohvelikankaasta (100 % puuvillaa) ja sopivat erinomaisesti mink\u00e4 tahansa lapsen makuuhuoneeseen tuoden siihen kodikasta tunnelmaa. P\u00e4iv\u00e4peitett\u00e4 voi k\u00e4ytt\u00e4\u00e4 my\u00f6s peittona, mik\u00e4 tekee siit\u00e4 erityisen k\u00e4yt\u00e4nn\u00f6llisen sisustustuotteen. Sek\u00e4 tyynyliina ett\u00e4 p\u00e4iv\u00e4peite ovat k\u00e4yt\u00e4nn\u00f6llinen ja esteettinen valinta, joka takaa mukavan levon ja tyylikk\u00e4\u00e4n ilmeen [&hellip;]<\/p>\n","protected":false},"featured_media":0,"comment_status":"open","ping_status":"closed","template":"","meta":[],"product_brand":[],"product_cat":[32],"product_tag":[],"class_list":{"0":"post-38867","1":"product","2":"type-product","3":"status-publish","5":"product_cat-uncategorized-fi","7":"first","8":"instock","9":"shipping-taxable","10":"purchasable","11":"product-type-simple"},"_links":{"self":[{"href":"https:\/\/nordicmart.andreevmaster.com\/fi\/wp-json\/wp\/v2\/product\/38867","targetHints":{"allow":["GET"]}}],"collection":[{"href":"https:\/\/nordicmart.andreevmaster.com\/fi\/wp-json\/wp\/v2\/product"}],"about":[{"href":"https:\/\/nordicmart.andreevmaster.com\/fi\/wp-json\/wp\/v2\/types\/product"}],"replies":[{"embeddable":true,"href":"https:\/\/nordicmart.andreevmaster.com\/fi\/wp-json\/wp\/v2\/comments?post=38867"}],"wp:attachment":[{"href":"https:\/\/nordicmart.andreevmaster.com\/fi\/wp-json\/wp\/v2\/media?parent=38867"}],"wp:term":[{"taxonomy":"product_brand","embeddable":true,"href":"https:\/\/nordicmart.andreevmaster.com\/fi\/wp-json\/wp\/v2\/product_brand?post=38867"},{"taxonomy":"product_cat","embeddable":true,"href":"https:\/\/nordicmart.andreevmaster.com\/fi\/wp-json\/wp\/v2\/product_cat?post=38867"},{"taxonomy":"product_tag","embeddable":true,"href":"https:\/\/nordicmart.andreevmaster.com\/fi\/wp-json\/wp\/v2\/product_tag?post=38867"}],"curies":[{"name":"wp","href":"https:\/\/api.w.org\/{rel}","templated":true}]}}