{"id":38864,"date":"2026-02-27T00:46:28","date_gmt":"2026-02-27T00:46:28","guid":{"rendered":"https:\/\/nordicmart.andreevmaster.com\/product\/up-sanky-70x120-harmaa\/"},"modified":"2026-02-27T10:01:09","modified_gmt":"2026-02-27T10:01:09","slug":"up-sanky-70x120-harmaa","status":"publish","type":"product","link":"https:\/\/nordicmart.andreevmaster.com\/fi\/tuote\/up-sanky-70x120-harmaa\/","title":{"rendered":"UP! S\u00e4nky 70&#215;120 harmaa"},"content":{"rendered":"<p>UP! \u2013 t\u00e4ysin kierr\u00e4tett\u00e4v\u00e4 \u2013 pitk\u00e4ik\u00e4inen UP!<br \/>\nS\u00e4ngyn, jossa on kaappi, hoitop\u00f6yt\u00e4, laatikko (valinnainen) ja hyllyt, on huonekalu, joka muuttuu lapsen mukana ja mukautuu h\u00e4nen tarpeisiinsa. Vauvalle se on upea, turvallinen paikka nukkua, leikki\u00e4 ja lev\u00e4t\u00e4, ja vanhemmille se on toimiva s\u00e4ilytystila kaikille lapsen hoitoon tarvittaville tavaroille. Vanhemman lapsen tarpeisiin huonekalu voidaan muuttaa suuremmaksi s\u00e4ngyksi (160 cm) lis\u00e4\u00e4m\u00e4ll\u00e4 sarjaan s\u00e4\u00e4dett\u00e4v\u00e4ll\u00e4 p\u00f6yd\u00e4ll\u00e4 ja lasten aarteiden s\u00e4ilytyskaapilla varustettu kirjoitusp\u00f6yt\u00e4. Muunneltavuutensa ansiosta UP!-huonekalu on loistava ratkaisu kaikille, jotka haluavat nauttia kauniista ja toimivasta ratkaisusta monien vuosien ajan. UP! Se on valmistettu MDF-levyst\u00e4, tammiviilusta, huonekalulevyst\u00e4 ja massiivipuusta. Se on saatavana harmaana, ja siin\u00e4 on tammiset jalat. **T\u00e4rkeimm\u00e4t edut:**<br \/>\n&#8211; s\u00e4nky, jossa on hoitop\u00f6yt\u00e4, s\u00e4ilytyslaatikko, kaappi ja hyllyt<br \/>\n&#8211; kolme patjan tukikehikon korkeutta, jotka voidaan s\u00e4\u00e4t\u00e4\u00e4 lapsen kehityksen mukaan (29\/47,8\/60,5 cm lattiasta) &#8211; irrotettava eturungon osa<br \/>\n\u2013 helpottaa lapsen itsen\u00e4ist\u00e4 s\u00e4nkyyn menemist\u00e4 ja sielt\u00e4 nousemista<br \/>\n&#8211; mahdollisuus muuttaa sohvaksi irrottamalla eturungon<br \/>\n&#8211; kahden sivurungon irrottamisen j\u00e4lkeen saadaan 160 cm pitk\u00e4 junioris\u00e4nky, ja muista osista s\u00e4\u00e4dett\u00e4v\u00e4ll\u00e4 p\u00f6yt\u00e4levyll\u00e4 varustettu ty\u00f6p\u00f6yt\u00e4 ja k\u00e4yt\u00e4nn\u00f6llinen s\u00e4ilytyslaatikko<br \/>\n &#8211; tilava, k\u00e4yt\u00e4nn\u00f6llinen laatikko py\u00f6rill\u00e4, joissa on kumipy\u00f6r\u00e4t (laatikko on lis\u00e4varuste, joka voidaan ostaa erikseen)<br \/>\n-kaapin laatikko on varustettu H\u00e4fele-merkkisill\u00e4 hiljaisilla, itsest\u00e4\u00e4n sulkeutuvilla johteilla<br \/>\n&#8211; lakkaamisessa k\u00e4ytetyt maalit ovat lapsille turvallisia, sertifioituja standardin EN71\/3 mukaisesti, eiv\u00e4t aiheuta allergioita<\/p>\n<p> **Mitat (cm):**<br \/>\npituus- 163,5<br \/>\nleveys- 77,5<br \/>\nkorkeus- 100 **Lis\u00e4tietoja:**<br \/>\n &#8211; s\u00e4nkyyn sopii patja, jonka mitat ovat: 70&#215;120 cm,<br \/>\n&#8211; junioris\u00e4nkyyn sopii patja, jonka mitat ovat: 70&#215;160 cm<br \/>\n &#8211; k\u00e4ytt\u00f6ik\u00e4: syntym\u00e4st\u00e4 noin 8\/10 vuoteen<br \/>\nHuonekalujen valmistus ja viimeistely: &#8211; laatikon etuosa, kaapit, junior-listat ja s\u00e4ngyn kehykset on valmistettu MDF-levyst\u00e4, joka on lakattu lapsille turvallisella valkoisella maalilla<br \/>\n&#8211; kaapin runko ja s\u00e4ngyn tukipalkit on valmistettu korkealaatuisesta laminaattilevyst\u00e4, joka kest\u00e4\u00e4 vaurioita ja kosteutta ja on helppo pit\u00e4\u00e4 puhtaana<br \/>\n&#8211; huonekalun jalat on valmistettu tammiviilusta<br \/>\n &#8211; H\u00e4fele-ohjainten vetimet on varustettu laatikon sulkeutumista hidastavalla j\u00e4rjestelm\u00e4ll\u00e4<br \/>\n &#8211; lakkaamisessa k\u00e4ytetyt maalit ovat lapsille turvallisia, sertifioituja ja eiv\u00e4t aiheuta allergioita **V\u00e4rit:** &#8211; harmaa, tammi, mattapintainen ** K\u00e4ytt\u00f6ohje:**<br \/>\nS\u00e4nky on puhdistettava pehme\u00e4ll\u00e4, vedell\u00e4 tai huonekalujen hoitoon tarkoitetulla aineella kostutetulla puuvillakankaalla. **Lis\u00e4tietoja:**<br \/>\nS\u00e4nky toimitetaan pakkauksissa, jotka on tarkoitettu itse koottaviksi. Pakkauksissa on yksityiskohtaiset asennusohjeet ja tarvittavat tarvikkeet (ruuvit jne.).<\/p>\n","protected":false},"excerpt":{"rendered":"<p>UP! \u2013 t\u00e4ysin kierr\u00e4tett\u00e4v\u00e4 \u2013 pitk\u00e4ik\u00e4inen UP! S\u00e4ngyn, jossa on kaappi, hoitop\u00f6yt\u00e4, laatikko (valinnainen) ja hyllyt, on huonekalu, joka muuttuu lapsen mukana ja mukautuu h\u00e4nen tarpeisiinsa. Vauvalle se on upea, turvallinen paikka nukkua, leikki\u00e4 ja lev\u00e4t\u00e4, ja vanhemmille se on toimiva s\u00e4ilytystila kaikille lapsen hoitoon tarvittaville tavaroille. Vanhemman lapsen tarpeisiin huonekalu voidaan muuttaa suuremmaksi s\u00e4ngyksi [&hellip;]<\/p>\n","protected":false},"featured_media":0,"comment_status":"open","ping_status":"closed","template":"","meta":[],"product_brand":[],"product_cat":[32],"product_tag":[],"class_list":{"0":"post-38864","1":"product","2":"type-product","3":"status-publish","5":"product_cat-uncategorized-fi","7":"first","8":"instock","9":"shipping-taxable","10":"purchasable","11":"product-type-simple"},"_links":{"self":[{"href":"https:\/\/nordicmart.andreevmaster.com\/fi\/wp-json\/wp\/v2\/product\/38864","targetHints":{"allow":["GET"]}}],"collection":[{"href":"https:\/\/nordicmart.andreevmaster.com\/fi\/wp-json\/wp\/v2\/product"}],"about":[{"href":"https:\/\/nordicmart.andreevmaster.com\/fi\/wp-json\/wp\/v2\/types\/product"}],"replies":[{"embeddable":true,"href":"https:\/\/nordicmart.andreevmaster.com\/fi\/wp-json\/wp\/v2\/comments?post=38864"}],"wp:attachment":[{"href":"https:\/\/nordicmart.andreevmaster.com\/fi\/wp-json\/wp\/v2\/media?parent=38864"}],"wp:term":[{"taxonomy":"product_brand","embeddable":true,"href":"https:\/\/nordicmart.andreevmaster.com\/fi\/wp-json\/wp\/v2\/product_brand?post=38864"},{"taxonomy":"product_cat","embeddable":true,"href":"https:\/\/nordicmart.andreevmaster.com\/fi\/wp-json\/wp\/v2\/product_cat?post=38864"},{"taxonomy":"product_tag","embeddable":true,"href":"https:\/\/nordicmart.andreevmaster.com\/fi\/wp-json\/wp\/v2\/product_tag?post=38864"}],"curies":[{"name":"wp","href":"https:\/\/api.w.org\/{rel}","templated":true}]}}