{"id":38862,"date":"2026-02-27T00:46:27","date_gmt":"2026-02-27T00:46:27","guid":{"rendered":"https:\/\/nordicmart.andreevmaster.com\/product\/up-sanky-70x120\/"},"modified":"2026-02-27T10:01:09","modified_gmt":"2026-02-27T10:01:09","slug":"up-sanky-70x120","status":"publish","type":"product","link":"https:\/\/nordicmart.andreevmaster.com\/fi\/tuote\/up-sanky-70x120\/","title":{"rendered":"UP! S\u00e4nky 70&#215;120"},"content":{"rendered":"<p>**UP!cycling \u2013 pitk\u00e4ik\u00e4inen**  UP! on ihanteellinen ratkaisu jokaisen lapsen huoneeseen. Pienell\u00e4 kaapilla, hoitop\u00f6yd\u00e4ll\u00e4, laatikolla (lis\u00e4varuste) ja hyllyill\u00e4 varustettu s\u00e4nky on huonekalu, joka muuttuu lapsen mukana ja mukautuu h\u00e4nen tarpeisiinsa. Vauvalle se on turvallinen paikka nukkua, leikki\u00e4 ja lev\u00e4t\u00e4, kun taas vanhemmille se on toimiva tila, jossa voi s\u00e4ilytt\u00e4\u00e4 kaikki vauvan hoitoon tarvittavat tavarat. Kun lapsi kasvaa, s\u00e4nky voidaan helposti ja nopeasti muuttaa suuremmaksi s\u00e4ngyksi (160 cm) lis\u00e4\u00e4m\u00e4ll\u00e4 siihen pieni p\u00f6yt\u00e4, jonka kansi on s\u00e4\u00e4dett\u00e4viss\u00e4 ja jossa on tilaa lapsen aarteille. T\u00e4llaisten vaihtoehtojen ansiosta se on loistava ratkaisu kaikille, jotka haluavat nauttia siistist\u00e4 ja toimivasta ratkaisusta monien vuosien ajan.  **T\u00e4rkeimm\u00e4t edut:** &#8211; t\u00e4ytt\u00e4\u00e4 eurooppalaiset turvallisuusstandardit &#8211; **kolme tasoa patjakehyst\u00e4**, jotka voidaan s\u00e4\u00e4t\u00e4\u00e4 lapsen kasvun mukaan (60,5\/47,8\/29 cm lattiasta)<br \/>\n**- mahdollisuus poistaa 1\/3 **kehyksest\u00e4, mik\u00e4 helpottaa s\u00e4nkyyn nousemista ja sielt\u00e4 poistumista**<br \/>\n&#8211; mahdollisuus muuttaa sohvaksi** poistamalla eturungon<br \/>\n**- mahdollisuus muuttaa 160 cm pitk\u00e4ksi junioris\u00e4ngyksi,<br \/>\n**- **mahdollisuus luoda ty\u00f6p\u00f6yt\u00e4 **s\u00e4\u00e4dett\u00e4v\u00e4ll\u00e4 kannella ja kaappi, jossa on laatikko ja hyllyt &#8211; **tilava laatikko** py\u00f6rill\u00e4, jotka on viimeistelty renkaalla, turvallinen lattialle (lis\u00e4varuste)<br \/>\n&#8211; kansi, joka peitt\u00e4\u00e4 laatikon sis\u00e4ll\u00f6n.<\/p>\n<p>**Mitat (cm):**<br \/>\npituus: 144 \u2013 164<br \/>\nleveys: 74<br \/>\nkorkeus: 94<\/p>\n<p>**Lis\u00e4tietoja:**<br \/>\n&#8211; s\u00e4nkyyn sopiva patja: 70 cm x 120 cm<br \/>\n&#8211; junioris\u00e4nkyyn sopiva patja: 70 cm x 160 cm<br \/>\n&#8211; k\u00e4ytt\u00f6ik\u00e4: noin 8\u201310-vuotiaaksi asti. **Huonekalujen materiaalit ja viimeistely:****<br \/>\n**- jalat on valmistettu tammiviilusta, joka on lakattu v\u00e4ritt\u00f6m\u00e4ll\u00e4, lapsille turvallisella maalilla &#8211; kaapin etuosat, s\u00e4ngyn tikkaat, junioritangot ja hoitop\u00f6yd\u00e4n sivut on valmistettu valkoiseksi lakatusta MDF-levyst\u00e4<br \/>\n&#8211; s\u00e4ngyn p\u00e4\u00e4ty ja jalkop\u00e4\u00e4 sek\u00e4 kaapin sivut on valmistettu valkoisesta laminoidusta levyst\u00e4, joka kest\u00e4\u00e4 vaurioita ja kosteutta ja on helppo pit\u00e4\u00e4 puhtaana &#8211; patjakehys on valmistettu py\u00f6kkivanerista<br \/>\n&#8211; lakkauksessa k\u00e4ytetyt maalit ovat lapsille turvallisia, EN71\/3-hyv\u00e4ksyttyj\u00e4 eiv\u00e4tk\u00e4 aiheuta allergiaa.   **V\u00e4rit:** &#8211; valkoinen, tammiviilu, mattapinta **K\u00e4ytt\u00f6ohjeet:** Huonekalut tulee puhdistaa pehme\u00e4ll\u00e4, vedell\u00e4 kostutetulla puuvillakankaalla tai huonekalujen hoitoon tarkoitetulla tuotteella. **<br \/>\nLis\u00e4tietoja:** Huonekalut toimitetaan pakkauksissa, jotka on tarkoitettu itse koottaviksi. Pakkaukset sis\u00e4lt\u00e4v\u00e4t yksityiskohtaiset asennusohjeet sek\u00e4 tarvikkeet (ruuvit jne.).<\/p>\n","protected":false},"excerpt":{"rendered":"<p>**UP!cycling \u2013 pitk\u00e4ik\u00e4inen** UP! on ihanteellinen ratkaisu jokaisen lapsen huoneeseen. Pienell\u00e4 kaapilla, hoitop\u00f6yd\u00e4ll\u00e4, laatikolla (lis\u00e4varuste) ja hyllyill\u00e4 varustettu s\u00e4nky on huonekalu, joka muuttuu lapsen mukana ja mukautuu h\u00e4nen tarpeisiinsa. Vauvalle se on turvallinen paikka nukkua, leikki\u00e4 ja lev\u00e4t\u00e4, kun taas vanhemmille se on toimiva tila, jossa voi s\u00e4ilytt\u00e4\u00e4 kaikki vauvan hoitoon tarvittavat tavarat. Kun lapsi [&hellip;]<\/p>\n","protected":false},"featured_media":0,"comment_status":"open","ping_status":"closed","template":"","meta":[],"product_brand":[],"product_cat":[32],"product_tag":[],"class_list":{"0":"post-38862","1":"product","2":"type-product","3":"status-publish","5":"product_cat-uncategorized-fi","7":"first","8":"instock","9":"shipping-taxable","10":"purchasable","11":"product-type-simple"},"_links":{"self":[{"href":"https:\/\/nordicmart.andreevmaster.com\/fi\/wp-json\/wp\/v2\/product\/38862","targetHints":{"allow":["GET"]}}],"collection":[{"href":"https:\/\/nordicmart.andreevmaster.com\/fi\/wp-json\/wp\/v2\/product"}],"about":[{"href":"https:\/\/nordicmart.andreevmaster.com\/fi\/wp-json\/wp\/v2\/types\/product"}],"replies":[{"embeddable":true,"href":"https:\/\/nordicmart.andreevmaster.com\/fi\/wp-json\/wp\/v2\/comments?post=38862"}],"wp:attachment":[{"href":"https:\/\/nordicmart.andreevmaster.com\/fi\/wp-json\/wp\/v2\/media?parent=38862"}],"wp:term":[{"taxonomy":"product_brand","embeddable":true,"href":"https:\/\/nordicmart.andreevmaster.com\/fi\/wp-json\/wp\/v2\/product_brand?post=38862"},{"taxonomy":"product_cat","embeddable":true,"href":"https:\/\/nordicmart.andreevmaster.com\/fi\/wp-json\/wp\/v2\/product_cat?post=38862"},{"taxonomy":"product_tag","embeddable":true,"href":"https:\/\/nordicmart.andreevmaster.com\/fi\/wp-json\/wp\/v2\/product_tag?post=38862"}],"curies":[{"name":"wp","href":"https:\/\/api.w.org\/{rel}","templated":true}]}}