{"id":38857,"date":"2026-02-27T00:46:26","date_gmt":"2026-02-27T00:46:26","guid":{"rendered":"https:\/\/nordicmart.andreevmaster.com\/product\/bellamy-universal-bed-rail-elegant-white-2\/"},"modified":"2026-02-27T10:01:08","modified_gmt":"2026-02-27T10:01:08","slug":"bellamy-universal-bed-rail-elegant-white-2","status":"publish","type":"product","link":"https:\/\/nordicmart.andreevmaster.com\/fi\/tuote\/bellamy-universal-bed-rail-elegant-white-2\/","title":{"rendered":"Bellamy Universal Bed Rail Elegant White"},"content":{"rendered":"<p>Suojakaide v\u00e4hent\u00e4\u00e4 lapsen putoamisriski\u00e4 s\u00e4ngyst\u00e4 unen aikana. Se on helppo koota eik\u00e4 j\u00e4t\u00e4 j\u00e4lki\u00e4 s\u00e4ngyn sivuille. Sopii s\u00e4nkyihin, joiden suorien tankojen paksuus on 16\u201320 mm.<br \/>\n**Mitat:**<br \/>\npituus: 90 cm<br \/>\nkokonaiskorkeus: 27 cm<br \/>\nsyvyys: 10 cm<br \/>\nSuositeltu patjan korkeus: 7\u201315 cm<\/p>\n<p>**Materiaalit:**<br \/>\nMDF, lakattu lapsiturvallisella maalilla<\/p>\n<p>**V\u00e4ri:**<br \/>\n&#8211; luonnonvalkoinen (sopii: Good Night by Anna Mucha, Ines, Simple)<\/p>\n<p>**K\u00e4ytt\u00f6ohje:**<br \/>\nHuonekalut on pyyhitt\u00e4v\u00e4 pehme\u00e4ll\u00e4, vedell\u00e4 kostutetulla puuvillakankaalla tai huonekalujen puhdistusaineella.<\/p>\n<p>**Lis\u00e4tietoja:**<br \/>\nHuonekalut toimitetaan itse koottavina laatikoissa. Laatikoissa on yksityiskohtainen asennusohje ja tarvittavat tarvikkeet (ruuvit jne.).<\/p>\n","protected":false},"excerpt":{"rendered":"<p>Suojakaide v\u00e4hent\u00e4\u00e4 lapsen putoamisriski\u00e4 s\u00e4ngyst\u00e4 unen aikana. Se on helppo koota eik\u00e4 j\u00e4t\u00e4 j\u00e4lki\u00e4 s\u00e4ngyn sivuille. Sopii s\u00e4nkyihin, joiden suorien tankojen paksuus on 16\u201320 mm. **Mitat:** pituus: 90 cm kokonaiskorkeus: 27 cm syvyys: 10 cm Suositeltu patjan korkeus: 7\u201315 cm **Materiaalit:** MDF, lakattu lapsiturvallisella maalilla **V\u00e4ri:** &#8211; luonnonvalkoinen (sopii: Good Night by Anna Mucha, Ines, [&hellip;]<\/p>\n","protected":false},"featured_media":0,"comment_status":"open","ping_status":"closed","template":"","meta":[],"product_brand":[],"product_cat":[32],"product_tag":[],"class_list":{"0":"post-38857","1":"product","2":"type-product","3":"status-publish","5":"product_cat-uncategorized-fi","7":"first","8":"instock","9":"shipping-taxable","10":"purchasable","11":"product-type-simple"},"_links":{"self":[{"href":"https:\/\/nordicmart.andreevmaster.com\/fi\/wp-json\/wp\/v2\/product\/38857","targetHints":{"allow":["GET"]}}],"collection":[{"href":"https:\/\/nordicmart.andreevmaster.com\/fi\/wp-json\/wp\/v2\/product"}],"about":[{"href":"https:\/\/nordicmart.andreevmaster.com\/fi\/wp-json\/wp\/v2\/types\/product"}],"replies":[{"embeddable":true,"href":"https:\/\/nordicmart.andreevmaster.com\/fi\/wp-json\/wp\/v2\/comments?post=38857"}],"wp:attachment":[{"href":"https:\/\/nordicmart.andreevmaster.com\/fi\/wp-json\/wp\/v2\/media?parent=38857"}],"wp:term":[{"taxonomy":"product_brand","embeddable":true,"href":"https:\/\/nordicmart.andreevmaster.com\/fi\/wp-json\/wp\/v2\/product_brand?post=38857"},{"taxonomy":"product_cat","embeddable":true,"href":"https:\/\/nordicmart.andreevmaster.com\/fi\/wp-json\/wp\/v2\/product_cat?post=38857"},{"taxonomy":"product_tag","embeddable":true,"href":"https:\/\/nordicmart.andreevmaster.com\/fi\/wp-json\/wp\/v2\/product_tag?post=38857"}],"curies":[{"name":"wp","href":"https:\/\/api.w.org\/{rel}","templated":true}]}}