{"id":38856,"date":"2026-02-27T00:46:25","date_gmt":"2026-02-27T00:46:25","guid":{"rendered":"https:\/\/nordicmart.andreevmaster.com\/product\/tatam-phoebe-kirjahylly\/"},"modified":"2026-02-27T10:01:08","modified_gmt":"2026-02-27T10:01:08","slug":"tatam-phoebe-kirjahylly","status":"publish","type":"product","link":"https:\/\/nordicmart.andreevmaster.com\/fi\/tuote\/tatam-phoebe-kirjahylly\/","title":{"rendered":"Tatam Phoebe  kirjahylly"},"content":{"rendered":"<p>TATAM-sarjan alempi hyllykk\u00f6 t\u00e4ydent\u00e4\u00e4 ihanteellisesti jokaisen lapsen huoneen. Se sopii erinomaisesti lapsen aarteiden, lelujen ja jopa vaatteiden s\u00e4ilytykseen.<br \/>\nTilaviin kaappeihin mahtuu kaikki tarvittava, kuten lelut, vaatteet tai kirjat.<br \/>\nT\u00e4rkeimm\u00e4t edut:<br \/>\n &#8211; kuusi hylly\u00e4<br \/>\n &#8211; kaksi kaappia<br \/>\n &#8211; kaksi laatikkoa<br \/>\n &#8211; kirjahyllyn yl\u00e4osan k\u00e4yt\u00e4nn\u00f6llinen k\u00e4ytt\u00f6<br \/>\n &#8211; ajaton muotoilu<br \/>\n &#8211; mahdollisuus kiinnitt\u00e4\u00e4 sein\u00e4\u00e4n \u2013 suositeltavaa<br \/>\n &#8211; vapaa p\u00e4\u00e4sy hyllyille pienimmille lapsille<br \/>\n &#8211; t\u00e4ytt\u00e4\u00e4 eurooppalaiset turvallisuusstandardit <\/p>\n<p>Viimeistely ja valmistustiedot:<br \/>\n &#8211; valmistettu korkealaatuisesta laminoidusta levyst\u00e4<br \/>\n &#8211; puinen m\u00e4ntyrakenne, vaneri <\/p>\n<p>V\u00e4rit:<br \/>\n &#8211; valkoinen, m\u00e4ntypuinen <\/p>\n<p>Mitat (cm):<br \/>\n korkeus: 130<br \/>\n leveys: 89<br \/>\n syvyys: 37 <\/p>\n<p>K\u00e4ytt\u00f6ohje:<br \/>\n Huonekalut on pyyhitt\u00e4v\u00e4 pehme\u00e4ll\u00e4, vedell\u00e4 kostutetulla puuvillakankaalla tai huonekalujen puhdistusaineella. <\/p>\n<p>Lis\u00e4tietoja:<br \/>\n Huonekalut toimitetaan laatikoissa itse koottavina. Laatikoissa on yksityiskohtainen asennusohje ja tarvittavat tarvikkeet (ruuvit jne.).<\/p>\n","protected":false},"excerpt":{"rendered":"<p>TATAM-sarjan alempi hyllykk\u00f6 t\u00e4ydent\u00e4\u00e4 ihanteellisesti jokaisen lapsen huoneen. Se sopii erinomaisesti lapsen aarteiden, lelujen ja jopa vaatteiden s\u00e4ilytykseen. Tilaviin kaappeihin mahtuu kaikki tarvittava, kuten lelut, vaatteet tai kirjat. T\u00e4rkeimm\u00e4t edut: &#8211; kuusi hylly\u00e4 &#8211; kaksi kaappia &#8211; kaksi laatikkoa &#8211; kirjahyllyn yl\u00e4osan k\u00e4yt\u00e4nn\u00f6llinen k\u00e4ytt\u00f6 &#8211; ajaton muotoilu &#8211; mahdollisuus kiinnitt\u00e4\u00e4 sein\u00e4\u00e4n \u2013 suositeltavaa &#8211; vapaa [&hellip;]<\/p>\n","protected":false},"featured_media":0,"comment_status":"open","ping_status":"closed","template":"","meta":[],"product_brand":[],"product_cat":[32],"product_tag":[],"class_list":{"0":"post-38856","1":"product","2":"type-product","3":"status-publish","5":"product_cat-uncategorized-fi","7":"first","8":"instock","9":"shipping-taxable","10":"purchasable","11":"product-type-simple"},"_links":{"self":[{"href":"https:\/\/nordicmart.andreevmaster.com\/fi\/wp-json\/wp\/v2\/product\/38856","targetHints":{"allow":["GET"]}}],"collection":[{"href":"https:\/\/nordicmart.andreevmaster.com\/fi\/wp-json\/wp\/v2\/product"}],"about":[{"href":"https:\/\/nordicmart.andreevmaster.com\/fi\/wp-json\/wp\/v2\/types\/product"}],"replies":[{"embeddable":true,"href":"https:\/\/nordicmart.andreevmaster.com\/fi\/wp-json\/wp\/v2\/comments?post=38856"}],"wp:attachment":[{"href":"https:\/\/nordicmart.andreevmaster.com\/fi\/wp-json\/wp\/v2\/media?parent=38856"}],"wp:term":[{"taxonomy":"product_brand","embeddable":true,"href":"https:\/\/nordicmart.andreevmaster.com\/fi\/wp-json\/wp\/v2\/product_brand?post=38856"},{"taxonomy":"product_cat","embeddable":true,"href":"https:\/\/nordicmart.andreevmaster.com\/fi\/wp-json\/wp\/v2\/product_cat?post=38856"},{"taxonomy":"product_tag","embeddable":true,"href":"https:\/\/nordicmart.andreevmaster.com\/fi\/wp-json\/wp\/v2\/product_tag?post=38856"}],"curies":[{"name":"wp","href":"https:\/\/api.w.org\/{rel}","templated":true}]}}