{"id":38855,"date":"2026-02-27T00:46:25","date_gmt":"2026-02-27T00:46:25","guid":{"rendered":"https:\/\/nordicmart.andreevmaster.com\/product\/tatam-joey-kirjahylly\/"},"modified":"2026-02-27T10:01:07","modified_gmt":"2026-02-27T10:01:07","slug":"tatam-joey-kirjahylly","status":"publish","type":"product","link":"https:\/\/nordicmart.andreevmaster.com\/fi\/tuote\/tatam-joey-kirjahylly\/","title":{"rendered":"Tatam   Joey-kirjahylly"},"content":{"rendered":"<p>T\u00e4m\u00e4 korkea ja tilava, talon muotoinen hyllykk\u00f6, jossa on eri kokoisia hyllyj\u00e4, lokeroita ja laatikoita, antaa jokaiselle pienelle tutkimusmatkailijalle mahdollisuuden leikki\u00e4 luovasti ja auttaa pit\u00e4m\u00e4\u00e4n lelut j\u00e4rjestyksess\u00e4.Lis\u00e4ksi laajennettavaan lelulaatikkoon mahtuu kaikki lapsen lempiesineet, ja pehme\u00e4ll\u00e4 istuimella h\u00e4n voi istua mukavasti leikkiess\u00e4\u00e4n tai keskustellessaan yst\u00e4v\u00e4ns\u00e4 kanssa. T\u00e4m\u00e4n huonekalun avoimen rakenteen ansiosta puuhyllyille asetetut esineet ovat hyvin esill\u00e4. <\/p>\n<p>T\u00e4rkeimm\u00e4t edut:<br \/>\n &#8211; viisi hylly\u00e4<br \/>\n &#8211; kaksi kaappia<br \/>\n &#8211; kirjahyllyn yl\u00e4osan k\u00e4yt\u00e4nn\u00f6llinen k\u00e4ytt\u00f6<br \/>\n &#8211; ajaton muotoilu<br \/>\n &#8211; mahdollisuus kiinnitt\u00e4\u00e4 sein\u00e4\u00e4n \u2013 suositeltavaa<br \/>\n &#8211; vapaa p\u00e4\u00e4sy hyllyille pienimmille lapsille<br \/>\n &#8211; t\u00e4ytt\u00e4\u00e4 eurooppalaiset turvallisuusstandardit <\/p>\n<p>Viimeistely ja valmistustiedot:<br \/>\n &#8211; valmistettu korkealaatuisesta laminoidusta levyst\u00e4<br \/>\n &#8211; puinen m\u00e4ntyrakenne, vaneri<\/p>\n<p> V\u00e4rit:<br \/>\n &#8211; valkoinen, m\u00e4ntypuinen <\/p>\n<p>Mitat (cm):<br \/>\n korkeus: 160<br \/>\n leveys: 46<br \/>\n syvyys: 37 <\/p>\n<p>K\u00e4ytt\u00f6ohje:<br \/>\n Huonekalut on pyyhitt\u00e4v\u00e4 pehme\u00e4ll\u00e4, vedell\u00e4 tai huonekalupuhdistusaineella kostutetulla puuvillakankaalla. <\/p>\n<p>Lis\u00e4tietoja:<br \/>\n Huonekalut toimitetaan itse koottavina laatikoissa. Laatikoissa on yksityiskohtainen asennusohje ja tarvittavat tarvikkeet (ruuvit jne.).<\/p>\n","protected":false},"excerpt":{"rendered":"<p>T\u00e4m\u00e4 korkea ja tilava, talon muotoinen hyllykk\u00f6, jossa on eri kokoisia hyllyj\u00e4, lokeroita ja laatikoita, antaa jokaiselle pienelle tutkimusmatkailijalle mahdollisuuden leikki\u00e4 luovasti ja auttaa pit\u00e4m\u00e4\u00e4n lelut j\u00e4rjestyksess\u00e4.Lis\u00e4ksi laajennettavaan lelulaatikkoon mahtuu kaikki lapsen lempiesineet, ja pehme\u00e4ll\u00e4 istuimella h\u00e4n voi istua mukavasti leikkiess\u00e4\u00e4n tai keskustellessaan yst\u00e4v\u00e4ns\u00e4 kanssa. T\u00e4m\u00e4n huonekalun avoimen rakenteen ansiosta puuhyllyille asetetut esineet ovat hyvin [&hellip;]<\/p>\n","protected":false},"featured_media":0,"comment_status":"open","ping_status":"closed","template":"","meta":[],"product_brand":[],"product_cat":[32],"product_tag":[],"class_list":{"0":"post-38855","1":"product","2":"type-product","3":"status-publish","5":"product_cat-uncategorized-fi","7":"first","8":"instock","9":"shipping-taxable","10":"purchasable","11":"product-type-simple"},"_links":{"self":[{"href":"https:\/\/nordicmart.andreevmaster.com\/fi\/wp-json\/wp\/v2\/product\/38855","targetHints":{"allow":["GET"]}}],"collection":[{"href":"https:\/\/nordicmart.andreevmaster.com\/fi\/wp-json\/wp\/v2\/product"}],"about":[{"href":"https:\/\/nordicmart.andreevmaster.com\/fi\/wp-json\/wp\/v2\/types\/product"}],"replies":[{"embeddable":true,"href":"https:\/\/nordicmart.andreevmaster.com\/fi\/wp-json\/wp\/v2\/comments?post=38855"}],"wp:attachment":[{"href":"https:\/\/nordicmart.andreevmaster.com\/fi\/wp-json\/wp\/v2\/media?parent=38855"}],"wp:term":[{"taxonomy":"product_brand","embeddable":true,"href":"https:\/\/nordicmart.andreevmaster.com\/fi\/wp-json\/wp\/v2\/product_brand?post=38855"},{"taxonomy":"product_cat","embeddable":true,"href":"https:\/\/nordicmart.andreevmaster.com\/fi\/wp-json\/wp\/v2\/product_cat?post=38855"},{"taxonomy":"product_tag","embeddable":true,"href":"https:\/\/nordicmart.andreevmaster.com\/fi\/wp-json\/wp\/v2\/product_tag?post=38855"}],"curies":[{"name":"wp","href":"https:\/\/api.w.org\/{rel}","templated":true}]}}