{"id":38854,"date":"2026-02-27T00:46:25","date_gmt":"2026-02-27T00:46:25","guid":{"rendered":"https:\/\/nordicmart.andreevmaster.com\/product\/tatam-laatikko-70x140\/"},"modified":"2026-02-27T10:01:07","modified_gmt":"2026-02-27T10:01:07","slug":"tatam-laatikko-70x140","status":"publish","type":"product","link":"https:\/\/nordicmart.andreevmaster.com\/fi\/tuote\/tatam-laatikko-70x140\/","title":{"rendered":"Tatam-laatikko 70&#215;140"},"content":{"rendered":"<p>Laatikko pinnas\u00e4nkyyn 70&#215;140 <\/p>\n<p>Tuotteen ominaisuudet: <\/p>\n<p>&#8211; py\u00f6rill\u00e4 varustettu laatikko, jossa on kumirenkaat, turvallinen lattialle   <\/p>\n<p>&#8211; valmistettu eurooppalaisten standardien ja turvallisuusnormien mukaisesti <\/p>\n<p>Mitat (cm): <\/p>\n<p>&#8211; pituus: 139,7 <\/p>\n<p>&#8211; korkeus: 17,5 <\/p>\n<p>&#8211; leveys: 73 <\/p>\n<p>Huonekalujen valmistus ja viimeistely: <\/p>\n<p>&#8211; korkealaatuinen laminoitu levy, kest\u00e4\u00e4 vaurioita ja kosteutta, helppo pit\u00e4\u00e4 puhtaana <\/p>\n<p>V\u00e4ri:  <\/p>\n<p>&#8211; valkoinen <\/p>\n<p>K\u00e4ytt\u00f6ohjeet: <\/p>\n<p>Huonekalut tulee puhdistaa pehme\u00e4ll\u00e4, vedell\u00e4 tai huonekalujen hoitoaineella kostutetulla puuvillakankaalla. <\/p>\n<p>Kokoonpano: <\/p>\n<p>Huonekalut toimitetaan pakkauksissa, jotka on tarkoitettu itse koottaviksi. Pakkauksissa on mukana yksityiskohtaiset kokoonpano-ohjeet ja tarvittavat tarvikkeet.<\/p>\n","protected":false},"excerpt":{"rendered":"<p>Laatikko pinnas\u00e4nkyyn 70&#215;140 Tuotteen ominaisuudet: &#8211; py\u00f6rill\u00e4 varustettu laatikko, jossa on kumirenkaat, turvallinen lattialle &#8211; valmistettu eurooppalaisten standardien ja turvallisuusnormien mukaisesti Mitat (cm): &#8211; pituus: 139,7 &#8211; korkeus: 17,5 &#8211; leveys: 73 Huonekalujen valmistus ja viimeistely: &#8211; korkealaatuinen laminoitu levy, kest\u00e4\u00e4 vaurioita ja kosteutta, helppo pit\u00e4\u00e4 puhtaana V\u00e4ri: &#8211; valkoinen K\u00e4ytt\u00f6ohjeet: Huonekalut tulee puhdistaa pehme\u00e4ll\u00e4, [&hellip;]<\/p>\n","protected":false},"featured_media":0,"comment_status":"open","ping_status":"closed","template":"","meta":[],"product_brand":[],"product_cat":[32],"product_tag":[],"class_list":{"0":"post-38854","1":"product","2":"type-product","3":"status-publish","5":"product_cat-uncategorized-fi","7":"first","8":"instock","9":"shipping-taxable","10":"purchasable","11":"product-type-simple"},"_links":{"self":[{"href":"https:\/\/nordicmart.andreevmaster.com\/fi\/wp-json\/wp\/v2\/product\/38854","targetHints":{"allow":["GET"]}}],"collection":[{"href":"https:\/\/nordicmart.andreevmaster.com\/fi\/wp-json\/wp\/v2\/product"}],"about":[{"href":"https:\/\/nordicmart.andreevmaster.com\/fi\/wp-json\/wp\/v2\/types\/product"}],"replies":[{"embeddable":true,"href":"https:\/\/nordicmart.andreevmaster.com\/fi\/wp-json\/wp\/v2\/comments?post=38854"}],"wp:attachment":[{"href":"https:\/\/nordicmart.andreevmaster.com\/fi\/wp-json\/wp\/v2\/media?parent=38854"}],"wp:term":[{"taxonomy":"product_brand","embeddable":true,"href":"https:\/\/nordicmart.andreevmaster.com\/fi\/wp-json\/wp\/v2\/product_brand?post=38854"},{"taxonomy":"product_cat","embeddable":true,"href":"https:\/\/nordicmart.andreevmaster.com\/fi\/wp-json\/wp\/v2\/product_cat?post=38854"},{"taxonomy":"product_tag","embeddable":true,"href":"https:\/\/nordicmart.andreevmaster.com\/fi\/wp-json\/wp\/v2\/product_tag?post=38854"}],"curies":[{"name":"wp","href":"https:\/\/api.w.org\/{rel}","templated":true}]}}