{"id":38853,"date":"2026-02-27T00:46:24","date_gmt":"2026-02-27T00:46:24","guid":{"rendered":"https:\/\/nordicmart.andreevmaster.com\/product\/tatam-sanky-70x140\/"},"modified":"2026-02-27T10:01:07","modified_gmt":"2026-02-27T10:01:07","slug":"tatam-sanky-70x140","status":"publish","type":"product","link":"https:\/\/nordicmart.andreevmaster.com\/fi\/tuote\/tatam-sanky-70x140\/","title":{"rendered":"Tatam-s\u00e4nky 70&#215;140"},"content":{"rendered":"<p>S\u00e4nky 70&#215;140 <\/p>\n<p>T\u00e4rkeimm\u00e4t edut: &#8211; ekologiset \u00e4lykk\u00e4\u00e4t ratkaisut: ->voidaan muuttaa sohvaksi ->mahdollisuus muuttaa sohvaksi purkamalla kehykset ja tukipalkit ->sarjaan kuuluu kaksi suojakaidetta, jotka asennetaan s\u00e4ngyn muuttamisen yhteydess\u00e4 ja suojaavat lasta putoamasta s\u00e4ngyst\u00e4 unen aikana- kolme irrotettavaa askelmaa yhdess\u00e4 s\u00e4ngyn kehyksist\u00e4 helpottamaan s\u00e4nkyyn nousua ja sielt\u00e4 poistumista, <\/p>\n<p>&#8211; kolme lapsen kehitykseen mukautettavaa patjakehyksen tasoa (sijaitsevat 59,5\/45,5\/28 cm:n korkeudella lattiasta), <\/p>\n<p>&#8211; py\u00f6rill\u00e4 varustettu laatikko, jossa on k\u00e4yt\u00e4nn\u00f6lliset kuminauhat pinnan naarmuuntumisen est\u00e4miseksi (laatikko on lis\u00e4varuste \u2013 sen voi ostaa erikseen) <\/p>\n<p>&#8211; valmistettu eurooppalaisten turvallisuusstandardien ja -normien mukaisesti <\/p>\n<p>Mitat (cm): <\/p>\n<p>pituus: 147,5 <\/p>\n<p>leveys: 77,7 <\/p>\n<p>korkeus: 91,6 <\/p>\n<p>Lis\u00e4tietoja: <\/p>\n<p>&#8211; s\u00e4nkyyn voidaan asentaa patja <\/p>\n<p>&#8211; mitat: 140 cm x 70 cm <\/p>\n<p>&#8211; k\u00e4ytt\u00f6ik\u00e4: noin 6-vuotiaaksi asti. \u00a0 <\/p>\n<p>Suunnittelu ja viimeistely: <\/p>\n<p>&#8211; korkealaatuinen laminoitu levy, joka kest\u00e4\u00e4 vaurioita ja kosteutta ja on helppo pit\u00e4\u00e4 puhtaana. <\/p>\n<p>&#8211; m\u00e4ntypuuta (koska kyseess\u00e4 on luonnonmateriaali, materiaalin luontaiset v\u00e4rieroavaisuudet ovat mahdollisia), <\/p>\n<p>&#8211; py\u00f6kkipuuta, lakattu lapsille turvallisella valkoisella maalilla, <\/p>\n<p>&#8211; py\u00f6kkivaneria. \u00a0 <\/p>\n<p>V\u00e4ri: <\/p>\n<p>-valkoinen\/m\u00e4nty <\/p>\n<p>K\u00e4ytt\u00f6ohjeet: <\/p>\n<p>Huonekalut tulee puhdistaa pehme\u00e4ll\u00e4, vedell\u00e4 kostutetulla puuvillakankaalla tai huonekalujen hoitoon tarkoitetulla tuotteella. <\/p>\n<p>Kokoonpano: Huonekalut toimitetaan pakkauksissa, jotka on tarkoitettu itse koottaviksi. Pakkauksissa on mukana yksityiskohtaiset kokoonpano-ohjeet ja tarvittavat tarvikkeet.<\/p>\n","protected":false},"excerpt":{"rendered":"<p>S\u00e4nky 70&#215;140 T\u00e4rkeimm\u00e4t edut: &#8211; ekologiset \u00e4lykk\u00e4\u00e4t ratkaisut: ->voidaan muuttaa sohvaksi ->mahdollisuus muuttaa sohvaksi purkamalla kehykset ja tukipalkit ->sarjaan kuuluu kaksi suojakaidetta, jotka asennetaan s\u00e4ngyn muuttamisen yhteydess\u00e4 ja suojaavat lasta putoamasta s\u00e4ngyst\u00e4 unen aikana- kolme irrotettavaa askelmaa yhdess\u00e4 s\u00e4ngyn kehyksist\u00e4 helpottamaan s\u00e4nkyyn nousua ja sielt\u00e4 poistumista, &#8211; kolme lapsen kehitykseen mukautettavaa patjakehyksen tasoa (sijaitsevat 59,5\/45,5\/28 [&hellip;]<\/p>\n","protected":false},"featured_media":0,"comment_status":"open","ping_status":"closed","template":"","meta":[],"product_brand":[],"product_cat":[32],"product_tag":[],"class_list":{"0":"post-38853","1":"product","2":"type-product","3":"status-publish","5":"product_cat-uncategorized-fi","7":"first","8":"instock","9":"shipping-taxable","10":"purchasable","11":"product-type-simple"},"_links":{"self":[{"href":"https:\/\/nordicmart.andreevmaster.com\/fi\/wp-json\/wp\/v2\/product\/38853","targetHints":{"allow":["GET"]}}],"collection":[{"href":"https:\/\/nordicmart.andreevmaster.com\/fi\/wp-json\/wp\/v2\/product"}],"about":[{"href":"https:\/\/nordicmart.andreevmaster.com\/fi\/wp-json\/wp\/v2\/types\/product"}],"replies":[{"embeddable":true,"href":"https:\/\/nordicmart.andreevmaster.com\/fi\/wp-json\/wp\/v2\/comments?post=38853"}],"wp:attachment":[{"href":"https:\/\/nordicmart.andreevmaster.com\/fi\/wp-json\/wp\/v2\/media?parent=38853"}],"wp:term":[{"taxonomy":"product_brand","embeddable":true,"href":"https:\/\/nordicmart.andreevmaster.com\/fi\/wp-json\/wp\/v2\/product_brand?post=38853"},{"taxonomy":"product_cat","embeddable":true,"href":"https:\/\/nordicmart.andreevmaster.com\/fi\/wp-json\/wp\/v2\/product_cat?post=38853"},{"taxonomy":"product_tag","embeddable":true,"href":"https:\/\/nordicmart.andreevmaster.com\/fi\/wp-json\/wp\/v2\/product_tag?post=38853"}],"curies":[{"name":"wp","href":"https:\/\/api.w.org\/{rel}","templated":true}]}}